{"id":729,"date":"2026-04-05T21:52:29","date_gmt":"2026-04-05T21:52:29","guid":{"rendered":"https:\/\/chicken-road.online\/en\/how-to-win-chicken-road\/"},"modified":"2026-04-05T21:52:29","modified_gmt":"2026-04-05T21:52:29","slug":"hur-man-vinner-kycklingvagen","status":"publish","type":"page","link":"https:\/\/chicken-road.online\/sv\/hur-man-vinner-kycklingvagen\/","title":{"rendered":"Hur man vinner p\u00e5 Chicken Road: Bepr\u00f6vad taktik fr\u00e5n spelare som sl\u00e5r huset"},"content":{"rendered":"<div data-elementor-type=\"wp-page\" data-elementor-id=\"729\" class=\"elementor elementor-729 elementor-bc-flex-widget\" data-elementor-post-type=\"page\">\n\t\t\t\t<div class=\"elementor-element elementor-element-banner_h1hw e-flex e-con-boxed e-con e-parent\" data-id=\"banner_h1hw\" data-element_type=\"container\" data-e-type=\"container\" data-settings=\"{&quot;background_background&quot;:&quot;classic&quot;}\">\n\t\t\t\t\t<div class=\"e-con-inner\">\n\t\t\t\t<div class=\"elementor-element elementor-element-h1hw elementor-widget elementor-widget-heading\" data-id=\"h1hw\" data-element_type=\"widget\" data-e-type=\"widget\" data-widget_type=\"heading.default\">\n\t\t\t\t<div class=\"elementor-widget-container\">\n\t\t\t\t\t<h1 class=\"elementor-heading-title elementor-size-default\">Hur man vinner p\u00e5 Chicken Road<\/h1>\t\t\t\t<\/div>\n\t\t\t\t<\/div>\n\t\t\t\t<div class=\"elementor-element elementor-element-subhw elementor-widget elementor-widget-heading\" data-id=\"subhw\" data-element_type=\"widget\" data-e-type=\"widget\" data-widget_type=\"heading.default\">\n\t\t\t\t<div class=\"elementor-widget-container\">\n\t\t\t\t\t<h2 class=\"elementor-heading-title elementor-size-default\">Bepr\u00f6vad taktik fr\u00e5n spelare som sl\u00e5r huset<\/h2>\t\t\t\t<\/div>\n\t\t\t\t<\/div>\n\t\t\t\t\t<\/div>\n\t\t\t\t<\/div>\n\t\t<div class=\"elementor-element elementor-element-content_thw_intro e-flex e-con-boxed e-con e-parent\" data-id=\"content_thw_intro\" data-element_type=\"container\" data-e-type=\"container\">\n\t\t\t\t\t<div class=\"e-con-inner\">\n\t\t\t\t<div class=\"elementor-element elementor-element-thw_intro elementor-widget elementor-widget-text-editor\" data-id=\"thw_intro\" data-element_type=\"widget\" data-e-type=\"widget\" data-widget_type=\"text-editor.default\">\n\t\t\t\t<div class=\"elementor-widget-container\">\n\t\t\t\t\t\t\t\t\t<p>Att konsekvent vinna p\u00e5 Chicken Road handlar inte om tur - det handlar om att fatta b\u00e4ttre beslut \u00e4n den genomsnittliga spelaren p\u00e5 varje enskild runda.<\/p>\t\t\t\t\t\t\t\t<\/div>\n\t\t\t\t<\/div>\n\t\t\t\t<div class=\"elementor-element elementor-element-h2hw1 elementor-widget elementor-widget-heading\" data-id=\"h2hw1\" data-element_type=\"widget\" data-e-type=\"widget\" data-widget_type=\"heading.default\">\n\t\t\t\t<div class=\"elementor-widget-container\">\n\t\t\t\t\t<h2 class=\"elementor-heading-title elementor-size-default\">Den grundl\u00e4ggande sanningen<\/h2>\t\t\t\t<\/div>\n\t\t\t\t<\/div>\n\t\t\t\t<div class=\"elementor-element elementor-element-thw1 elementor-widget elementor-widget-text-editor\" data-id=\"thw1\" data-element_type=\"widget\" data-e-type=\"widget\" data-widget_type=\"text-editor.default\">\n\t\t\t\t<div class=\"elementor-widget-container\">\n\t\t\t\t\t\t\t\t\t<p>98% RTP inneb\u00e4r att f\u00f6r varje 100 satsade \u00e5terv\u00e4nder 98 till spelare i genomsnitt. Husets f\u00f6rdel \u00e4r bara 2% - utomordentligt l\u00e5g. Korta sessioner kan absolut sluta med vinst. Disciplin under m\u00e5nga sessioner sl\u00e5r lyckliga eng\u00e5ngsf\u00f6reteelser.<\/p>\t\t\t\t\t\t\t\t<\/div>\n\t\t\t\t<\/div>\n\t\t\t\t<div class=\"elementor-element elementor-element-h2hw2 elementor-widget elementor-widget-heading\" data-id=\"h2hw2\" data-element_type=\"widget\" data-e-type=\"widget\" data-widget_type=\"heading.default\">\n\t\t\t\t<div class=\"elementor-widget-container\">\n\t\t\t\t\t<h2 class=\"elementor-heading-title elementor-size-default\">Taktik 1: Engagemang f\u00f6re omg\u00e5ngen<\/h2>\t\t\t\t<\/div>\n\t\t\t\t<\/div>\n\t\t\t\t<div class=\"elementor-element elementor-element-thw2 elementor-widget elementor-widget-text-editor\" data-id=\"thw2\" data-element_type=\"widget\" data-e-type=\"widget\" data-widget_type=\"text-editor.default\">\n\t\t\t\t<div class=\"elementor-widget-container\">\n\t\t\t\t\t\t\t\t\t<p>F\u00f6re varje runda ska du best\u00e4mma ditt uttagssteg. S\u00e4g det h\u00f6gt: Jag tar ut pengar vid steg 7. G\u00f6r det sedan. Det st\u00f6rsta f\u00f6rlustm\u00f6nstret: att ha f\u00f6r avsikt att ta ut pengar i steg 6 men g\u00e5 l\u00e4ngre f\u00f6r att det k\u00e4nns s\u00e4kert. Att best\u00e4mma sig f\u00f6re varje rond eliminerar detta helt och h\u00e5llet.<\/p>\t\t\t\t\t\t\t\t<\/div>\n\t\t\t\t<\/div>\n\t\t\t\t<div class=\"elementor-element elementor-element-h2hw3 elementor-widget elementor-widget-heading\" data-id=\"h2hw3\" data-element_type=\"widget\" data-e-type=\"widget\" data-widget_type=\"heading.default\">\n\t\t\t\t<div class=\"elementor-widget-container\">\n\t\t\t\t\t<h2 class=\"elementor-heading-title elementor-size-default\">Taktik 2: Anpassa sv\u00e5righetsgraden till ditt m\u00e5l<\/h2>\t\t\t\t<\/div>\n\t\t\t\t<\/div>\n\t\t\t\t<div class=\"elementor-element elementor-element-thw3 elementor-widget elementor-widget-text-editor\" data-id=\"thw3\" data-element_type=\"widget\" data-e-type=\"widget\" data-widget_type=\"text-editor.default\">\n\t\t\t\t<div class=\"elementor-widget-container\">\n\t\t\t\t\t\t\t\t\t<p>Konsekventa sm\u00e5 vinster: Enkelt, steg 5-8, multiplikator x2-x5.<br>Balanserad risk\/avkastning: Medel, steg 8-12, x10-x100.<br>Enstaka stora vinster: Sv\u00e5rt, steg 10-15, x100-x5.000.<br>Extrem varians: Hardcore, steg 8-12, x1 000+.<\/p>\t\t\t\t\t\t\t\t<\/div>\n\t\t\t\t<\/div>\n\t\t\t\t<div class=\"elementor-element elementor-element-h2hw4 elementor-widget elementor-widget-heading\" data-id=\"h2hw4\" data-element_type=\"widget\" data-e-type=\"widget\" data-widget_type=\"heading.default\">\n\t\t\t\t<div class=\"elementor-widget-container\">\n\t\t\t\t\t<h2 class=\"elementor-heading-title elementor-size-default\">Taktik 3: Uppdelning av sessionen<\/h2>\t\t\t\t<\/div>\n\t\t\t\t<\/div>\n\t\t\t\t<div class=\"elementor-element elementor-element-thw4 elementor-widget elementor-widget-text-editor\" data-id=\"thw4\" data-element_type=\"widget\" data-e-type=\"widget\" data-widget_type=\"text-editor.default\">\n\t\t\t\t<div class=\"elementor-widget-container\">\n\t\t\t\t\t\t\t\t\t<p>Spela aldrig hela din budget p\u00e5 en sv\u00e5righet: 70% p\u00e5 din grundsv\u00e5righet (konservativt), 20% en niv\u00e5 h\u00f6gre (ibland st\u00f6rre sv\u00e4ngningar), 10% reserv (anv\u00e4nds endast om du redan har vinst).<\/p>\t\t\t\t\t\t\t\t<\/div>\n\t\t\t\t<\/div>\n\t\t\t\t<div class=\"elementor-element elementor-element-h2hw5 elementor-widget elementor-widget-heading\" data-id=\"h2hw5\" data-element_type=\"widget\" data-e-type=\"widget\" data-widget_type=\"heading.default\">\n\t\t\t\t<div class=\"elementor-widget-container\">\n\t\t\t\t\t<h2 class=\"elementor-heading-title elementor-size-default\">Taktik 4, 5 och 6<\/h2>\t\t\t\t<\/div>\n\t\t\t\t<\/div>\n\t\t\t\t<div class=\"elementor-element elementor-element-thw5 elementor-widget elementor-widget-text-editor\" data-id=\"thw5\" data-element_type=\"widget\" data-e-type=\"widget\" data-widget_type=\"text-editor.default\">\n\t\t\t\t<div class=\"elementor-widget-container\">\n\t\t\t\t\t\t\t\t\t<p><strong>Streak-regel:<\/strong> Efter 3 f\u00f6rluster i rad p\u00e5 samma sv\u00e5righetsgrad, g\u00e5 ner en niv\u00e5 under de kommande 5 omg\u00e5ngarna. Varianshantering, inte vidskepelse.<\/p><p><strong>Sp\u00e5ra dina sessioner:<\/strong> Enkel logg: datum, sv\u00e5righet, resultat. De flesta spelare uppt\u00e4cker att deras d\u00e5liga sessioner delar ett m\u00f6nster - vanligtvis en specifik sv\u00e5righet som konsekvent underpresterar f\u00f6r dem.<\/p><p><strong>Demo f\u00f6rst:<\/strong> Innan du testar n\u00e5gon ny strategi med riktiga pengar, k\u00f6r 50 demo-rundor. Om din strategi \u00f6verlever 35 eller fler \u00e4r det v\u00e4rt att testa med sm\u00e5 riktiga satsningar.<\/p>\t\t\t\t\t\t\t\t<\/div>\n\t\t\t\t<\/div>\n\t\t\t\t<div class=\"elementor-element elementor-element-h2hw6 elementor-widget elementor-widget-heading\" data-id=\"h2hw6\" data-element_type=\"widget\" data-e-type=\"widget\" data-widget_type=\"heading.default\">\n\t\t\t\t<div class=\"elementor-widget-container\">\n\t\t\t\t\t<h2 class=\"elementor-heading-title elementor-size-default\">Vinnare mot f\u00f6rlorare: Den enda skillnaden<\/h2>\t\t\t\t<\/div>\n\t\t\t\t<\/div>\n\t\t\t\t<div class=\"elementor-element elementor-element-thw6 elementor-widget elementor-widget-text-editor\" data-id=\"thw6\" data-element_type=\"widget\" data-e-type=\"widget\" data-widget_type=\"text-editor.default\">\n\t\t\t\t<div class=\"elementor-widget-container\">\n\t\t\t\t\t\t\t\t\t<p>Vinnare: S\u00e4tt upp utg\u00e5ngsregler f\u00f6re varje runda, h\u00e5ll dig till sv\u00e5righetsgraden, f\u00f6lj upp resultaten.<br>F\u00f6rlorare: avg\u00f6rs i mitten av omg\u00e5ngen, jagar f\u00f6rluster, hoppar till Hardcore vid f\u00f6rlust.<br>Spelet \u00e4r r\u00e4ttvist. Skillnaden ligger helt och h\u00e5llet i hur du spelar det.<\/p>\t\t\t\t\t\t\t\t<\/div>\n\t\t\t\t<\/div>\n\t\t\t\t<div class=\"elementor-element elementor-element-thw_cta elementor-widget elementor-widget-text-editor\" data-id=\"thw_cta\" data-element_type=\"widget\" data-e-type=\"widget\" data-widget_type=\"text-editor.default\">\n\t\t\t\t<div class=\"elementor-widget-container\">\n\t\t\t\t\t\t\t\t\t<p><a href=\"https:\/\/chicken-road.online\/sv\/\"><strong>Till\u00e4mpa dessa taktiker i den kostnadsfria Chicken Road-demonstrationen - b\u00f6rja nu<\/strong><\/a><\/p>\t\t\t\t\t\t\t\t<\/div>\n\t\t\t\t<\/div>\n\t\t\t\t\t<\/div>\n\t\t\t\t<\/div>\n\t\t\t\t<\/div>","protected":false},"excerpt":{"rendered":"<p>6 bepr\u00f6vade taktiker f\u00f6r att vinna p\u00e5 Chicken Road fr\u00e5n erfarna spelare.<\/p>","protected":false},"author":3,"featured_media":0,"parent":0,"menu_order":0,"comment_status":"closed","ping_status":"closed","template":"","meta":{"footnotes":""},"class_list":["post-729","page","type-page","status-publish","hentry"],"_links":{"self":[{"href":"https:\/\/chicken-road.online\/sv\/wp-json\/wp\/v2\/pages\/729","targetHints":{"allow":["GET"]}}],"collection":[{"href":"https:\/\/chicken-road.online\/sv\/wp-json\/wp\/v2\/pages"}],"about":[{"href":"https:\/\/chicken-road.online\/sv\/wp-json\/wp\/v2\/types\/page"}],"author":[{"embeddable":true,"href":"https:\/\/chicken-road.online\/sv\/wp-json\/wp\/v2\/users\/3"}],"replies":[{"embeddable":true,"href":"https:\/\/chicken-road.online\/sv\/wp-json\/wp\/v2\/comments?post=729"}],"version-history":[{"count":0,"href":"https:\/\/chicken-road.online\/sv\/wp-json\/wp\/v2\/pages\/729\/revisions"}],"wp:attachment":[{"href":"https:\/\/chicken-road.online\/sv\/wp-json\/wp\/v2\/media?parent=729"}],"curies":[{"name":"wp","href":"https:\/\/api.w.org\/{rel}","templated":true}]}}