{"id":728,"date":"2026-04-05T21:52:27","date_gmt":"2026-04-05T21:52:27","guid":{"rendered":"https:\/\/chicken-road.online\/en\/chicken-road-big-win\/"},"modified":"2026-04-05T21:52:27","modified_gmt":"2026-04-05T21:52:27","slug":"kycklingvagen-stor-vinst","status":"publish","type":"page","link":"https:\/\/chicken-road.online\/sv\/kycklingvagen-stor-vinst\/","title":{"rendered":"Chicken Road Stor vinst: Verkliga historier, maxmultiplikatorer och hur man jagar dem"},"content":{"rendered":"<div data-elementor-type=\"wp-page\" data-elementor-id=\"728\" class=\"elementor elementor-728 elementor-bc-flex-widget\" data-elementor-post-type=\"page\">\n\t\t\t\t<div class=\"elementor-element elementor-element-banner_h1bw e-flex e-con-boxed e-con e-parent\" data-id=\"banner_h1bw\" data-element_type=\"container\" data-e-type=\"container\" data-settings=\"{&quot;background_background&quot;:&quot;classic&quot;}\">\n\t\t\t\t\t<div class=\"e-con-inner\">\n\t\t\t\t<div class=\"elementor-element elementor-element-h1bw elementor-widget elementor-widget-heading\" data-id=\"h1bw\" data-element_type=\"widget\" data-e-type=\"widget\" data-widget_type=\"heading.default\">\n\t\t\t\t<div class=\"elementor-widget-container\">\n\t\t\t\t\t<h1 class=\"elementor-heading-title elementor-size-default\">Stor vinst p\u00e5 Chicken Road<\/h1>\t\t\t\t<\/div>\n\t\t\t\t<\/div>\n\t\t\t\t<div class=\"elementor-element elementor-element-subbw elementor-widget elementor-widget-heading\" data-id=\"subbw\" data-element_type=\"widget\" data-e-type=\"widget\" data-widget_type=\"heading.default\">\n\t\t\t\t<div class=\"elementor-widget-container\">\n\t\t\t\t\t<h2 class=\"elementor-heading-title elementor-size-default\">Verkliga ber\u00e4ttelser, maxmultiplikatorer och hur man jagar dem<\/h2>\t\t\t\t<\/div>\n\t\t\t\t<\/div>\n\t\t\t\t\t<\/div>\n\t\t\t\t<\/div>\n\t\t<div class=\"elementor-element elementor-element-content_tbw_intro e-flex e-con-boxed e-con e-parent\" data-id=\"content_tbw_intro\" data-element_type=\"container\" data-e-type=\"container\">\n\t\t\t\t\t<div class=\"e-con-inner\">\n\t\t\t\t<div class=\"elementor-element elementor-element-tbw_intro elementor-widget elementor-widget-text-editor\" data-id=\"tbw_intro\" data-element_type=\"widget\" data-e-type=\"widget\" data-widget_type=\"text-editor.default\">\n\t\t\t\t<div class=\"elementor-widget-container\">\n\t\t\t\t\t\t\t\t\t<p>Den maximala multiplikatorn f\u00f6r Hardcore i Chicken Road \u00e4r x3 203 384. P\u00e5 en 1-satsning - \u00f6ver 3 miljoner. Att f\u00f6rst\u00e5 potentialen f\u00f6r storvinster hj\u00e4lper dig att spela smartare, inte bara st\u00f6rre.<\/p>\t\t\t\t\t\t\t\t<\/div>\n\t\t\t\t<\/div>\n\t\t\t\t<div class=\"elementor-element elementor-element-h2bw1 elementor-widget elementor-widget-heading\" data-id=\"h2bw1\" data-element_type=\"widget\" data-e-type=\"widget\" data-widget_type=\"heading.default\">\n\t\t\t\t<div class=\"elementor-widget-container\">\n\t\t\t\t\t<h2 class=\"elementor-heading-title elementor-size-default\">Historier om verkliga stora vinster<\/h2>\t\t\t\t<\/div>\n\t\t\t\t<\/div>\n\t\t\t\t<div class=\"elementor-element elementor-element-tbw1 elementor-widget elementor-widget-text-editor\" data-id=\"tbw1\" data-element_type=\"widget\" data-e-type=\"widget\" data-widget_type=\"text-editor.default\">\n\t\t\t\t<div class=\"elementor-widget-container\">\n\t\t\t\t\t\t\t\t\t<p><strong>x4.800 Hardcore-sessionen<\/strong><br>En spelare p\u00e5 ett 1win-forum rapporterade att han slog x4 800 p\u00e5 Hardcore med en 2-insats - en avkastning p\u00e5 9 600 i en omg\u00e5ng. Hans n\u00e4sta 40 Hardcore-rundor var f\u00f6rluster. Bed\u00f6mning: Jag flyttade tillbaka till Hard efter det.<\/p><p><strong>Patienten Medium Grind<\/strong><br>En spelare dokumenterade 200 vinst \u00f6ver 3 timmar p\u00e5 Medium - utbetalning mellan steg 8-12. Ingen enda massiv vinst, men 40+ framg\u00e5ngsrika rundor i genomsnitt 5 vardera. Tr\u00e5kigt att titta p\u00e5. Men min bankrulle ljuger inte.<\/p>\t\t\t\t\t\t\t\t<\/div>\n\t\t\t\t<\/div>\n\t\t\t\t<div class=\"elementor-element elementor-element-h2bw2 elementor-widget elementor-widget-heading\" data-id=\"h2bw2\" data-element_type=\"widget\" data-e-type=\"widget\" data-widget_type=\"heading.default\">\n\t\t\t\t<div class=\"elementor-widget-container\">\n\t\t\t\t\t<h2 class=\"elementor-heading-title elementor-size-default\">Maximal vinstpotential per sv\u00e5righetsgrad<\/h2>\t\t\t\t<\/div>\n\t\t\t\t<\/div>\n\t\t\t\t<div class=\"elementor-element elementor-element-tbw2 elementor-widget elementor-widget-text-editor\" data-id=\"tbw2\" data-element_type=\"widget\" data-e-type=\"widget\" data-widget_type=\"text-editor.default\">\n\t\t\t\t<div class=\"elementor-widget-container\">\n\t\t\t\t\t\t\t\t\t<p><strong>Ta det lugnt:<\/strong> max x24,5 - realistiskt, uppn\u00e5eligt.<br><strong>Medium:<\/strong> max x2,254 - s\u00e4llsynt men h\u00e4nder.<br><strong>H\u00e5rt:<\/strong> max x52.067 - mycket s\u00e4llsynt.<br><strong>Hardcore:<\/strong> max x3,203,384 - teoretiskt maximum.<\/p>\t\t\t\t\t\t\t\t<\/div>\n\t\t\t\t<\/div>\n\t\t\t\t<div class=\"elementor-element elementor-element-h2bw3 elementor-widget elementor-widget-heading\" data-id=\"h2bw3\" data-element_type=\"widget\" data-e-type=\"widget\" data-widget_type=\"heading.default\">\n\t\t\t\t<div class=\"elementor-widget-container\">\n\t\t\t\t\t<h2 class=\"elementor-heading-title elementor-size-default\">Hur man jagar stora vinster utan att bli pank<\/h2>\t\t\t\t<\/div>\n\t\t\t\t<\/div>\n\t\t\t\t<div class=\"elementor-element elementor-element-tbw3 elementor-widget elementor-widget-text-editor\" data-id=\"tbw3\" data-element_type=\"widget\" data-e-type=\"widget\" data-widget_type=\"text-editor.default\">\n\t\t\t\t<div class=\"elementor-widget-container\">\n\t\t\t\t\t\t\t\t\t<p>Dela upp din sessionsbudget i niv\u00e5er. Med 100 budgetar: 60 p\u00e5 Easy (konservativ bas), 30 p\u00e5 Medium (m\u00e5l x100-x500), 10 p\u00e5 Hard (din lotteribudget). Detta h\u00e5ller dig kvar i spelet tillr\u00e4ckligt l\u00e4nge f\u00f6r att en storvinst ska kunna ske.<\/p>\t\t\t\t\t\t\t\t<\/div>\n\t\t\t\t<\/div>\n\t\t\t\t<div class=\"elementor-element elementor-element-h2bw4 elementor-widget elementor-widget-heading\" data-id=\"h2bw4\" data-element_type=\"widget\" data-e-type=\"widget\" data-widget_type=\"heading.default\">\n\t\t\t\t<div class=\"elementor-widget-container\">\n\t\t\t\t\t<h2 class=\"elementor-heading-title elementor-size-default\">R\u00e4tt tankes\u00e4tt<\/h2>\t\t\t\t<\/div>\n\t\t\t\t<\/div>\n\t\t\t\t<div class=\"elementor-element elementor-element-tbw4 elementor-widget elementor-widget-text-editor\" data-id=\"tbw4\" data-element_type=\"widget\" data-e-type=\"widget\" data-widget_type=\"text-editor.default\">\n\t\t\t\t<div class=\"elementor-widget-container\">\n\t\t\t\t\t\t\t\t\t<p>Spelare som vinner stora vinster behandlar dem som bonusar, inte som m\u00e5l. De spelar f\u00f6r upplevelsen, hanterar bankrullen noggrant och l\u00e5ter variansen fungera \u00f6ver tiden. N\u00e4r en multiplikator p\u00e5 x2 000 landar, landar den bara f\u00f6r spelare som fortfarande spelade.<\/p>\t\t\t\t\t\t\t\t<\/div>\n\t\t\t\t<\/div>\n\t\t\t\t<div class=\"elementor-element elementor-element-tbw_cta elementor-widget elementor-widget-text-editor\" data-id=\"tbw_cta\" data-element_type=\"widget\" data-e-type=\"widget\" data-widget_type=\"text-editor.default\">\n\t\t\t\t<div class=\"elementor-widget-container\">\n\t\t\t\t\t\t\t\t\t<p><a href=\"https:\/\/chicken-road.online\/sv\/\"><strong>B\u00f6rja med gratisdemonstrationen - ingen risk, all mekanik<\/strong><\/a><\/p>\t\t\t\t\t\t\t\t<\/div>\n\t\t\t\t<\/div>\n\t\t\t\t\t<\/div>\n\t\t\t\t<\/div>\n\t\t\t\t<\/div>","protected":false},"excerpt":{"rendered":"<p>Real Chicken Road stora vinsthistorier och taktik f\u00f6r att jaga h\u00f6ga multiplikatorer.<\/p>","protected":false},"author":3,"featured_media":0,"parent":0,"menu_order":0,"comment_status":"closed","ping_status":"closed","template":"","meta":{"footnotes":""},"class_list":["post-728","page","type-page","status-publish","hentry"],"_links":{"self":[{"href":"https:\/\/chicken-road.online\/sv\/wp-json\/wp\/v2\/pages\/728","targetHints":{"allow":["GET"]}}],"collection":[{"href":"https:\/\/chicken-road.online\/sv\/wp-json\/wp\/v2\/pages"}],"about":[{"href":"https:\/\/chicken-road.online\/sv\/wp-json\/wp\/v2\/types\/page"}],"author":[{"embeddable":true,"href":"https:\/\/chicken-road.online\/sv\/wp-json\/wp\/v2\/users\/3"}],"replies":[{"embeddable":true,"href":"https:\/\/chicken-road.online\/sv\/wp-json\/wp\/v2\/comments?post=728"}],"version-history":[{"count":0,"href":"https:\/\/chicken-road.online\/sv\/wp-json\/wp\/v2\/pages\/728\/revisions"}],"wp:attachment":[{"href":"https:\/\/chicken-road.online\/sv\/wp-json\/wp\/v2\/media?parent=728"}],"curies":[{"name":"wp","href":"https:\/\/api.w.org\/{rel}","templated":true}]}}