{"id":727,"date":"2026-04-05T21:52:25","date_gmt":"2026-04-05T21:52:25","guid":{"rendered":"https:\/\/chicken-road.online\/en\/chicken-road-hack-predictor\/"},"modified":"2026-04-05T21:52:25","modified_gmt":"2026-04-05T21:52:25","slug":"kyckling-vag-hacka-predictor","status":"publish","type":"page","link":"https:\/\/chicken-road.online\/sv\/kyckling-vag-hacka-predictor\/","title":{"rendered":"Chicken Road Hack och Predictor: Sanningen (och vad som faktiskt fungerar)"},"content":{"rendered":"<div data-elementor-type=\"wp-page\" data-elementor-id=\"727\" class=\"elementor elementor-727 elementor-bc-flex-widget\" data-elementor-post-type=\"page\">\n\t\t\t\t<div class=\"elementor-element elementor-element-banner_h1hk e-flex e-con-boxed e-con e-parent\" data-id=\"banner_h1hk\" data-element_type=\"container\" data-e-type=\"container\" data-settings=\"{&quot;background_background&quot;:&quot;classic&quot;}\">\n\t\t\t\t\t<div class=\"e-con-inner\">\n\t\t\t\t<div class=\"elementor-element elementor-element-h1hk elementor-widget elementor-widget-heading\" data-id=\"h1hk\" data-element_type=\"widget\" data-e-type=\"widget\" data-widget_type=\"heading.default\">\n\t\t\t\t<div class=\"elementor-widget-container\">\n\t\t\t\t\t<h1 class=\"elementor-heading-title elementor-size-default\">Chicken Road Hack och Predictor<\/h1>\t\t\t\t<\/div>\n\t\t\t\t<\/div>\n\t\t\t\t<div class=\"elementor-element elementor-element-subhk elementor-widget elementor-widget-heading\" data-id=\"subhk\" data-element_type=\"widget\" data-e-type=\"widget\" data-widget_type=\"heading.default\">\n\t\t\t\t<div class=\"elementor-widget-container\">\n\t\t\t\t\t<h2 class=\"elementor-heading-title elementor-size-default\">Sanningen - och vad som faktiskt fungerar<\/h2>\t\t\t\t<\/div>\n\t\t\t\t<\/div>\n\t\t\t\t\t<\/div>\n\t\t\t\t<\/div>\n\t\t<div class=\"elementor-element elementor-element-content_thk_intro e-flex e-con-boxed e-con e-parent\" data-id=\"content_thk_intro\" data-element_type=\"container\" data-e-type=\"container\">\n\t\t\t\t\t<div class=\"e-con-inner\">\n\t\t\t\t<div class=\"elementor-element elementor-element-thk_intro elementor-widget elementor-widget-text-editor\" data-id=\"thk_intro\" data-element_type=\"widget\" data-e-type=\"widget\" data-widget_type=\"text-editor.default\">\n\t\t\t\t<div class=\"elementor-widget-container\">\n\t\t\t\t\t\t\t\t\t<p>Det finns inget Chicken Road-hack. Ingen prediktor, ingen signalapp, ingen bot som ber\u00e4ttar var n\u00e4sta f\u00e4lla kommer att vara. Den som s\u00e4ljer en s\u00e5dan tar dina pengar eller din data.<\/p><p>Vad som faktiskt \u00e4r intressant: du beh\u00f6ver inte ett hack f\u00f6r att vinna konsekvent. RTP p\u00e5 98% och det bevisligen r\u00e4ttvisa systemet ger dig redan b\u00e4ttre odds \u00e4n n\u00e4stan alla andra kasinospel.<\/p>\t\t\t\t\t\t\t\t<\/div>\n\t\t\t\t<\/div>\n\t\t\t\t<div class=\"elementor-element elementor-element-h2hk1 elementor-widget elementor-widget-heading\" data-id=\"h2hk1\" data-element_type=\"widget\" data-e-type=\"widget\" data-widget_type=\"heading.default\">\n\t\t\t\t<div class=\"elementor-widget-container\">\n\t\t\t\t\t<h2 class=\"elementor-heading-title elementor-size-default\">Varf\u00f6r prediktorer inte fungerar<\/h2>\t\t\t\t<\/div>\n\t\t\t\t<\/div>\n\t\t\t\t<div class=\"elementor-element elementor-element-thk1 elementor-widget elementor-widget-text-editor\" data-id=\"thk1\" data-element_type=\"widget\" data-e-type=\"widget\" data-widget_type=\"text-editor.default\">\n\t\t\t\t<div class=\"elementor-widget-container\">\n\t\t\t\t\t\t\t\t\t<p>Chicken Road anv\u00e4nder kryptografisk teknik som \u00e4r bevisligen r\u00e4ttvis. Varje rundas resultat genereras med hj\u00e4lp av ett serverfr\u00f6 + spelarfr\u00f6 + nonce. Resultatet best\u00e4ms innan rundan startar. Ingen kan \u00e4ndra det efter att insatserna har placerats. F\u00f6ruts\u00e4gelser som g\u00f6r anspr\u00e5k p\u00e5 att l\u00e4sa framtida resultat \u00e4r matematiskt om\u00f6jliga.<\/p>\t\t\t\t\t\t\t\t<\/div>\n\t\t\t\t<\/div>\n\t\t\t\t<div class=\"elementor-element elementor-element-h2hk2 elementor-widget elementor-widget-heading\" data-id=\"h2hk2\" data-element_type=\"widget\" data-e-type=\"widget\" data-widget_type=\"heading.default\">\n\t\t\t\t<div class=\"elementor-widget-container\">\n\t\t\t\t\t<h2 class=\"elementor-heading-title elementor-size-default\">Hur man uppt\u00e4cker en bluff<\/h2>\t\t\t\t<\/div>\n\t\t\t\t<\/div>\n\t\t\t\t<div class=\"elementor-element elementor-element-thk2 elementor-widget elementor-widget-text-editor\" data-id=\"thk2\" data-element_type=\"widget\" data-e-type=\"widget\" data-widget_type=\"text-editor.default\">\n\t\t\t\t<div class=\"elementor-widget-container\">\n\t\t\t\t\t\t\t\t\t<p>Ber om dina inloggningsuppgifter till kasinot. Kr\u00e4ver betalning f\u00f6r att l\u00e5sa upp signaler. H\u00e4vdar vinstniv\u00e5er p\u00e5 80-95% - statistiskt om\u00f6jligt. V\u00e4rd p\u00e5 Telegram utan verifierbart \u00e4gande. H\u00e4vdar att hacka RNG - om\u00f6jligt fr\u00e5n utsidan.<\/p>\t\t\t\t\t\t\t\t<\/div>\n\t\t\t\t<\/div>\n\t\t\t\t<div class=\"elementor-element elementor-element-h2hk3 elementor-widget elementor-widget-heading\" data-id=\"h2hk3\" data-element_type=\"widget\" data-e-type=\"widget\" data-widget_type=\"heading.default\">\n\t\t\t\t<div class=\"elementor-widget-container\">\n\t\t\t\t\t<h2 class=\"elementor-heading-title elementor-size-default\">Vad erfarna spelare faktiskt anv\u00e4nder<\/h2>\t\t\t\t<\/div>\n\t\t\t\t<\/div>\n\t\t\t\t<div class=\"elementor-element elementor-element-thk3 elementor-widget elementor-widget-text-editor\" data-id=\"thk3\" data-element_type=\"widget\" data-e-type=\"widget\" data-widget_type=\"text-editor.default\">\n\t\t\t\t<div class=\"elementor-widget-container\">\n\t\t\t\t\t\t\t\t\t<p><strong>Fast utg\u00e5ngspunkt<\/strong> - best\u00e4m ditt uttagningssteg f\u00f6re rundan. De mest konsekventa vinnarna tar ut pengar i steg 4-7 p\u00e5 Easy, vilket g\u00f6r att de sm\u00e5 vinsterna \u00f6kar under m\u00e5nga rundor.<\/p><p><strong>Regler f\u00f6r sessionens bankrulle<\/strong> - s\u00e4tt en h\u00e5rd sessionsgr\u00e4ns innan du \u00f6ppnar spelet. 50 budget = stopp vid 25 f\u00f6rlust eller 80 vinst. Inga undantag. Detta skyddar mer pengar \u00e4n n\u00e5got hack n\u00e5gonsin kan g\u00f6ra.<\/p><p><strong>Bevisligen r\u00e4ttvis verifiering<\/strong> - kan du verifiera varje enskild omg\u00e5ng. Anv\u00e4nd detta f\u00f6r att bygga upp f\u00f6rtroendet f\u00f6r spelet.<\/p>\t\t\t\t\t\t\t\t<\/div>\n\t\t\t\t<\/div>\n\t\t\t\t<div class=\"elementor-element elementor-element-h2hk4 elementor-widget elementor-widget-heading\" data-id=\"h2hk4\" data-element_type=\"widget\" data-e-type=\"widget\" data-widget_type=\"heading.default\">\n\t\t\t\t<div class=\"elementor-widget-container\">\n\t\t\t\t\t<h2 class=\"elementor-heading-title elementor-size-default\">Slutsatsen<\/h2>\t\t\t\t<\/div>\n\t\t\t\t<\/div>\n\t\t\t\t<div class=\"elementor-element elementor-element-thk4 elementor-widget elementor-widget-text-editor\" data-id=\"thk4\" data-element_type=\"widget\" data-e-type=\"widget\" data-widget_type=\"text-editor.default\">\n\t\t\t\t<div class=\"elementor-widget-container\">\n\t\t\t\t\t\t\t\t\t<p>Chicken Road beh\u00f6ver inte hackas. 98% RTP \u00e4r redan bland de b\u00e4sta i alla kasinospel. F\u00f6rdelen kommer fr\u00e5n smart spel. Spelare som f\u00f6rst\u00e5r sannolikhet och hanterar sin bankrulle \u00f6vertr\u00e4ffar konsekvent hackchasers. Varje g\u00e5ng.<\/p>\t\t\t\t\t\t\t\t<\/div>\n\t\t\t\t<\/div>\n\t\t\t\t<div class=\"elementor-element elementor-element-thk_cta elementor-widget elementor-widget-text-editor\" data-id=\"thk_cta\" data-element_type=\"widget\" data-e-type=\"widget\" data-widget_type=\"text-editor.default\">\n\t\t\t\t<div class=\"elementor-widget-container\">\n\t\t\t\t\t\t\t\t\t<p><a href=\"https:\/\/chicken-road.online\/sv\/\"><strong>\u00d6va p\u00e5 riktig strategi med den kostnadsfria Chicken Road-demonstrationen<\/strong><\/a><\/p>\t\t\t\t\t\t\t\t<\/div>\n\t\t\t\t<\/div>\n\t\t\t\t\t<\/div>\n\t\t\t\t<\/div>\n\t\t\t\t<\/div>","protected":false},"excerpt":{"rendered":"<p>The truth about Chicken Road hacks and predictors &#8211; and real strategies that do work.<\/p>","protected":false},"author":3,"featured_media":0,"parent":0,"menu_order":0,"comment_status":"closed","ping_status":"closed","template":"","meta":{"footnotes":""},"class_list":["post-727","page","type-page","status-publish","hentry"],"_links":{"self":[{"href":"https:\/\/chicken-road.online\/sv\/wp-json\/wp\/v2\/pages\/727","targetHints":{"allow":["GET"]}}],"collection":[{"href":"https:\/\/chicken-road.online\/sv\/wp-json\/wp\/v2\/pages"}],"about":[{"href":"https:\/\/chicken-road.online\/sv\/wp-json\/wp\/v2\/types\/page"}],"author":[{"embeddable":true,"href":"https:\/\/chicken-road.online\/sv\/wp-json\/wp\/v2\/users\/3"}],"replies":[{"embeddable":true,"href":"https:\/\/chicken-road.online\/sv\/wp-json\/wp\/v2\/comments?post=727"}],"version-history":[{"count":0,"href":"https:\/\/chicken-road.online\/sv\/wp-json\/wp\/v2\/pages\/727\/revisions"}],"wp:attachment":[{"href":"https:\/\/chicken-road.online\/sv\/wp-json\/wp\/v2\/media?parent=727"}],"curies":[{"name":"wp","href":"https:\/\/api.w.org\/{rel}","templated":true}]}}