{"id":725,"date":"2026-04-05T21:52:21","date_gmt":"2026-04-05T21:52:21","guid":{"rendered":"https:\/\/chicken-road.online\/en\/chicken-road-reviews\/"},"modified":"2026-04-06T13:38:55","modified_gmt":"2026-04-06T13:38:55","slug":"chicken-road-recensioner","status":"publish","type":"page","link":"https:\/\/chicken-road.online\/sv\/chicken-road-recensioner\/","title":{"rendered":"Recensioner av Chicken Road: Vad riktiga spelare s\u00e4ger efter 1 000+ rundor"},"content":{"rendered":"<div data-elementor-type=\"wp-page\" data-elementor-id=\"725\" class=\"elementor elementor-725 elementor-bc-flex-widget\" data-elementor-post-type=\"page\">\n\t\t\t\t<div class=\"elementor-element elementor-element-banner_h1r1 e-flex e-con-boxed e-con e-parent\" data-id=\"banner_h1r1\" data-element_type=\"container\" data-e-type=\"container\" data-settings=\"{&quot;background_background&quot;:&quot;classic&quot;}\">\n\t\t\t\t\t<div class=\"e-con-inner\">\n\t\t\t\t<div class=\"elementor-element elementor-element-h1r1 elementor-widget elementor-widget-heading\" data-id=\"h1r1\" data-element_type=\"widget\" data-e-type=\"widget\" data-widget_type=\"heading.default\">\n\t\t\t\t<div class=\"elementor-widget-container\">\n\t\t\t\t\t<h1 class=\"elementor-heading-title elementor-size-default\">Chicken Road Recensioner<\/h1>\t\t\t\t<\/div>\n\t\t\t\t<\/div>\n\t\t\t\t<div class=\"elementor-element elementor-element-subr1 elementor-widget elementor-widget-heading\" data-id=\"subr1\" data-element_type=\"widget\" data-e-type=\"widget\" data-widget_type=\"heading.default\">\n\t\t\t\t<div class=\"elementor-widget-container\">\n\t\t\t\t\t<h2 class=\"elementor-heading-title elementor-size-default\">Vad riktiga spelare s\u00e4ger efter 1.000+ rundor<\/h2>\t\t\t\t<\/div>\n\t\t\t\t<\/div>\n\t\t\t\t\t<\/div>\n\t\t\t\t<\/div>\n\t\t<div class=\"elementor-element elementor-element-content_tr_intro e-flex e-con-boxed e-con e-parent\" data-id=\"content_tr_intro\" data-element_type=\"container\" data-e-type=\"container\">\n\t\t\t\t\t<div class=\"e-con-inner\">\n\t\t\t\t<div class=\"elementor-element elementor-element-tr_intro elementor-widget elementor-widget-text-editor\" data-id=\"tr_intro\" data-element_type=\"widget\" data-e-type=\"widget\" data-widget_type=\"text-editor.default\">\n\t\t\t\t<div class=\"elementor-widget-container\">\n\t\t\t\t\t\t\t\t\t<p>Innan du s\u00e4tter riktiga pengar p\u00e5 spel f\u00f6rtj\u00e4nar du \u00e4rlig feedback - inte marknadsf\u00f6ringskopior. H\u00e4r \u00e4r vad spelare med verklig erfarenhet faktiskt tycker.<\/p>\t\t\t\t\t\t\t\t<\/div>\n\t\t\t\t<\/div>\n\t\t\t\t<div class=\"elementor-element elementor-element-h2r1 elementor-widget elementor-widget-heading\" data-id=\"h2r1\" data-element_type=\"widget\" data-e-type=\"widget\" data-widget_type=\"heading.default\">\n\t\t\t\t<div class=\"elementor-widget-container\">\n\t\t\t\t\t<h2 class=\"elementor-heading-title elementor-size-default\">\u00d6vergripande betyg f\u00f6r spelare<\/h2>\t\t\t\t<\/div>\n\t\t\t\t<\/div>\n\t\t\t\t<div class=\"elementor-element elementor-element-tr1 elementor-widget elementor-widget-text-editor\" data-id=\"tr1\" data-element_type=\"widget\" data-e-type=\"widget\" data-widget_type=\"text-editor.default\">\n\t\t\t\t<div class=\"elementor-widget-container\">\n\t\t\t\t\t\t\t\t\t<p><strong>Spel och mekanik:<\/strong> 4.8\/5<br><strong>R\u00e4ttvisa och RTP:<\/strong> 4.9\/5<br><strong>Mobil erfarenhet:<\/strong> 4.5\/5<br><strong>Sp\u00e4nningsfaktor:<\/strong> 5\/5<br><strong>Strategi p\u00e5 djupet:<\/strong> 4.6\/5<\/p>\t\t\t\t\t\t\t\t<\/div>\n\t\t\t\t<\/div>\n\t\t\t\t<div class=\"elementor-element elementor-element-h2r2 elementor-widget elementor-widget-heading\" data-id=\"h2r2\" data-element_type=\"widget\" data-e-type=\"widget\" data-widget_type=\"heading.default\">\n\t\t\t\t<div class=\"elementor-widget-container\">\n\t\t\t\t\t<h2 class=\"elementor-heading-title elementor-size-default\">Vad spelare \u00e4lskar<\/h2>\t\t\t\t<\/div>\n\t\t\t\t<\/div>\n\t\t\t\t<div class=\"elementor-element elementor-element-tr2 elementor-widget elementor-widget-text-editor\" data-id=\"tr2\" data-element_type=\"widget\" data-e-type=\"widget\" data-widget_type=\"text-editor.default\">\n\t\t\t\t<div class=\"elementor-widget-container\">\n\t\t\t\t\t\t\t\t\t<p><strong>\u00c4ntligen ett kraschspel d\u00e4r jag k\u00e4nner att jag har kontroll<\/strong><br>Patrick, tillf\u00e4llig spelare: Jag provade Aviator f\u00f6rst och det k\u00e4ndes alltid som att titta p\u00e5 en slantsingling. Chicken Road \u00e4r annorlunda - du best\u00e4mmer dig aktivt efter varje steg. Jag f\u00f6rdubblade min budget p\u00e5 50 sessioner tre g\u00e5nger p\u00e5 en vecka i Easy-l\u00e4get.<\/p><p><strong>98% RTP \u00e4r verklig - jag sp\u00e5rade 800 rundor<\/strong><br>Dmitri, erfaren spelare: Jag h\u00f6ll ett kalkylblad f\u00f6r 800 rundor p\u00e5 Medium-sv\u00e5righeter. Min faktiska avkastning var 96,8% - tillr\u00e4ckligt n\u00e4ra f\u00f6r att tro det. Detta spel f\u00f6rtj\u00e4nar sitt rykte f\u00f6r r\u00e4ttvisa.<\/p><p><strong>Mobilen \u00e4r sm\u00f6rigt smidig<\/strong><br>Bianca, endast mobil spelare: Jag spelar uteslutande p\u00e5 iPhone under pendling. Ingen f\u00f6rdr\u00f6jning, inga krascher. Jag har haft sessioner d\u00e4r jag gjorde 30 vinster innan mitt t\u00e5g stannade.<\/p>\t\t\t\t\t\t\t\t<\/div>\n\t\t\t\t<\/div>\n\t\t\t\t<div class=\"elementor-element elementor-element-h2r3 elementor-widget elementor-widget-heading\" data-id=\"h2r3\" data-element_type=\"widget\" data-e-type=\"widget\" data-widget_type=\"heading.default\">\n\t\t\t\t<div class=\"elementor-widget-container\">\n\t\t\t\t\t<h2 class=\"elementor-heading-title elementor-size-default\">\u00c4rlig kritik<\/h2>\t\t\t\t<\/div>\n\t\t\t\t<\/div>\n\t\t\t\t<div class=\"elementor-element elementor-element-tr3 elementor-widget elementor-widget-text-editor\" data-id=\"tr3\" data-element_type=\"widget\" data-e-type=\"widget\" data-widget_type=\"text-editor.default\">\n\t\t\t\t<div class=\"elementor-widget-container\">\n\t\t\t\t\t\t\t\t\t<p><strong>Ingen autospelningsfunktion<\/strong> - av design, men passiva spelare kan missa det.<\/p><p><strong>Hardcore \u00e4r en nyb\u00f6rjarf\u00e4lla<\/strong> - spelare rapporterar konsekvent att deras s\u00e4msta sessioner b\u00f6rjade n\u00e4r de hoppade \u00f6ver Easy\/Medium.<\/p><p><strong>Begr\u00e4nsat utbud av kasinon<\/strong> - fr\u00e4mst 1win och BDMBet f\u00f6r n\u00e4rvarande.<\/p>\t\t\t\t\t\t\t\t<\/div>\n\t\t\t\t<\/div>\n\t\t\t\t<div class=\"elementor-element elementor-element-h2r4 elementor-widget elementor-widget-heading\" data-id=\"h2r4\" data-element_type=\"widget\" data-e-type=\"widget\" data-widget_type=\"heading.default\">\n\t\t\t\t<div class=\"elementor-widget-container\">\n\t\t\t\t\t<h2 class=\"elementor-heading-title elementor-size-default\">Expertutl\u00e5tande<\/h2>\t\t\t\t<\/div>\n\t\t\t\t<\/div>\n\t\t\t\t<div class=\"elementor-element elementor-element-tr4 elementor-widget elementor-widget-text-editor\" data-id=\"tr4\" data-element_type=\"widget\" data-e-type=\"widget\" data-widget_type=\"text-editor.default\">\n\t\t\t\t<div class=\"elementor-widget-container\">\n\t\t\t\t\t\t\t\t\t<p>Strategiska akt\u00f6rer: Utm\u00e4rkt. Avslappnade spelare p\u00e5 Easy: Bra. H\u00f6ga rullar: H\u00e5ll dig till Hard inte Hardcore. Auto-play fans: detta spel kr\u00e4ver aktivt engagemang.<\/p><p>98% RTP + \u00e4kta strategiskt djup = ett av de b\u00e4sta kasinospelalternativen som finns.<\/p>\t\t\t\t\t\t\t\t<\/div>\n\t\t\t\t<\/div>\n\t\t\t\t<div class=\"elementor-element elementor-element-tr_cta elementor-widget elementor-widget-text-editor\" data-id=\"tr_cta\" data-element_type=\"widget\" data-e-type=\"widget\" data-widget_type=\"text-editor.default\">\n\t\t\t\t<div class=\"elementor-widget-container\">\n\t\t\t\t\t\t\t\t\t<p><a href=\"https:\/\/chicken-road.online\/sv\/\"><strong>Prova Chicken Road gratis - ingen ins\u00e4ttning, ingen registrering<\/strong><\/a><\/p>\t\t\t\t\t\t\t\t<\/div>\n\t\t\t\t<\/div>\n\t\t\t\t\t<\/div>\n\t\t\t\t<\/div>\n\t\t\t\t<\/div>","protected":false},"excerpt":{"rendered":"<p>Real Chicken Road spelarrecensioner och expertutl\u00e5tande.<\/p>","protected":false},"author":3,"featured_media":0,"parent":0,"menu_order":0,"comment_status":"closed","ping_status":"closed","template":"","meta":{"footnotes":""},"class_list":["post-725","page","type-page","status-publish","hentry"],"_links":{"self":[{"href":"https:\/\/chicken-road.online\/sv\/wp-json\/wp\/v2\/pages\/725","targetHints":{"allow":["GET"]}}],"collection":[{"href":"https:\/\/chicken-road.online\/sv\/wp-json\/wp\/v2\/pages"}],"about":[{"href":"https:\/\/chicken-road.online\/sv\/wp-json\/wp\/v2\/types\/page"}],"author":[{"embeddable":true,"href":"https:\/\/chicken-road.online\/sv\/wp-json\/wp\/v2\/users\/3"}],"replies":[{"embeddable":true,"href":"https:\/\/chicken-road.online\/sv\/wp-json\/wp\/v2\/comments?post=725"}],"version-history":[{"count":1,"href":"https:\/\/chicken-road.online\/sv\/wp-json\/wp\/v2\/pages\/725\/revisions"}],"predecessor-version":[{"id":741,"href":"https:\/\/chicken-road.online\/sv\/wp-json\/wp\/v2\/pages\/725\/revisions\/741"}],"wp:attachment":[{"href":"https:\/\/chicken-road.online\/sv\/wp-json\/wp\/v2\/media?parent=725"}],"curies":[{"name":"wp","href":"https:\/\/api.w.org\/{rel}","templated":true}]}}