{"id":724,"date":"2026-04-05T21:52:19","date_gmt":"2026-04-05T21:52:19","guid":{"rendered":"https:\/\/chicken-road.online\/en\/chicken-road-demo\/"},"modified":"2026-04-06T13:38:36","modified_gmt":"2026-04-06T13:38:36","slug":"demo-av-kycklingvag","status":"publish","type":"page","link":"https:\/\/chicken-road.online\/sv\/demo-av-kycklingvag\/","title":{"rendered":"Chicken Road Demo: Spela gratis utan registrering och noll risk"},"content":{"rendered":"<div data-elementor-type=\"wp-page\" data-elementor-id=\"724\" class=\"elementor elementor-724 elementor-bc-flex-widget\" data-elementor-post-type=\"page\">\n\t\t\t\t<div class=\"elementor-element elementor-element-banner_h1d1 e-flex e-con-boxed e-con e-parent\" data-id=\"banner_h1d1\" data-element_type=\"container\" data-e-type=\"container\" data-settings=\"{&quot;background_background&quot;:&quot;classic&quot;}\">\n\t\t\t\t\t<div class=\"e-con-inner\">\n\t\t\t\t<div class=\"elementor-element elementor-element-h1d1 elementor-widget elementor-widget-heading\" data-id=\"h1d1\" data-element_type=\"widget\" data-e-type=\"widget\" data-widget_type=\"heading.default\">\n\t\t\t\t<div class=\"elementor-widget-container\">\n\t\t\t\t\t<h1 class=\"elementor-heading-title elementor-size-default\">Demo av Chicken Road<\/h1>\t\t\t\t<\/div>\n\t\t\t\t<\/div>\n\t\t\t\t<div class=\"elementor-element elementor-element-subd1 elementor-widget elementor-widget-heading\" data-id=\"subd1\" data-element_type=\"widget\" data-e-type=\"widget\" data-widget_type=\"heading.default\">\n\t\t\t\t<div class=\"elementor-widget-container\">\n\t\t\t\t\t<h2 class=\"elementor-heading-title elementor-size-default\">Spela gratis - ingen registrering, ingen ins\u00e4ttning, noll risk<\/h2>\t\t\t\t<\/div>\n\t\t\t\t<\/div>\n\t\t\t\t\t<\/div>\n\t\t\t\t<\/div>\n\t\t<div class=\"elementor-element elementor-element-content_td_intro e-flex e-con-boxed e-con e-parent\" data-id=\"content_td_intro\" data-element_type=\"container\" data-e-type=\"container\">\n\t\t\t\t\t<div class=\"e-con-inner\">\n\t\t\t\t<div class=\"elementor-element elementor-element-td_intro elementor-widget elementor-widget-text-editor\" data-id=\"td_intro\" data-element_type=\"widget\" data-e-type=\"widget\" data-widget_type=\"text-editor.default\">\n\t\t\t\t<div class=\"elementor-widget-container\">\n\t\t\t\t\t\t\t\t\t<p>Den <strong>Demo av Chicken Road<\/strong> l\u00e5ter dig spela hela spelet helt gratis. Samma mekanik, samma multiplikatorer, samma sp\u00e4nning - med virtuella krediter ist\u00e4llet f\u00f6r riktiga pengar.<\/p>\t\t\t\t\t\t\t\t<\/div>\n\t\t\t\t<\/div>\n\t\t\t\t<div class=\"elementor-element elementor-element-h2d1 elementor-widget elementor-widget-heading\" data-id=\"h2d1\" data-element_type=\"widget\" data-e-type=\"widget\" data-widget_type=\"heading.default\">\n\t\t\t\t<div class=\"elementor-widget-container\">\n\t\t\t\t\t<h2 class=\"elementor-heading-title elementor-size-default\">Vad \u00e4r Chicken Road Demo?<\/h2>\t\t\t\t<\/div>\n\t\t\t\t<\/div>\n\t\t\t\t<div class=\"elementor-element elementor-element-td1 elementor-widget elementor-widget-text-editor\" data-id=\"td1\" data-element_type=\"widget\" data-e-type=\"widget\" data-widget_type=\"text-editor.default\">\n\t\t\t\t<div class=\"elementor-widget-container\">\n\t\t\t\t\t\t\t\t\t<p>Demoversionen \u00e4r en gratisversion med identisk spelmekanik: samma 4 sv\u00e5righetsgrader, samma bevisligen r\u00e4ttvisa RNG, samma multiplikatorsystem upp till x3 203 384 p\u00e5 Hardcore. Den enda skillnaden - du kan inte ta ut demovinster. Det du vinner \u00e4r erfarenhet utan risk.<\/p>\t\t\t\t\t\t\t\t<\/div>\n\t\t\t\t<\/div>\n\t\t\t\t<div class=\"elementor-element elementor-element-h2d2 elementor-widget elementor-widget-heading\" data-id=\"h2d2\" data-element_type=\"widget\" data-e-type=\"widget\" data-widget_type=\"heading.default\">\n\t\t\t\t<div class=\"elementor-widget-container\">\n\t\t\t\t\t<h2 class=\"elementor-heading-title elementor-size-default\">Hur man spelar - steg f\u00f6r steg<\/h2>\t\t\t\t<\/div>\n\t\t\t\t<\/div>\n\t\t\t\t<div class=\"elementor-element elementor-element-td2 elementor-widget elementor-widget-text-editor\" data-id=\"td2\" data-element_type=\"widget\" data-e-type=\"widget\" data-widget_type=\"text-editor.default\">\n\t\t\t\t<div class=\"elementor-widget-container\">\n\t\t\t\t\t\t\t\t\t<ol><li>Bes\u00f6k chicken-road.online och klicka p\u00e5 Play Demo<\/li><li>Ingen registrering kr\u00e4vs - laddas direkt<\/li><li>V\u00e4lj sv\u00e5righetsgrad - b\u00f6rja med Easy om det \u00e4r nytt<\/li><li>St\u00e4ll in virtuell insats fr\u00e5n 0,10 till 200<\/li><li>Klicka p\u00e5 Play - styr din kyckling \u00f6ver v\u00e4gen<\/li><li>Ta ut pengar i r\u00e4tt steg - eller n\u00e5 guld\u00e4gget<\/li><\/ol>\t\t\t\t\t\t\t\t<\/div>\n\t\t\t\t<\/div>\n\t\t\t\t<div class=\"elementor-element elementor-element-h2d3 elementor-widget elementor-widget-heading\" data-id=\"h2d3\" data-element_type=\"widget\" data-e-type=\"widget\" data-widget_type=\"heading.default\">\n\t\t\t\t<div class=\"elementor-widget-container\">\n\t\t\t\t\t<h2 class=\"elementor-heading-title elementor-size-default\">Varf\u00f6r demol\u00e4get \u00e4r mer v\u00e4rdefullt \u00e4n du tror<\/h2>\t\t\t\t<\/div>\n\t\t\t\t<\/div>\n\t\t\t\t<div class=\"elementor-element elementor-element-td3 elementor-widget elementor-widget-text-editor\" data-id=\"td3\" data-element_type=\"widget\" data-e-type=\"widget\" data-widget_type=\"text-editor.default\">\n\t\t\t\t<div class=\"elementor-widget-container\">\n\t\t\t\t\t\t\t\t\t<p><strong>L\u00e4r dig timing och rytm<\/strong> - efter 20-30 demorundor sk\u00e4rps ditt beslutsfattande avsev\u00e4rt.<\/p><p><strong>Testa cash-out-strategier p\u00e5 ett s\u00e4kert s\u00e4tt<\/strong> - sp\u00e5ra resultat \u00f6ver 50 skott p\u00e5 olika stegm\u00e5l. Hitta din personliga \"sweet spot\" utan ekonomisk risk.<\/p><p><strong>F\u00f6rst\u00e5 varje sv\u00e5righet<\/strong> - Easy k\u00e4nns helt annorlunda \u00e4n Hard. Upplev dem alla innan du satsar riktiga pengar.<\/p>\t\t\t\t\t\t\t\t<\/div>\n\t\t\t\t<\/div>\n\t\t\t\t<div class=\"elementor-element elementor-element-h2d4 elementor-widget elementor-widget-heading\" data-id=\"h2d4\" data-element_type=\"widget\" data-e-type=\"widget\" data-widget_type=\"heading.default\">\n\t\t\t\t<div class=\"elementor-widget-container\">\n\t\t\t\t\t<h2 class=\"elementor-heading-title elementor-size-default\">N\u00e4r ska man byta till riktiga pengar<\/h2>\t\t\t\t<\/div>\n\t\t\t\t<\/div>\n\t\t\t\t<div class=\"elementor-element elementor-element-td4 elementor-widget elementor-widget-text-editor\" data-id=\"td4\" data-element_type=\"widget\" data-e-type=\"widget\" data-widget_type=\"text-editor.default\">\n\t\t\t\t<div class=\"elementor-widget-container\">\n\t\t\t\t\t\t\t\t\t<p>Du \u00e4r redo n\u00e4r du har spelat 50+ demorundor utan att g\u00e5 i konkurs, du har en tydlig uttagsstrategi som du konsekvent f\u00f6ljer, du k\u00e4nner dig lugn n\u00e4r du fattar beslut (inte stressad eller k\u00e4nslom\u00e4ssig) och du har en budget som du \u00e4r bekv\u00e4m med att f\u00f6rlora helt.<\/p><p>Om du fortfarande jagar ett steg till i demol\u00e4get - stanna d\u00e4r lite l\u00e4ngre. Den vanan \u00e4r dyr i skarpt l\u00e4ge.<\/p>\t\t\t\t\t\t\t\t<\/div>\n\t\t\t\t<\/div>\n\t\t\t\t<div class=\"elementor-element elementor-element-td_cta elementor-widget elementor-widget-text-editor\" data-id=\"td_cta\" data-element_type=\"widget\" data-e-type=\"widget\" data-widget_type=\"text-editor.default\">\n\t\t\t\t<div class=\"elementor-widget-container\">\n\t\t\t\t\t\t\t\t\t<p><a href=\"https:\/\/chicken-road.online\/sv\/\"><strong>Spela Chicken Road Demo gratis - ingen registrering kr\u00e4vs<\/strong><\/a><\/p>\t\t\t\t\t\t\t\t<\/div>\n\t\t\t\t<\/div>\n\t\t\t\t\t<\/div>\n\t\t\t\t<\/div>\n\t\t\t\t<\/div>","protected":false},"excerpt":{"rendered":"<p>Spela Chicken Road demo gratis. Ingen registrering beh\u00f6vs.<\/p>","protected":false},"author":3,"featured_media":0,"parent":0,"menu_order":0,"comment_status":"closed","ping_status":"closed","template":"","meta":{"footnotes":""},"class_list":["post-724","page","type-page","status-publish","hentry"],"_links":{"self":[{"href":"https:\/\/chicken-road.online\/sv\/wp-json\/wp\/v2\/pages\/724","targetHints":{"allow":["GET"]}}],"collection":[{"href":"https:\/\/chicken-road.online\/sv\/wp-json\/wp\/v2\/pages"}],"about":[{"href":"https:\/\/chicken-road.online\/sv\/wp-json\/wp\/v2\/types\/page"}],"author":[{"embeddable":true,"href":"https:\/\/chicken-road.online\/sv\/wp-json\/wp\/v2\/users\/3"}],"replies":[{"embeddable":true,"href":"https:\/\/chicken-road.online\/sv\/wp-json\/wp\/v2\/comments?post=724"}],"version-history":[{"count":1,"href":"https:\/\/chicken-road.online\/sv\/wp-json\/wp\/v2\/pages\/724\/revisions"}],"predecessor-version":[{"id":740,"href":"https:\/\/chicken-road.online\/sv\/wp-json\/wp\/v2\/pages\/724\/revisions\/740"}],"wp:attachment":[{"href":"https:\/\/chicken-road.online\/sv\/wp-json\/wp\/v2\/media?parent=724"}],"curies":[{"name":"wp","href":"https:\/\/api.w.org\/{rel}","templated":true}]}}