{"id":729,"date":"2026-04-05T21:52:29","date_gmt":"2026-04-05T21:52:29","guid":{"rendered":"https:\/\/chicken-road.online\/en\/how-to-win-chicken-road\/"},"modified":"2026-04-05T21:52:29","modified_gmt":"2026-04-05T21:52:29","slug":"como-ganhar-o-chicken-road","status":"publish","type":"page","link":"https:\/\/chicken-road.online\/pt\/como-ganhar-o-chicken-road\/","title":{"rendered":"Como ganhar no Chicken Road: T\u00e1ticas comprovadas de jogadores que venceram a casa"},"content":{"rendered":"<div data-elementor-type=\"wp-page\" data-elementor-id=\"729\" class=\"elementor elementor-729 elementor-bc-flex-widget\" data-elementor-post-type=\"page\">\n\t\t\t\t<div class=\"elementor-element elementor-element-banner_h1hw e-flex e-con-boxed e-con e-parent\" data-id=\"banner_h1hw\" data-element_type=\"container\" data-e-type=\"container\" data-settings=\"{&quot;background_background&quot;:&quot;classic&quot;}\">\n\t\t\t\t\t<div class=\"e-con-inner\">\n\t\t\t\t<div class=\"elementor-element elementor-element-h1hw elementor-widget elementor-widget-heading\" data-id=\"h1hw\" data-element_type=\"widget\" data-e-type=\"widget\" data-widget_type=\"heading.default\">\n\t\t\t\t<div class=\"elementor-widget-container\">\n\t\t\t\t\t<h1 class=\"elementor-heading-title elementor-size-default\">Como ganhar em Chicken Road<\/h1>\t\t\t\t<\/div>\n\t\t\t\t<\/div>\n\t\t\t\t<div class=\"elementor-element elementor-element-subhw elementor-widget elementor-widget-heading\" data-id=\"subhw\" data-element_type=\"widget\" data-e-type=\"widget\" data-widget_type=\"heading.default\">\n\t\t\t\t<div class=\"elementor-widget-container\">\n\t\t\t\t\t<h2 class=\"elementor-heading-title elementor-size-default\">T\u00e1ticas comprovadas de jogadores que venceram a casa<\/h2>\t\t\t\t<\/div>\n\t\t\t\t<\/div>\n\t\t\t\t\t<\/div>\n\t\t\t\t<\/div>\n\t\t<div class=\"elementor-element elementor-element-content_thw_intro e-flex e-con-boxed e-con e-parent\" data-id=\"content_thw_intro\" data-element_type=\"container\" data-e-type=\"container\">\n\t\t\t\t\t<div class=\"e-con-inner\">\n\t\t\t\t<div class=\"elementor-element elementor-element-thw_intro elementor-widget elementor-widget-text-editor\" data-id=\"thw_intro\" data-element_type=\"widget\" data-e-type=\"widget\" data-widget_type=\"text-editor.default\">\n\t\t\t\t<div class=\"elementor-widget-container\">\n\t\t\t\t\t\t\t\t\t<p>Ganhar em Chicken Road de forma consistente n\u00e3o tem a ver com sorte - tem a ver com tomar decis\u00f5es melhores do que a m\u00e9dia dos jogadores em cada rodada.<\/p>\t\t\t\t\t\t\t\t<\/div>\n\t\t\t\t<\/div>\n\t\t\t\t<div class=\"elementor-element elementor-element-h2hw1 elementor-widget elementor-widget-heading\" data-id=\"h2hw1\" data-element_type=\"widget\" data-e-type=\"widget\" data-widget_type=\"heading.default\">\n\t\t\t\t<div class=\"elementor-widget-container\">\n\t\t\t\t\t<h2 class=\"elementor-heading-title elementor-size-default\">A verdade fundamental<\/h2>\t\t\t\t<\/div>\n\t\t\t\t<\/div>\n\t\t\t\t<div class=\"elementor-element elementor-element-thw1 elementor-widget elementor-widget-text-editor\" data-id=\"thw1\" data-element_type=\"widget\" data-e-type=\"widget\" data-widget_type=\"text-editor.default\">\n\t\t\t\t<div class=\"elementor-widget-container\">\n\t\t\t\t\t\t\t\t\t<p>98% RTP significa que, para cada 100 apostados, 98 retornam aos jogadores, em m\u00e9dia. A margem da casa \u00e9 de apenas 2% - extraordinariamente baixa. Sess\u00f5es curtas podem absolutamente terminar em lucro. A disciplina em muitas sess\u00f5es supera a sorte em uma \u00fanica.<\/p>\t\t\t\t\t\t\t\t<\/div>\n\t\t\t\t<\/div>\n\t\t\t\t<div class=\"elementor-element elementor-element-h2hw2 elementor-widget elementor-widget-heading\" data-id=\"h2hw2\" data-element_type=\"widget\" data-e-type=\"widget\" data-widget_type=\"heading.default\">\n\t\t\t\t<div class=\"elementor-widget-container\">\n\t\t\t\t\t<h2 class=\"elementor-heading-title elementor-size-default\">T\u00e1tica 1: Compromisso pr\u00e9-rodada<\/h2>\t\t\t\t<\/div>\n\t\t\t\t<\/div>\n\t\t\t\t<div class=\"elementor-element elementor-element-thw2 elementor-widget elementor-widget-text-editor\" data-id=\"thw2\" data-element_type=\"widget\" data-e-type=\"widget\" data-widget_type=\"text-editor.default\">\n\t\t\t\t<div class=\"elementor-widget-container\">\n\t\t\t\t\t\t\t\t\t<p>Antes de cada rodada, decida sua etapa de retirada. Diga em voz alta: Vou desistir na etapa 7. Ent\u00e3o, fa\u00e7a isso. O maior padr\u00e3o de perda: ter a inten\u00e7\u00e3o de sacar na etapa 6, mas ir al\u00e9m porque se sente seguro. O compromisso antes da rodada elimina isso completamente.<\/p>\t\t\t\t\t\t\t\t<\/div>\n\t\t\t\t<\/div>\n\t\t\t\t<div class=\"elementor-element elementor-element-h2hw3 elementor-widget elementor-widget-heading\" data-id=\"h2hw3\" data-element_type=\"widget\" data-e-type=\"widget\" data-widget_type=\"heading.default\">\n\t\t\t\t<div class=\"elementor-widget-container\">\n\t\t\t\t\t<h2 class=\"elementor-heading-title elementor-size-default\">T\u00e1tica 2: Combine a dificuldade com sua meta<\/h2>\t\t\t\t<\/div>\n\t\t\t\t<\/div>\n\t\t\t\t<div class=\"elementor-element elementor-element-thw3 elementor-widget elementor-widget-text-editor\" data-id=\"thw3\" data-element_type=\"widget\" data-e-type=\"widget\" data-widget_type=\"text-editor.default\">\n\t\t\t\t<div class=\"elementor-widget-container\">\n\t\t\t\t\t\t\t\t\t<p>Pequenos lucros consistentes: F\u00e1cil, etapas 5-8, multiplicador x2-x5.<br>Risco\/recompensa equilibrados: M\u00e9dio, etapas 8-12, x10-x100.<br>Grandes vit\u00f3rias ocasionais: Dif\u00edcil, etapas 10-15, x100-x5.000.<br>Varia\u00e7\u00e3o extrema: Hardcore, etapas 8-12, x1.000+.<\/p>\t\t\t\t\t\t\t\t<\/div>\n\t\t\t\t<\/div>\n\t\t\t\t<div class=\"elementor-element elementor-element-h2hw4 elementor-widget elementor-widget-heading\" data-id=\"h2hw4\" data-element_type=\"widget\" data-e-type=\"widget\" data-widget_type=\"heading.default\">\n\t\t\t\t<div class=\"elementor-widget-container\">\n\t\t\t\t\t<h2 class=\"elementor-heading-title elementor-size-default\">T\u00e1tica 3: A divis\u00e3o da sess\u00e3o<\/h2>\t\t\t\t<\/div>\n\t\t\t\t<\/div>\n\t\t\t\t<div class=\"elementor-element elementor-element-thw4 elementor-widget elementor-widget-text-editor\" data-id=\"thw4\" data-element_type=\"widget\" data-e-type=\"widget\" data-widget_type=\"text-editor.default\">\n\t\t\t\t<div class=\"elementor-widget-container\">\n\t\t\t\t\t\t\t\t\t<p>Nunca jogue todo o seu or\u00e7amento em uma \u00fanica dificuldade: 70% na dificuldade b\u00e1sica (conservadora), 20% em um n\u00edvel mais alto (oscila\u00e7\u00e3o ocasional maior), 10% de reserva (usado somente se j\u00e1 estiver lucrando).<\/p>\t\t\t\t\t\t\t\t<\/div>\n\t\t\t\t<\/div>\n\t\t\t\t<div class=\"elementor-element elementor-element-h2hw5 elementor-widget elementor-widget-heading\" data-id=\"h2hw5\" data-element_type=\"widget\" data-e-type=\"widget\" data-widget_type=\"heading.default\">\n\t\t\t\t<div class=\"elementor-widget-container\">\n\t\t\t\t\t<h2 class=\"elementor-heading-title elementor-size-default\">T\u00e1ticas 4, 5 e 6<\/h2>\t\t\t\t<\/div>\n\t\t\t\t<\/div>\n\t\t\t\t<div class=\"elementor-element elementor-element-thw5 elementor-widget elementor-widget-text-editor\" data-id=\"thw5\" data-element_type=\"widget\" data-e-type=\"widget\" data-widget_type=\"text-editor.default\">\n\t\t\t\t<div class=\"elementor-widget-container\">\n\t\t\t\t\t\t\t\t\t<p><strong>Regra da sequ\u00eancia:<\/strong> Ap\u00f3s 3 derrotas consecutivas na mesma dificuldade, des\u00e7a um n\u00edvel nas pr\u00f3ximas 5 rodadas. Gerenciamento de varia\u00e7\u00f5es, n\u00e3o supersti\u00e7\u00e3o.<\/p><p><strong>Acompanhe suas sess\u00f5es:<\/strong> Registro simples: data, dificuldade, resultado. A maioria dos jogadores descobre que suas sess\u00f5es ruins compartilham um padr\u00e3o - geralmente uma dificuldade espec\u00edfica que apresenta um desempenho consistentemente ruim para eles.<\/p><p><strong>Demonstra\u00e7\u00e3o em primeiro lugar:<\/strong> Antes de testar qualquer nova estrat\u00e9gia com dinheiro real, execute 50 rodadas de demonstra\u00e7\u00e3o. Se sua estrat\u00e9gia sobreviver a 35 ou mais, vale a pena test\u00e1-la com pequenas apostas reais.<\/p>\t\t\t\t\t\t\t\t<\/div>\n\t\t\t\t<\/div>\n\t\t\t\t<div class=\"elementor-element elementor-element-h2hw6 elementor-widget elementor-widget-heading\" data-id=\"h2hw6\" data-element_type=\"widget\" data-e-type=\"widget\" data-widget_type=\"heading.default\">\n\t\t\t\t<div class=\"elementor-widget-container\">\n\t\t\t\t\t<h2 class=\"elementor-heading-title elementor-size-default\">Vencedores x perdedores: A \u00fanica diferen\u00e7a<\/h2>\t\t\t\t<\/div>\n\t\t\t\t<\/div>\n\t\t\t\t<div class=\"elementor-element elementor-element-thw6 elementor-widget elementor-widget-text-editor\" data-id=\"thw6\" data-element_type=\"widget\" data-e-type=\"widget\" data-widget_type=\"text-editor.default\">\n\t\t\t\t<div class=\"elementor-widget-container\">\n\t\t\t\t\t\t\t\t\t<p>Vencedores: definir regras de sa\u00edda antes de cada rodada, manter a dificuldade, acompanhar os resultados.<br>Perdedores: decidem no meio da rodada, perseguem as perdas, passam para o Hardcore quando perdem.<br>O jogo \u00e9 justo. A diferen\u00e7a est\u00e1 inteiramente em como voc\u00ea o joga.<\/p>\t\t\t\t\t\t\t\t<\/div>\n\t\t\t\t<\/div>\n\t\t\t\t<div class=\"elementor-element elementor-element-thw_cta elementor-widget elementor-widget-text-editor\" data-id=\"thw_cta\" data-element_type=\"widget\" data-e-type=\"widget\" data-widget_type=\"text-editor.default\">\n\t\t\t\t<div class=\"elementor-widget-container\">\n\t\t\t\t\t\t\t\t\t<p><a href=\"https:\/\/chicken-road.online\/pt\/\"><strong>Aplique essas t\u00e1ticas na demonstra\u00e7\u00e3o gratuita do Chicken Road - comece agora<\/strong><\/a><\/p>\t\t\t\t\t\t\t\t<\/div>\n\t\t\t\t<\/div>\n\t\t\t\t\t<\/div>\n\t\t\t\t<\/div>\n\t\t\t\t<\/div>","protected":false},"excerpt":{"rendered":"<p>6 t\u00e1ticas comprovadas de jogadores experientes para vencer em Chicken Road.<\/p>","protected":false},"author":3,"featured_media":0,"parent":0,"menu_order":0,"comment_status":"closed","ping_status":"closed","template":"","meta":{"footnotes":""},"class_list":["post-729","page","type-page","status-publish","hentry"],"_links":{"self":[{"href":"https:\/\/chicken-road.online\/pt\/wp-json\/wp\/v2\/pages\/729","targetHints":{"allow":["GET"]}}],"collection":[{"href":"https:\/\/chicken-road.online\/pt\/wp-json\/wp\/v2\/pages"}],"about":[{"href":"https:\/\/chicken-road.online\/pt\/wp-json\/wp\/v2\/types\/page"}],"author":[{"embeddable":true,"href":"https:\/\/chicken-road.online\/pt\/wp-json\/wp\/v2\/users\/3"}],"replies":[{"embeddable":true,"href":"https:\/\/chicken-road.online\/pt\/wp-json\/wp\/v2\/comments?post=729"}],"version-history":[{"count":0,"href":"https:\/\/chicken-road.online\/pt\/wp-json\/wp\/v2\/pages\/729\/revisions"}],"wp:attachment":[{"href":"https:\/\/chicken-road.online\/pt\/wp-json\/wp\/v2\/media?parent=729"}],"curies":[{"name":"wp","href":"https:\/\/api.w.org\/{rel}","templated":true}]}}