{"id":728,"date":"2026-04-05T21:52:27","date_gmt":"2026-04-05T21:52:27","guid":{"rendered":"https:\/\/chicken-road.online\/en\/chicken-road-big-win\/"},"modified":"2026-04-05T21:52:27","modified_gmt":"2026-04-05T21:52:27","slug":"grande-vitoria-da-chicken-road","status":"publish","type":"page","link":"https:\/\/chicken-road.online\/pt\/grande-vitoria-da-chicken-road\/","title":{"rendered":"Grande vit\u00f3ria em Chicken Road: Hist\u00f3rias reais, multiplicadores m\u00e1ximos e como persegui-los"},"content":{"rendered":"<div data-elementor-type=\"wp-page\" data-elementor-id=\"728\" class=\"elementor elementor-728 elementor-bc-flex-widget\" data-elementor-post-type=\"page\">\n\t\t\t\t<div class=\"elementor-element elementor-element-banner_h1bw e-flex e-con-boxed e-con e-parent\" data-id=\"banner_h1bw\" data-element_type=\"container\" data-e-type=\"container\" data-settings=\"{&quot;background_background&quot;:&quot;classic&quot;}\">\n\t\t\t\t\t<div class=\"e-con-inner\">\n\t\t\t\t<div class=\"elementor-element elementor-element-h1bw elementor-widget elementor-widget-heading\" data-id=\"h1bw\" data-element_type=\"widget\" data-e-type=\"widget\" data-widget_type=\"heading.default\">\n\t\t\t\t<div class=\"elementor-widget-container\">\n\t\t\t\t\t<h1 class=\"elementor-heading-title elementor-size-default\">Grande vit\u00f3ria do Chicken Road<\/h1>\t\t\t\t<\/div>\n\t\t\t\t<\/div>\n\t\t\t\t<div class=\"elementor-element elementor-element-subbw elementor-widget elementor-widget-heading\" data-id=\"subbw\" data-element_type=\"widget\" data-e-type=\"widget\" data-widget_type=\"heading.default\">\n\t\t\t\t<div class=\"elementor-widget-container\">\n\t\t\t\t\t<h2 class=\"elementor-heading-title elementor-size-default\">Hist\u00f3rias reais, multiplicadores m\u00e1ximos e como persegui-los<\/h2>\t\t\t\t<\/div>\n\t\t\t\t<\/div>\n\t\t\t\t\t<\/div>\n\t\t\t\t<\/div>\n\t\t<div class=\"elementor-element elementor-element-content_tbw_intro e-flex e-con-boxed e-con e-parent\" data-id=\"content_tbw_intro\" data-element_type=\"container\" data-e-type=\"container\">\n\t\t\t\t\t<div class=\"e-con-inner\">\n\t\t\t\t<div class=\"elementor-element elementor-element-tbw_intro elementor-widget elementor-widget-text-editor\" data-id=\"tbw_intro\" data-element_type=\"widget\" data-e-type=\"widget\" data-widget_type=\"text-editor.default\">\n\t\t\t\t<div class=\"elementor-widget-container\">\n\t\t\t\t\t\t\t\t\t<p>O multiplicador m\u00e1ximo Hardcore em Chicken Road \u00e9 x3.203.384. Em uma aposta de 1 - mais de 3 milh\u00f5es. Compreender o potencial de grandes ganhos o ajuda a jogar de forma mais inteligente, n\u00e3o apenas maior.<\/p>\t\t\t\t\t\t\t\t<\/div>\n\t\t\t\t<\/div>\n\t\t\t\t<div class=\"elementor-element elementor-element-h2bw1 elementor-widget elementor-widget-heading\" data-id=\"h2bw1\" data-element_type=\"widget\" data-e-type=\"widget\" data-widget_type=\"heading.default\">\n\t\t\t\t<div class=\"elementor-widget-container\">\n\t\t\t\t\t<h2 class=\"elementor-heading-title elementor-size-default\">Hist\u00f3rias reais de grandes vit\u00f3rias<\/h2>\t\t\t\t<\/div>\n\t\t\t\t<\/div>\n\t\t\t\t<div class=\"elementor-element elementor-element-tbw1 elementor-widget elementor-widget-text-editor\" data-id=\"tbw1\" data-element_type=\"widget\" data-e-type=\"widget\" data-widget_type=\"text-editor.default\">\n\t\t\t\t<div class=\"elementor-widget-container\">\n\t\t\t\t\t\t\t\t\t<p><strong>A sess\u00e3o hardcore de x4.800<\/strong><br>Um jogador em um f\u00f3rum 1win relatou ter atingido x4.800 no Hardcore com uma aposta de 2 - um retorno de 9.600 em uma rodada. Suas 40 rodadas seguintes de Hardcore foram perdidas. Veredicto: Voltei para o Hard depois disso.<\/p><p><strong>O paciente de m\u00e9dio porte<\/strong><br>Um jogador documentou um lucro de 200 ao longo de 3 horas no Medium - fazendo o cash out entre as etapas 8-12. N\u00e3o houve uma \u00fanica vit\u00f3ria maci\u00e7a, mas mais de 40 rodadas bem-sucedidas, com m\u00e9dia de 5 cada. \u00c9 chato de assistir. Mas meu bankroll n\u00e3o mente.<\/p>\t\t\t\t\t\t\t\t<\/div>\n\t\t\t\t<\/div>\n\t\t\t\t<div class=\"elementor-element elementor-element-h2bw2 elementor-widget elementor-widget-heading\" data-id=\"h2bw2\" data-element_type=\"widget\" data-e-type=\"widget\" data-widget_type=\"heading.default\">\n\t\t\t\t<div class=\"elementor-widget-container\">\n\t\t\t\t\t<h2 class=\"elementor-heading-title elementor-size-default\">Potencial m\u00e1ximo de vit\u00f3ria por dificuldade<\/h2>\t\t\t\t<\/div>\n\t\t\t\t<\/div>\n\t\t\t\t<div class=\"elementor-element elementor-element-tbw2 elementor-widget elementor-widget-text-editor\" data-id=\"tbw2\" data-element_type=\"widget\" data-e-type=\"widget\" data-widget_type=\"text-editor.default\">\n\t\t\t\t<div class=\"elementor-widget-container\">\n\t\t\t\t\t\t\t\t\t<p><strong>F\u00e1cil:<\/strong> max x24.5 - realista, alcan\u00e7\u00e1vel.<br><strong>M\u00e9dio:<\/strong> max x2,254 - raro, mas acontece.<br><strong>Dif\u00edcil:<\/strong> max x52.067 - muito raro.<br><strong>Hardcore:<\/strong> max x3.203.384 - m\u00e1ximo te\u00f3rico.<\/p>\t\t\t\t\t\t\t\t<\/div>\n\t\t\t\t<\/div>\n\t\t\t\t<div class=\"elementor-element elementor-element-h2bw3 elementor-widget elementor-widget-heading\" data-id=\"h2bw3\" data-element_type=\"widget\" data-e-type=\"widget\" data-widget_type=\"heading.default\">\n\t\t\t\t<div class=\"elementor-widget-container\">\n\t\t\t\t\t<h2 class=\"elementor-heading-title elementor-size-default\">Como buscar grandes ganhos sem falir<\/h2>\t\t\t\t<\/div>\n\t\t\t\t<\/div>\n\t\t\t\t<div class=\"elementor-element elementor-element-tbw3 elementor-widget elementor-widget-text-editor\" data-id=\"tbw3\" data-element_type=\"widget\" data-e-type=\"widget\" data-widget_type=\"text-editor.default\">\n\t\t\t\t<div class=\"elementor-widget-container\">\n\t\t\t\t\t\t\t\t\t<p>Divida o or\u00e7amento da sess\u00e3o em n\u00edveis. Com um or\u00e7amento de 100: 60 no Easy (base conservadora), 30 no Medium (meta x100-x500), 10 no Hard (seu or\u00e7amento para bilhetes de loteria). Isso o mant\u00e9m no jogo por tempo suficiente para que ocorra uma grande vit\u00f3ria.<\/p>\t\t\t\t\t\t\t\t<\/div>\n\t\t\t\t<\/div>\n\t\t\t\t<div class=\"elementor-element elementor-element-h2bw4 elementor-widget elementor-widget-heading\" data-id=\"h2bw4\" data-element_type=\"widget\" data-e-type=\"widget\" data-widget_type=\"heading.default\">\n\t\t\t\t<div class=\"elementor-widget-container\">\n\t\t\t\t\t<h2 class=\"elementor-heading-title elementor-size-default\">A mentalidade correta<\/h2>\t\t\t\t<\/div>\n\t\t\t\t<\/div>\n\t\t\t\t<div class=\"elementor-element elementor-element-tbw4 elementor-widget elementor-widget-text-editor\" data-id=\"tbw4\" data-element_type=\"widget\" data-e-type=\"widget\" data-widget_type=\"text-editor.default\">\n\t\t\t\t<div class=\"elementor-widget-container\">\n\t\t\t\t\t\t\t\t\t<p>Os jogadores que conseguem grandes vit\u00f3rias as tratam como b\u00f4nus, n\u00e3o como metas. Eles jogam pela experi\u00eancia, gerenciam o bankroll com cuidado e deixam a varia\u00e7\u00e3o funcionar com o tempo. Quando um multiplicador de x2.000 aparece, ele aparece apenas para os jogadores que ainda estavam jogando.<\/p>\t\t\t\t\t\t\t\t<\/div>\n\t\t\t\t<\/div>\n\t\t\t\t<div class=\"elementor-element elementor-element-tbw_cta elementor-widget elementor-widget-text-editor\" data-id=\"tbw_cta\" data-element_type=\"widget\" data-e-type=\"widget\" data-widget_type=\"text-editor.default\">\n\t\t\t\t<div class=\"elementor-widget-container\">\n\t\t\t\t\t\t\t\t\t<p><a href=\"https:\/\/chicken-road.online\/pt\/\"><strong>Comece com a demonstra\u00e7\u00e3o gratuita - sem riscos, com todos os mecanismos<\/strong><\/a><\/p>\t\t\t\t\t\t\t\t<\/div>\n\t\t\t\t<\/div>\n\t\t\t\t\t<\/div>\n\t\t\t\t<\/div>\n\t\t\t\t<\/div>","protected":false},"excerpt":{"rendered":"<p>Hist\u00f3rias de grandes vit\u00f3rias e t\u00e1ticas para obter grandes multiplicadores em Real Chicken Road.<\/p>","protected":false},"author":3,"featured_media":0,"parent":0,"menu_order":0,"comment_status":"closed","ping_status":"closed","template":"","meta":{"footnotes":""},"class_list":["post-728","page","type-page","status-publish","hentry"],"_links":{"self":[{"href":"https:\/\/chicken-road.online\/pt\/wp-json\/wp\/v2\/pages\/728","targetHints":{"allow":["GET"]}}],"collection":[{"href":"https:\/\/chicken-road.online\/pt\/wp-json\/wp\/v2\/pages"}],"about":[{"href":"https:\/\/chicken-road.online\/pt\/wp-json\/wp\/v2\/types\/page"}],"author":[{"embeddable":true,"href":"https:\/\/chicken-road.online\/pt\/wp-json\/wp\/v2\/users\/3"}],"replies":[{"embeddable":true,"href":"https:\/\/chicken-road.online\/pt\/wp-json\/wp\/v2\/comments?post=728"}],"version-history":[{"count":0,"href":"https:\/\/chicken-road.online\/pt\/wp-json\/wp\/v2\/pages\/728\/revisions"}],"wp:attachment":[{"href":"https:\/\/chicken-road.online\/pt\/wp-json\/wp\/v2\/media?parent=728"}],"curies":[{"name":"wp","href":"https:\/\/api.w.org\/{rel}","templated":true}]}}