{"id":727,"date":"2026-04-05T21:52:25","date_gmt":"2026-04-05T21:52:25","guid":{"rendered":"https:\/\/chicken-road.online\/en\/chicken-road-hack-predictor\/"},"modified":"2026-04-05T21:52:25","modified_gmt":"2026-04-05T21:52:25","slug":"preditor-de-hack-de-estrada-de-frango","status":"publish","type":"page","link":"https:\/\/chicken-road.online\/pt\/preditor-de-hack-de-estrada-de-frango\/","title":{"rendered":"Hack e preditor do Chicken Road: A verdade (e o que realmente funciona)"},"content":{"rendered":"<div data-elementor-type=\"wp-page\" data-elementor-id=\"727\" class=\"elementor elementor-727 elementor-bc-flex-widget\" data-elementor-post-type=\"page\">\n\t\t\t\t<div class=\"elementor-element elementor-element-banner_h1hk e-flex e-con-boxed e-con e-parent\" data-id=\"banner_h1hk\" data-element_type=\"container\" data-e-type=\"container\" data-settings=\"{&quot;background_background&quot;:&quot;classic&quot;}\">\n\t\t\t\t\t<div class=\"e-con-inner\">\n\t\t\t\t<div class=\"elementor-element elementor-element-h1hk elementor-widget elementor-widget-heading\" data-id=\"h1hk\" data-element_type=\"widget\" data-e-type=\"widget\" data-widget_type=\"heading.default\">\n\t\t\t\t<div class=\"elementor-widget-container\">\n\t\t\t\t\t<h1 class=\"elementor-heading-title elementor-size-default\">Chicken Road Hack e Predictor<\/h1>\t\t\t\t<\/div>\n\t\t\t\t<\/div>\n\t\t\t\t<div class=\"elementor-element elementor-element-subhk elementor-widget elementor-widget-heading\" data-id=\"subhk\" data-element_type=\"widget\" data-e-type=\"widget\" data-widget_type=\"heading.default\">\n\t\t\t\t<div class=\"elementor-widget-container\">\n\t\t\t\t\t<h2 class=\"elementor-heading-title elementor-size-default\">A verdade - e o que realmente funciona<\/h2>\t\t\t\t<\/div>\n\t\t\t\t<\/div>\n\t\t\t\t\t<\/div>\n\t\t\t\t<\/div>\n\t\t<div class=\"elementor-element elementor-element-content_thk_intro e-flex e-con-boxed e-con e-parent\" data-id=\"content_thk_intro\" data-element_type=\"container\" data-e-type=\"container\">\n\t\t\t\t\t<div class=\"e-con-inner\">\n\t\t\t\t<div class=\"elementor-element elementor-element-thk_intro elementor-widget elementor-widget-text-editor\" data-id=\"thk_intro\" data-element_type=\"widget\" data-e-type=\"widget\" data-widget_type=\"text-editor.default\">\n\t\t\t\t<div class=\"elementor-widget-container\">\n\t\t\t\t\t\t\t\t\t<p>N\u00e3o existe um hack para Chicken Road. Nenhum preditor, nenhum aplicativo de sinal, nenhum bot que lhe diga onde ser\u00e1 a pr\u00f3xima armadilha. Qualquer pessoa que venda um desses aplicativos est\u00e1 roubando seu dinheiro ou seus dados.<\/p><p>O que \u00e9 realmente interessante: voc\u00ea n\u00e3o precisa de um hack para ganhar de forma consistente. O RTP 98% e o sistema comprovadamente justo j\u00e1 lhe d\u00e3o melhores chances do que quase todos os outros jogos de cassino.<\/p>\t\t\t\t\t\t\t\t<\/div>\n\t\t\t\t<\/div>\n\t\t\t\t<div class=\"elementor-element elementor-element-h2hk1 elementor-widget elementor-widget-heading\" data-id=\"h2hk1\" data-element_type=\"widget\" data-e-type=\"widget\" data-widget_type=\"heading.default\">\n\t\t\t\t<div class=\"elementor-widget-container\">\n\t\t\t\t\t<h2 class=\"elementor-heading-title elementor-size-default\">Por que os preditores n\u00e3o funcionam<\/h2>\t\t\t\t<\/div>\n\t\t\t\t<\/div>\n\t\t\t\t<div class=\"elementor-element elementor-element-thk1 elementor-widget elementor-widget-text-editor\" data-id=\"thk1\" data-element_type=\"widget\" data-e-type=\"widget\" data-widget_type=\"text-editor.default\">\n\t\t\t\t<div class=\"elementor-widget-container\">\n\t\t\t\t\t\t\t\t\t<p>O Chicken Road usa tecnologia criptogr\u00e1fica comprovadamente justa. O resultado de cada rodada \u00e9 gerado usando uma semente do servidor + semente do jogador + nonce. O resultado \u00e9 determinado antes do in\u00edcio da rodada. Ningu\u00e9m pode alter\u00e1-lo depois que as apostas s\u00e3o feitas. As previs\u00f5es que afirmam ler os resultados futuros s\u00e3o matematicamente imposs\u00edveis.<\/p>\t\t\t\t\t\t\t\t<\/div>\n\t\t\t\t<\/div>\n\t\t\t\t<div class=\"elementor-element elementor-element-h2hk2 elementor-widget elementor-widget-heading\" data-id=\"h2hk2\" data-element_type=\"widget\" data-e-type=\"widget\" data-widget_type=\"heading.default\">\n\t\t\t\t<div class=\"elementor-widget-container\">\n\t\t\t\t\t<h2 class=\"elementor-heading-title elementor-size-default\">Como identificar um golpe<\/h2>\t\t\t\t<\/div>\n\t\t\t\t<\/div>\n\t\t\t\t<div class=\"elementor-element elementor-element-thk2 elementor-widget elementor-widget-text-editor\" data-id=\"thk2\" data-element_type=\"widget\" data-e-type=\"widget\" data-widget_type=\"text-editor.default\">\n\t\t\t\t<div class=\"elementor-widget-container\">\n\t\t\t\t\t\t\t\t\t<p>Solicita suas credenciais de login do cassino. Exige pagamento para desbloquear os sinais. Afirma taxas de ganho de 80-95% - estatisticamente imposs\u00edvel. Hospedado no Telegram, sem propriedade verific\u00e1vel. Afirma que \u00e9 poss\u00edvel hackear o RNG - imposs\u00edvel do lado de fora.<\/p>\t\t\t\t\t\t\t\t<\/div>\n\t\t\t\t<\/div>\n\t\t\t\t<div class=\"elementor-element elementor-element-h2hk3 elementor-widget elementor-widget-heading\" data-id=\"h2hk3\" data-element_type=\"widget\" data-e-type=\"widget\" data-widget_type=\"heading.default\">\n\t\t\t\t<div class=\"elementor-widget-container\">\n\t\t\t\t\t<h2 class=\"elementor-heading-title elementor-size-default\">O que os jogadores experientes realmente usam<\/h2>\t\t\t\t<\/div>\n\t\t\t\t<\/div>\n\t\t\t\t<div class=\"elementor-element elementor-element-thk3 elementor-widget elementor-widget-text-editor\" data-id=\"thk3\" data-element_type=\"widget\" data-e-type=\"widget\" data-widget_type=\"text-editor.default\">\n\t\t\t\t<div class=\"elementor-widget-container\">\n\t\t\t\t\t\t\t\t\t<p><strong>Ponto de sa\u00edda fixo<\/strong> - Decida sua etapa de saque antes da rodada. Os vencedores mais consistentes sacam nas etapas 4 a 7 do Easy, acumulando pequenas vit\u00f3rias em muitas rodadas.<\/p><p><strong>Regras de bankroll da sess\u00e3o<\/strong> - Defina um limite de sess\u00e3o r\u00edgido antes de abrir o jogo. 50 de or\u00e7amento = parar em 25 de perda ou 80 de lucro. Sem exce\u00e7\u00f5es. Isso protege mais dinheiro do que qualquer hack jamais poderia proteger.<\/p><p><strong>Verifica\u00e7\u00e3o comprovadamente justa<\/strong> - voc\u00ea pode verificar cada rodada. Use isso para criar confian\u00e7a no jogo.<\/p>\t\t\t\t\t\t\t\t<\/div>\n\t\t\t\t<\/div>\n\t\t\t\t<div class=\"elementor-element elementor-element-h2hk4 elementor-widget elementor-widget-heading\" data-id=\"h2hk4\" data-element_type=\"widget\" data-e-type=\"widget\" data-widget_type=\"heading.default\">\n\t\t\t\t<div class=\"elementor-widget-container\">\n\t\t\t\t\t<h2 class=\"elementor-heading-title elementor-size-default\">O resultado final<\/h2>\t\t\t\t<\/div>\n\t\t\t\t<\/div>\n\t\t\t\t<div class=\"elementor-element elementor-element-thk4 elementor-widget elementor-widget-text-editor\" data-id=\"thk4\" data-element_type=\"widget\" data-e-type=\"widget\" data-widget_type=\"text-editor.default\">\n\t\t\t\t<div class=\"elementor-widget-container\">\n\t\t\t\t\t\t\t\t\t<p>O Chicken Road n\u00e3o precisa ser hackeado. O RTP 98% j\u00e1 est\u00e1 entre os melhores de qualquer jogo de cassino. A vantagem vem do jogo inteligente. Os jogadores que entendem de probabilidade e gerenciam sua banca superam consistentemente os hack-chasers. Sempre.<\/p>\t\t\t\t\t\t\t\t<\/div>\n\t\t\t\t<\/div>\n\t\t\t\t<div class=\"elementor-element elementor-element-thk_cta elementor-widget elementor-widget-text-editor\" data-id=\"thk_cta\" data-element_type=\"widget\" data-e-type=\"widget\" data-widget_type=\"text-editor.default\">\n\t\t\t\t<div class=\"elementor-widget-container\">\n\t\t\t\t\t\t\t\t\t<p><a href=\"https:\/\/chicken-road.online\/pt\/\"><strong>Pratique a estrat\u00e9gia real com a demonstra\u00e7\u00e3o gratuita do Chicken Road<\/strong><\/a><\/p>\t\t\t\t\t\t\t\t<\/div>\n\t\t\t\t<\/div>\n\t\t\t\t\t<\/div>\n\t\t\t\t<\/div>\n\t\t\t\t<\/div>","protected":false},"excerpt":{"rendered":"<p>The truth about Chicken Road hacks and predictors &#8211; and real strategies that do work.<\/p>","protected":false},"author":3,"featured_media":0,"parent":0,"menu_order":0,"comment_status":"closed","ping_status":"closed","template":"","meta":{"footnotes":""},"class_list":["post-727","page","type-page","status-publish","hentry"],"_links":{"self":[{"href":"https:\/\/chicken-road.online\/pt\/wp-json\/wp\/v2\/pages\/727","targetHints":{"allow":["GET"]}}],"collection":[{"href":"https:\/\/chicken-road.online\/pt\/wp-json\/wp\/v2\/pages"}],"about":[{"href":"https:\/\/chicken-road.online\/pt\/wp-json\/wp\/v2\/types\/page"}],"author":[{"embeddable":true,"href":"https:\/\/chicken-road.online\/pt\/wp-json\/wp\/v2\/users\/3"}],"replies":[{"embeddable":true,"href":"https:\/\/chicken-road.online\/pt\/wp-json\/wp\/v2\/comments?post=727"}],"version-history":[{"count":0,"href":"https:\/\/chicken-road.online\/pt\/wp-json\/wp\/v2\/pages\/727\/revisions"}],"wp:attachment":[{"href":"https:\/\/chicken-road.online\/pt\/wp-json\/wp\/v2\/media?parent=727"}],"curies":[{"name":"wp","href":"https:\/\/api.w.org\/{rel}","templated":true}]}}