{"id":725,"date":"2026-04-05T21:52:21","date_gmt":"2026-04-05T21:52:21","guid":{"rendered":"https:\/\/chicken-road.online\/en\/chicken-road-reviews\/"},"modified":"2026-04-06T13:38:55","modified_gmt":"2026-04-06T13:38:55","slug":"comentarios-sobre-a-chicken-road","status":"publish","type":"page","link":"https:\/\/chicken-road.online\/pt\/comentarios-sobre-a-chicken-road\/","title":{"rendered":"Avalia\u00e7\u00f5es do Chicken Road: O que os jogadores reais dizem ap\u00f3s mais de 1.000 rodadas"},"content":{"rendered":"<div data-elementor-type=\"wp-page\" data-elementor-id=\"725\" class=\"elementor elementor-725 elementor-bc-flex-widget\" data-elementor-post-type=\"page\">\n\t\t\t\t<div class=\"elementor-element elementor-element-banner_h1r1 e-flex e-con-boxed e-con e-parent\" data-id=\"banner_h1r1\" data-element_type=\"container\" data-e-type=\"container\" data-settings=\"{&quot;background_background&quot;:&quot;classic&quot;}\">\n\t\t\t\t\t<div class=\"e-con-inner\">\n\t\t\t\t<div class=\"elementor-element elementor-element-h1r1 elementor-widget elementor-widget-heading\" data-id=\"h1r1\" data-element_type=\"widget\" data-e-type=\"widget\" data-widget_type=\"heading.default\">\n\t\t\t\t<div class=\"elementor-widget-container\">\n\t\t\t\t\t<h1 class=\"elementor-heading-title elementor-size-default\">Avalia\u00e7\u00f5es do Chicken Road<\/h1>\t\t\t\t<\/div>\n\t\t\t\t<\/div>\n\t\t\t\t<div class=\"elementor-element elementor-element-subr1 elementor-widget elementor-widget-heading\" data-id=\"subr1\" data-element_type=\"widget\" data-e-type=\"widget\" data-widget_type=\"heading.default\">\n\t\t\t\t<div class=\"elementor-widget-container\">\n\t\t\t\t\t<h2 class=\"elementor-heading-title elementor-size-default\">O que os jogadores reais dizem depois de mais de 1.000 rodadas<\/h2>\t\t\t\t<\/div>\n\t\t\t\t<\/div>\n\t\t\t\t\t<\/div>\n\t\t\t\t<\/div>\n\t\t<div class=\"elementor-element elementor-element-content_tr_intro e-flex e-con-boxed e-con e-parent\" data-id=\"content_tr_intro\" data-element_type=\"container\" data-e-type=\"container\">\n\t\t\t\t\t<div class=\"e-con-inner\">\n\t\t\t\t<div class=\"elementor-element elementor-element-tr_intro elementor-widget elementor-widget-text-editor\" data-id=\"tr_intro\" data-element_type=\"widget\" data-e-type=\"widget\" data-widget_type=\"text-editor.default\">\n\t\t\t\t<div class=\"elementor-widget-container\">\n\t\t\t\t\t\t\t\t\t<p>Antes de colocar dinheiro real em jogo, voc\u00ea merece um feedback honesto, n\u00e3o uma c\u00f3pia de marketing. Aqui est\u00e1 o que os jogadores com experi\u00eancia real realmente pensam.<\/p>\t\t\t\t\t\t\t\t<\/div>\n\t\t\t\t<\/div>\n\t\t\t\t<div class=\"elementor-element elementor-element-h2r1 elementor-widget elementor-widget-heading\" data-id=\"h2r1\" data-element_type=\"widget\" data-e-type=\"widget\" data-widget_type=\"heading.default\">\n\t\t\t\t<div class=\"elementor-widget-container\">\n\t\t\t\t\t<h2 class=\"elementor-heading-title elementor-size-default\">Classifica\u00e7\u00e3o geral do jogador<\/h2>\t\t\t\t<\/div>\n\t\t\t\t<\/div>\n\t\t\t\t<div class=\"elementor-element elementor-element-tr1 elementor-widget elementor-widget-text-editor\" data-id=\"tr1\" data-element_type=\"widget\" data-e-type=\"widget\" data-widget_type=\"text-editor.default\">\n\t\t\t\t<div class=\"elementor-widget-container\">\n\t\t\t\t\t\t\t\t\t<p><strong>Jogabilidade e mec\u00e2nica:<\/strong> 4.8\/5<br><strong>Equidade e RTP:<\/strong> 4.9\/5<br><strong>Experi\u00eancia m\u00f3vel:<\/strong> 4.5\/5<br><strong>Fator de empolga\u00e7\u00e3o:<\/strong> 5\/5<br><strong>Profundidade da estrat\u00e9gia:<\/strong> 4.6\/5<\/p>\t\t\t\t\t\t\t\t<\/div>\n\t\t\t\t<\/div>\n\t\t\t\t<div class=\"elementor-element elementor-element-h2r2 elementor-widget elementor-widget-heading\" data-id=\"h2r2\" data-element_type=\"widget\" data-e-type=\"widget\" data-widget_type=\"heading.default\">\n\t\t\t\t<div class=\"elementor-widget-container\">\n\t\t\t\t\t<h2 class=\"elementor-heading-title elementor-size-default\">O que os jogadores amam<\/h2>\t\t\t\t<\/div>\n\t\t\t\t<\/div>\n\t\t\t\t<div class=\"elementor-element elementor-element-tr2 elementor-widget elementor-widget-text-editor\" data-id=\"tr2\" data-element_type=\"widget\" data-e-type=\"widget\" data-widget_type=\"text-editor.default\">\n\t\t\t\t<div class=\"elementor-widget-container\">\n\t\t\t\t\t\t\t\t\t<p><strong>Finalmente um jogo de colis\u00e3o em que me sinto no controle<\/strong><br>Patrick, jogador casual: Experimentei o Aviator primeiro e sempre me senti como se estivesse assistindo a um lance de moeda. O Chicken Road \u00e9 diferente - voc\u00ea decide ativamente ap\u00f3s cada etapa. Dobrei meu or\u00e7amento de 50 sess\u00f5es tr\u00eas vezes em uma semana no modo Easy.<\/p><p><strong>O RTP do 98% \u00e9 real - rastreei 800 cartuchos<\/strong><br>Dmitri, jogador experiente: Eu mantive uma planilha para 800 rodadas na dificuldade M\u00e9dia. Meu retorno real foi de 96,8% - pr\u00f3ximo o suficiente para acreditar nisso. Esse jogo faz jus \u00e0 sua reputa\u00e7\u00e3o de ser justo.<\/p><p><strong>O celular \u00e9 suave como manteiga<\/strong><br>Bianca, jogadora somente de celular: Eu jogo exclusivamente no iPhone durante o trajeto para o trabalho. N\u00e3o h\u00e1 atrasos, nem travamentos. J\u00e1 tive sess\u00f5es em que obtive 30 lucros antes de o trem parar.<\/p>\t\t\t\t\t\t\t\t<\/div>\n\t\t\t\t<\/div>\n\t\t\t\t<div class=\"elementor-element elementor-element-h2r3 elementor-widget elementor-widget-heading\" data-id=\"h2r3\" data-element_type=\"widget\" data-e-type=\"widget\" data-widget_type=\"heading.default\">\n\t\t\t\t<div class=\"elementor-widget-container\">\n\t\t\t\t\t<h2 class=\"elementor-heading-title elementor-size-default\">Cr\u00edticas honestas<\/h2>\t\t\t\t<\/div>\n\t\t\t\t<\/div>\n\t\t\t\t<div class=\"elementor-element elementor-element-tr3 elementor-widget elementor-widget-text-editor\" data-id=\"tr3\" data-element_type=\"widget\" data-e-type=\"widget\" data-widget_type=\"text-editor.default\">\n\t\t\t\t<div class=\"elementor-widget-container\">\n\t\t\t\t\t\t\t\t\t<p><strong>Sem recurso de reprodu\u00e7\u00e3o autom\u00e1tica<\/strong> - por design, mas os jogadores passivos podem n\u00e3o perceber isso.<\/p><p><strong>Hardcore \u00e9 uma armadilha para iniciantes<\/strong> - os jogadores sempre relatam que suas piores sess\u00f5es come\u00e7aram quando pularam o Easy\/Medium.<\/p><p><strong>Sele\u00e7\u00e3o limitada de cassinos<\/strong> - Atualmente, principalmente 1win e BDMBet.<\/p>\t\t\t\t\t\t\t\t<\/div>\n\t\t\t\t<\/div>\n\t\t\t\t<div class=\"elementor-element elementor-element-h2r4 elementor-widget elementor-widget-heading\" data-id=\"h2r4\" data-element_type=\"widget\" data-e-type=\"widget\" data-widget_type=\"heading.default\">\n\t\t\t\t<div class=\"elementor-widget-container\">\n\t\t\t\t\t<h2 class=\"elementor-heading-title elementor-size-default\">Veredicto do especialista<\/h2>\t\t\t\t<\/div>\n\t\t\t\t<\/div>\n\t\t\t\t<div class=\"elementor-element elementor-element-tr4 elementor-widget elementor-widget-text-editor\" data-id=\"tr4\" data-element_type=\"widget\" data-e-type=\"widget\" data-widget_type=\"text-editor.default\">\n\t\t\t\t<div class=\"elementor-widget-container\">\n\t\t\t\t\t\t\t\t\t<p>Jogadores estrat\u00e9gicos: Excelente. Jogadores casuais no Easy: \u00f3timo. Grandes apostadores: Fique no Hard e n\u00e3o no Hardcore. F\u00e3s de jogo autom\u00e1tico: esse jogo exige envolvimento ativo.<\/p><p>98% RTP + profundidade estrat\u00e9gica genu\u00edna = uma das melhores op\u00e7\u00f5es de jogos de cassino dispon\u00edveis.<\/p>\t\t\t\t\t\t\t\t<\/div>\n\t\t\t\t<\/div>\n\t\t\t\t<div class=\"elementor-element elementor-element-tr_cta elementor-widget elementor-widget-text-editor\" data-id=\"tr_cta\" data-element_type=\"widget\" data-e-type=\"widget\" data-widget_type=\"text-editor.default\">\n\t\t\t\t<div class=\"elementor-widget-container\">\n\t\t\t\t\t\t\t\t\t<p><a href=\"https:\/\/chicken-road.online\/pt\/\"><strong>Experimente Chicken Road de gra\u00e7a - sem dep\u00f3sito, sem registro<\/strong><\/a><\/p>\t\t\t\t\t\t\t\t<\/div>\n\t\t\t\t<\/div>\n\t\t\t\t\t<\/div>\n\t\t\t\t<\/div>\n\t\t\t\t<\/div>","protected":false},"excerpt":{"rendered":"<p>Cr\u00edticas de jogadores do Real Chicken Road e veredito de especialistas.<\/p>","protected":false},"author":3,"featured_media":0,"parent":0,"menu_order":0,"comment_status":"closed","ping_status":"closed","template":"","meta":{"footnotes":""},"class_list":["post-725","page","type-page","status-publish","hentry"],"_links":{"self":[{"href":"https:\/\/chicken-road.online\/pt\/wp-json\/wp\/v2\/pages\/725","targetHints":{"allow":["GET"]}}],"collection":[{"href":"https:\/\/chicken-road.online\/pt\/wp-json\/wp\/v2\/pages"}],"about":[{"href":"https:\/\/chicken-road.online\/pt\/wp-json\/wp\/v2\/types\/page"}],"author":[{"embeddable":true,"href":"https:\/\/chicken-road.online\/pt\/wp-json\/wp\/v2\/users\/3"}],"replies":[{"embeddable":true,"href":"https:\/\/chicken-road.online\/pt\/wp-json\/wp\/v2\/comments?post=725"}],"version-history":[{"count":1,"href":"https:\/\/chicken-road.online\/pt\/wp-json\/wp\/v2\/pages\/725\/revisions"}],"predecessor-version":[{"id":741,"href":"https:\/\/chicken-road.online\/pt\/wp-json\/wp\/v2\/pages\/725\/revisions\/741"}],"wp:attachment":[{"href":"https:\/\/chicken-road.online\/pt\/wp-json\/wp\/v2\/media?parent=725"}],"curies":[{"name":"wp","href":"https:\/\/api.w.org\/{rel}","templated":true}]}}