{"id":724,"date":"2026-04-05T21:52:19","date_gmt":"2026-04-05T21:52:19","guid":{"rendered":"https:\/\/chicken-road.online\/en\/chicken-road-demo\/"},"modified":"2026-04-06T13:38:36","modified_gmt":"2026-04-06T13:38:36","slug":"demonstracao-de-chicken-road","status":"publish","type":"page","link":"https:\/\/chicken-road.online\/pt\/demonstracao-de-chicken-road\/","title":{"rendered":"Demonstra\u00e7\u00e3o de Chicken Road: Jogue de gra\u00e7a, sem registro e sem risco"},"content":{"rendered":"<div data-elementor-type=\"wp-page\" data-elementor-id=\"724\" class=\"elementor elementor-724 elementor-bc-flex-widget\" data-elementor-post-type=\"page\">\n\t\t\t\t<div class=\"elementor-element elementor-element-banner_h1d1 e-flex e-con-boxed e-con e-parent\" data-id=\"banner_h1d1\" data-element_type=\"container\" data-e-type=\"container\" data-settings=\"{&quot;background_background&quot;:&quot;classic&quot;}\">\n\t\t\t\t\t<div class=\"e-con-inner\">\n\t\t\t\t<div class=\"elementor-element elementor-element-h1d1 elementor-widget elementor-widget-heading\" data-id=\"h1d1\" data-element_type=\"widget\" data-e-type=\"widget\" data-widget_type=\"heading.default\">\n\t\t\t\t<div class=\"elementor-widget-container\">\n\t\t\t\t\t<h1 class=\"elementor-heading-title elementor-size-default\">Demonstra\u00e7\u00e3o da Chicken Road<\/h1>\t\t\t\t<\/div>\n\t\t\t\t<\/div>\n\t\t\t\t<div class=\"elementor-element elementor-element-subd1 elementor-widget elementor-widget-heading\" data-id=\"subd1\" data-element_type=\"widget\" data-e-type=\"widget\" data-widget_type=\"heading.default\">\n\t\t\t\t<div class=\"elementor-widget-container\">\n\t\t\t\t\t<h2 class=\"elementor-heading-title elementor-size-default\">Jogue de gra\u00e7a - sem registro, sem dep\u00f3sito, risco zero<\/h2>\t\t\t\t<\/div>\n\t\t\t\t<\/div>\n\t\t\t\t\t<\/div>\n\t\t\t\t<\/div>\n\t\t<div class=\"elementor-element elementor-element-content_td_intro e-flex e-con-boxed e-con e-parent\" data-id=\"content_td_intro\" data-element_type=\"container\" data-e-type=\"container\">\n\t\t\t\t\t<div class=\"e-con-inner\">\n\t\t\t\t<div class=\"elementor-element elementor-element-td_intro elementor-widget elementor-widget-text-editor\" data-id=\"td_intro\" data-element_type=\"widget\" data-e-type=\"widget\" data-widget_type=\"text-editor.default\">\n\t\t\t\t<div class=\"elementor-widget-container\">\n\t\t\t\t\t\t\t\t\t<p>O <strong>Demonstra\u00e7\u00e3o da Chicken Road<\/strong> permite que voc\u00ea jogue o jogo completo totalmente gratuito. A mesma mec\u00e2nica, os mesmos multiplicadores, a mesma emo\u00e7\u00e3o - com cr\u00e9ditos virtuais em vez de dinheiro real.<\/p>\t\t\t\t\t\t\t\t<\/div>\n\t\t\t\t<\/div>\n\t\t\t\t<div class=\"elementor-element elementor-element-h2d1 elementor-widget elementor-widget-heading\" data-id=\"h2d1\" data-element_type=\"widget\" data-e-type=\"widget\" data-widget_type=\"heading.default\">\n\t\t\t\t<div class=\"elementor-widget-container\">\n\t\t\t\t\t<h2 class=\"elementor-heading-title elementor-size-default\">O que \u00e9 a demonstra\u00e7\u00e3o da Chicken Road?<\/h2>\t\t\t\t<\/div>\n\t\t\t\t<\/div>\n\t\t\t\t<div class=\"elementor-element elementor-element-td1 elementor-widget elementor-widget-text-editor\" data-id=\"td1\" data-element_type=\"widget\" data-e-type=\"widget\" data-widget_type=\"text-editor.default\">\n\t\t\t\t<div class=\"elementor-widget-container\">\n\t\t\t\t\t\t\t\t\t<p>A demonstra\u00e7\u00e3o \u00e9 uma vers\u00e3o de jogo livre com mec\u00e2nica id\u00eantica: os mesmos 4 n\u00edveis de dificuldade, o mesmo RNG comprovadamente justo, o mesmo sistema multiplicador de at\u00e9 x3.203.384 no Hardcore. A \u00fanica diferen\u00e7a \u00e9 que voc\u00ea n\u00e3o pode retirar os ganhos da demonstra\u00e7\u00e3o. O que voc\u00ea ganha \u00e9 experi\u00eancia sem risco.<\/p>\t\t\t\t\t\t\t\t<\/div>\n\t\t\t\t<\/div>\n\t\t\t\t<div class=\"elementor-element elementor-element-h2d2 elementor-widget elementor-widget-heading\" data-id=\"h2d2\" data-element_type=\"widget\" data-e-type=\"widget\" data-widget_type=\"heading.default\">\n\t\t\t\t<div class=\"elementor-widget-container\">\n\t\t\t\t\t<h2 class=\"elementor-heading-title elementor-size-default\">Como jogar - passo a passo<\/h2>\t\t\t\t<\/div>\n\t\t\t\t<\/div>\n\t\t\t\t<div class=\"elementor-element elementor-element-td2 elementor-widget elementor-widget-text-editor\" data-id=\"td2\" data-element_type=\"widget\" data-e-type=\"widget\" data-widget_type=\"text-editor.default\">\n\t\t\t\t<div class=\"elementor-widget-container\">\n\t\t\t\t\t\t\t\t\t<ol><li>Visite chicken-road.online e clique em Play Demo<\/li><li>N\u00e3o \u00e9 necess\u00e1rio registro - carrega instantaneamente<\/li><li>Escolha a dificuldade - comece com Easy se for novo<\/li><li>Definir a aposta virtual de 0,10 a 200<\/li><li>Clique em Play - guie sua galinha pela estrada<\/li><li>Saque na etapa certa - ou alcance o ovo de ouro<\/li><\/ol>\t\t\t\t\t\t\t\t<\/div>\n\t\t\t\t<\/div>\n\t\t\t\t<div class=\"elementor-element elementor-element-h2d3 elementor-widget elementor-widget-heading\" data-id=\"h2d3\" data-element_type=\"widget\" data-e-type=\"widget\" data-widget_type=\"heading.default\">\n\t\t\t\t<div class=\"elementor-widget-container\">\n\t\t\t\t\t<h2 class=\"elementor-heading-title elementor-size-default\">Por que o modo de demonstra\u00e7\u00e3o \u00e9 mais valioso do que voc\u00ea pensa<\/h2>\t\t\t\t<\/div>\n\t\t\t\t<\/div>\n\t\t\t\t<div class=\"elementor-element elementor-element-td3 elementor-widget elementor-widget-text-editor\" data-id=\"td3\" data-element_type=\"widget\" data-e-type=\"widget\" data-widget_type=\"text-editor.default\">\n\t\t\t\t<div class=\"elementor-widget-container\">\n\t\t\t\t\t\t\t\t\t<p><strong>Aprender o tempo e o ritmo<\/strong> - Depois de 20 a 30 rodadas de demonstra\u00e7\u00e3o, sua tomada de decis\u00e3o se torna significativamente mais precisa.<\/p><p><strong>Testar estrat\u00e9gias de saque com seguran\u00e7a<\/strong> - Acompanhe os resultados de 50 rodadas em alvos de diferentes passos. Encontre seu ponto ideal pessoal sem risco financeiro.<\/p><p><strong>Compreender cada dificuldade<\/strong> - O Easy \u00e9 completamente diferente do Hard. Experimente todos eles antes de gastar dinheiro de verdade.<\/p>\t\t\t\t\t\t\t\t<\/div>\n\t\t\t\t<\/div>\n\t\t\t\t<div class=\"elementor-element elementor-element-h2d4 elementor-widget elementor-widget-heading\" data-id=\"h2d4\" data-element_type=\"widget\" data-e-type=\"widget\" data-widget_type=\"heading.default\">\n\t\t\t\t<div class=\"elementor-widget-container\">\n\t\t\t\t\t<h2 class=\"elementor-heading-title elementor-size-default\">Quando mudar para dinheiro real<\/h2>\t\t\t\t<\/div>\n\t\t\t\t<\/div>\n\t\t\t\t<div class=\"elementor-element elementor-element-td4 elementor-widget elementor-widget-text-editor\" data-id=\"td4\" data-element_type=\"widget\" data-e-type=\"widget\" data-widget_type=\"text-editor.default\">\n\t\t\t\t<div class=\"elementor-widget-container\">\n\t\t\t\t\t\t\t\t\t<p>Voc\u00ea estar\u00e1 pronto quando tiver jogado mais de 50 rodadas de demonstra\u00e7\u00e3o sem falir, quando tiver uma estrat\u00e9gia clara de saque que segue consistentemente, quando se sentir calmo ao tomar decis\u00f5es (sem pressa ou emo\u00e7\u00e3o) e quando tiver um or\u00e7amento que se sinta confort\u00e1vel em perder totalmente.<\/p><p>Se voc\u00ea ainda estiver buscando mais um passo no modo de demonstra\u00e7\u00e3o, fique l\u00e1 um pouco mais. Esse h\u00e1bito custa caro no jogo real.<\/p>\t\t\t\t\t\t\t\t<\/div>\n\t\t\t\t<\/div>\n\t\t\t\t<div class=\"elementor-element elementor-element-td_cta elementor-widget elementor-widget-text-editor\" data-id=\"td_cta\" data-element_type=\"widget\" data-e-type=\"widget\" data-widget_type=\"text-editor.default\">\n\t\t\t\t<div class=\"elementor-widget-container\">\n\t\t\t\t\t\t\t\t\t<p><a href=\"https:\/\/chicken-road.online\/pt\/\"><strong>Jogue Chicken Road Demo Free - N\u00e3o \u00e9 necess\u00e1rio se registrar<\/strong><\/a><\/p>\t\t\t\t\t\t\t\t<\/div>\n\t\t\t\t<\/div>\n\t\t\t\t\t<\/div>\n\t\t\t\t<\/div>\n\t\t\t\t<\/div>","protected":false},"excerpt":{"rendered":"<p>Jogue Chicken Road demo de gra\u00e7a. N\u00e3o \u00e9 necess\u00e1rio registro.<\/p>","protected":false},"author":3,"featured_media":0,"parent":0,"menu_order":0,"comment_status":"closed","ping_status":"closed","template":"","meta":{"footnotes":""},"class_list":["post-724","page","type-page","status-publish","hentry"],"_links":{"self":[{"href":"https:\/\/chicken-road.online\/pt\/wp-json\/wp\/v2\/pages\/724","targetHints":{"allow":["GET"]}}],"collection":[{"href":"https:\/\/chicken-road.online\/pt\/wp-json\/wp\/v2\/pages"}],"about":[{"href":"https:\/\/chicken-road.online\/pt\/wp-json\/wp\/v2\/types\/page"}],"author":[{"embeddable":true,"href":"https:\/\/chicken-road.online\/pt\/wp-json\/wp\/v2\/users\/3"}],"replies":[{"embeddable":true,"href":"https:\/\/chicken-road.online\/pt\/wp-json\/wp\/v2\/comments?post=724"}],"version-history":[{"count":1,"href":"https:\/\/chicken-road.online\/pt\/wp-json\/wp\/v2\/pages\/724\/revisions"}],"predecessor-version":[{"id":740,"href":"https:\/\/chicken-road.online\/pt\/wp-json\/wp\/v2\/pages\/724\/revisions\/740"}],"wp:attachment":[{"href":"https:\/\/chicken-road.online\/pt\/wp-json\/wp\/v2\/media?parent=724"}],"curies":[{"name":"wp","href":"https:\/\/api.w.org\/{rel}","templated":true}]}}