{"id":751,"date":"2026-04-06T14:36:06","date_gmt":"2026-04-06T14:36:06","guid":{"rendered":"https:\/\/chicken-road.online\/en\/chicken-road-2-2\/"},"modified":"2026-04-06T14:38:35","modified_gmt":"2026-04-06T14:38:35","slug":"strada-dei-polli-2-2","status":"publish","type":"page","link":"https:\/\/chicken-road.online\/it\/strada-dei-polli-2-2\/","title":{"rendered":"Chicken Road 2 - Data di uscita, nuove caratteristiche e cosa aspettarsi"},"content":{"rendered":"<div data-elementor-type=\"wp-page\" data-elementor-id=\"751\" class=\"elementor elementor-751 elementor-bc-flex-widget\" data-elementor-post-type=\"page\">\n\t\t\t\t<div class=\"elementor-element elementor-element-banner_cr2 e-flex e-con-boxed e-con e-parent\" data-id=\"banner_cr2\" data-element_type=\"container\" data-e-type=\"container\" data-settings=\"{&quot;background_background&quot;:&quot;classic&quot;}\">\n\t\t\t\t\t<div class=\"e-con-inner\">\n\t\t\t\t<div class=\"elementor-element elementor-element-h1_cr2 elementor-widget elementor-widget-heading\" data-id=\"h1_cr2\" data-element_type=\"widget\" data-e-type=\"widget\" data-widget_type=\"heading.default\">\n\t\t\t\t<div class=\"elementor-widget-container\">\n\t\t\t\t\t<h1 class=\"elementor-heading-title elementor-size-default\">Strada dei polli 2<\/h1>\t\t\t\t<\/div>\n\t\t\t\t<\/div>\n\t\t\t\t<div class=\"elementor-element elementor-element-sub_cr2 elementor-widget elementor-widget-heading\" data-id=\"sub_cr2\" data-element_type=\"widget\" data-e-type=\"widget\" data-widget_type=\"heading.default\">\n\t\t\t\t<div class=\"elementor-widget-container\">\n\t\t\t\t\t<h2 class=\"elementor-heading-title elementor-size-default\">Cosa sappiamo - Nuove funzionalit\u00e0, aggiornamenti di release e confronto<\/h2>\t\t\t\t<\/div>\n\t\t\t\t<\/div>\n\t\t\t\t\t<\/div>\n\t\t\t\t<\/div>\n\t\t<div class=\"elementor-element elementor-element-content_cr2 e-flex e-con-boxed e-con e-parent\" data-id=\"content_cr2\" data-element_type=\"container\" data-e-type=\"container\">\n\t\t\t\t\t<div class=\"e-con-inner\">\n\t\t\t\t<div class=\"elementor-element elementor-element-cr2_updated elementor-widget elementor-widget-text-editor\" data-id=\"cr2_updated\" data-element_type=\"widget\" data-e-type=\"widget\" data-widget_type=\"text-editor.default\">\n\t\t\t\t<div class=\"elementor-widget-container\">\n\t\t\t\t\t\t\t\t\t<p style=\"color:#666;font-size:13px;\">Aggiornato: Aprile 2026 | Scritto da: Alex K., analista di giochi d'impatto<\/p>\t\t\t\t\t\t\t\t<\/div>\n\t\t\t\t<\/div>\n\t\t\t\t<div class=\"elementor-element elementor-element-cr2_intro elementor-widget elementor-widget-text-editor\" data-id=\"cr2_intro\" data-element_type=\"widget\" data-e-type=\"widget\" data-widget_type=\"text-editor.default\">\n\t\t\t\t<div class=\"elementor-widget-container\">\n\t\t\t\t\t\t\t\t\t<p>Chicken Road \u00e8 diventato uno dei crash game pi\u00f9 giocati del 2024-2025. I giocatori vogliono naturalmente sapere: esiste un Chicken Road 2? Quali sono i cambiamenti? Quando arriver\u00e0? Questa pagina raccoglie tutte le informazioni attualmente note sul sequel e su ci\u00f2 che i giocatori possono aspettarsi.<\/p>\t\t\t\t\t\t\t\t<\/div>\n\t\t\t\t<\/div>\n\t\t\t\t<div class=\"elementor-element elementor-element-cr2_h2_status elementor-widget elementor-widget-heading\" data-id=\"cr2_h2_status\" data-element_type=\"widget\" data-e-type=\"widget\" data-widget_type=\"heading.default\">\n\t\t\t\t<div class=\"elementor-widget-container\">\n\t\t\t\t\t<h2 class=\"elementor-heading-title elementor-size-default\">Chicken Road 2 - Stato attuale<\/h2>\t\t\t\t<\/div>\n\t\t\t\t<\/div>\n\t\t\t\t<div class=\"elementor-element elementor-element-cr2_t_status elementor-widget elementor-widget-text-editor\" data-id=\"cr2_t_status\" data-element_type=\"widget\" data-e-type=\"widget\" data-widget_type=\"text-editor.default\">\n\t\t\t\t<div class=\"elementor-widget-container\">\n\t\t\t\t\t\t\t\t\t<p>A partire da aprile 2026, <strong>Chicken Road 2 non \u00e8 stato annunciato ufficialmente da InOut Games.<\/strong>. Lo sviluppatore non ha pubblicato una tabella di marcia, una data di uscita o un sequel confermato. Ci\u00f2 che esiste sono speculazioni della comunit\u00e0, fughe di notizie non verificate e contenuti della lista dei desideri dei giocatori.<\/p><p>Detto questo, l'originale Chicken Road continua a ricevere aggiornamenti e la base di giocatori sta crescendo in modo significativo. L'attivit\u00e0 degli sviluppatori suggerisce che il franchise \u00e8 attivo. Un sequel o un aggiornamento importante \u00e8 un'aspettativa ragionevole per il 2026-2027.<\/p>\t\t\t\t\t\t\t\t<\/div>\n\t\t\t\t<\/div>\n\t\t\t\t<div class=\"elementor-element elementor-element-cr2_h2_whatchanged elementor-widget elementor-widget-heading\" data-id=\"cr2_h2_whatchanged\" data-element_type=\"widget\" data-e-type=\"widget\" data-widget_type=\"heading.default\">\n\t\t\t\t<div class=\"elementor-widget-container\">\n\t\t\t\t\t<h2 class=\"elementor-heading-title elementor-size-default\">Cosa vogliono i giocatori in Chicken Road 2<\/h2>\t\t\t\t<\/div>\n\t\t\t\t<\/div>\n\t\t\t\t<div class=\"elementor-element elementor-element-cr2_t_whatchanged elementor-widget elementor-widget-text-editor\" data-id=\"cr2_t_whatchanged\" data-element_type=\"widget\" data-e-type=\"widget\" data-widget_type=\"text-editor.default\">\n\t\t\t\t<div class=\"elementor-widget-container\">\n\t\t\t\t\t\t\t\t\t<p>Sulla base dei forum della comunit\u00e0, delle discussioni su Reddit (r\/crashgames, r\/onlinegambling) e dei feedback dei giocatori sui siti di recensioni dei casin\u00f2, ecco cosa la comunit\u00e0 di Chicken Road desidera maggiormente in un sequel:<\/p>\n<table style=\"width:100%;border-collapse:collapse;font-family:Outfit,sans-serif;font-size:15px;color:#070707;\">\n<thead><tr style=\"background:#8B0000;color:#fff;\">\n<th style=\"padding:10px 14px;\">Richiesta di funzionalit\u00e0<\/th>\n<th style=\"padding:10px 14px;\">Priorit\u00e0 della Comunit\u00e0<\/th>\n<th style=\"padding:10px 14px;\">Stato attuale<\/th>\n<\/tr><\/thead>\n<tbody>\n<tr style=\"background:#fff;border-bottom:1px solid #eee;\"><td style=\"padding:10px 14px;\">Funzione di cashout automatico<\/td><td style=\"padding:10px 14px;\">Molto alto<\/td><td style=\"padding:10px 14px;\">Non disponibile in v1<\/td><\/tr>\n<tr style=\"background:#f9f9f9;border-bottom:1px solid #eee;\"><td style=\"padding:10px 14px;\">Modalit\u00e0 multigiocatore\/sociale<\/td><td style=\"padding:10px 14px;\">Alto<\/td><td style=\"padding:10px 14px;\">Non disponibile in v1<\/td><\/tr>\n<tr style=\"background:#fff;border-bottom:1px solid #eee;\"><td style=\"padding:10px 14px;\">Nuovi ambienti e temi di gioco<\/td><td style=\"padding:10px 14px;\">Medio<\/td><td style=\"padding:10px 14px;\">Tema singolo in v1<\/td><\/tr>\n<tr style=\"background:#f9f9f9;border-bottom:1px solid #eee;\"><td style=\"padding:10px 14px;\">Due scommesse simultanee<\/td><td style=\"padding:10px 14px;\">Alto<\/td><td style=\"padding:10px 14px;\">Non disponibile in v1<\/td><\/tr>\n<tr style=\"background:#fff;border-bottom:1px solid #eee;\"><td style=\"padding:10px 14px;\">Statistiche e cronologia dei turni<\/td><td style=\"padding:10px 14px;\">Alto<\/td><td style=\"padding:10px 14px;\">Limitato in v1<\/td><\/tr>\n<tr style=\"background:#f9f9f9;border-bottom:1px solid #eee;\"><td style=\"padding:10px 14px;\">Modalit\u00e0 torneo \/ classifica<\/td><td style=\"padding:10px 14px;\">Medio<\/td><td style=\"padding:10px 14px;\">Non disponibile in v1<\/td><\/tr>\n<tr style=\"background:#fff;border-bottom:1px solid #eee;\"><td style=\"padding:10px 14px;\">Opzione RTP superiore (99%+)<\/td><td style=\"padding:10px 14px;\">Molto alto<\/td><td style=\"padding:10px 14px;\">Corretto 98% nella v1<\/td><\/tr>\n<\/tbody><\/table>\t\t\t\t\t\t\t\t<\/div>\n\t\t\t\t<\/div>\n\t\t\t\t<div class=\"elementor-element elementor-element-cr2_h2_v1vsv2 elementor-widget elementor-widget-heading\" data-id=\"cr2_h2_v1vsv2\" data-element_type=\"widget\" data-e-type=\"widget\" data-widget_type=\"heading.default\">\n\t\t\t\t<div class=\"elementor-widget-container\">\n\t\t\t\t\t<h2 class=\"elementor-heading-title elementor-size-default\">Chicken Road 1 vs Chicken Road 2 - Cosa potrebbe cambiare<\/h2>\t\t\t\t<\/div>\n\t\t\t\t<\/div>\n\t\t\t\t<div class=\"elementor-element elementor-element-cr2_t_v1vsv2 elementor-widget elementor-widget-text-editor\" data-id=\"cr2_t_v1vsv2\" data-element_type=\"widget\" data-e-type=\"widget\" data-widget_type=\"text-editor.default\">\n\t\t\t\t<div class=\"elementor-widget-container\">\n\t\t\t\t\t\t\t\t\t<p>Sulla base delle tendenze del settore e di come InOut Games ha evoluto altri titoli, ecco una previsione realistica di ci\u00f2 che Chicken Road 2 potrebbe includere:<\/p>\n<p><strong>Grafica e animazione<\/strong> - v1 utilizza una grafica 2D pulita. Un sequel potrebbe passare a animazioni pi\u00f9 dettagliate, variet\u00e0 di ostacoli e ambienti stagionali o a tema.<\/p>\n<p><strong>Meccaniche di gioco<\/strong> - \u00e8 improbabile che la meccanica di base di incasso passo dopo passo cambi - \u00e8 l'identit\u00e0 del gioco. Ma aggiunte come corsie a doppia puntata, giri bonus o potenziamenti speciali potrebbero ampliare l'esperienza.<\/p>\n<p><strong>Caratteristiche sociali<\/strong> - Il pi\u00f9 grande vantaggio di Aviator rispetto a Chicken Road \u00e8 il multiplayer in tempo reale con scommesse visibili dei giocatori. Un Chicken Road 2 con funzioni sociali dal vivo sarebbe in diretta concorrenza con l'attrattiva principale di Aviator.<\/p>\n<p><strong>Incasso automatico<\/strong> - la caratteristica pi\u00f9 richiesta. La sua aggiunta porterebbe Chicken Road in linea con i giochi di crash concorrenti, senza sacrificare l'elemento decisionale manuale (l'incasso automatico sarebbe facoltativo).<\/p>\t\t\t\t\t\t\t\t<\/div>\n\t\t\t\t<\/div>\n\t\t\t\t<div class=\"elementor-element elementor-element-cr2_h2_whilewaiting elementor-widget elementor-widget-heading\" data-id=\"cr2_h2_whilewaiting\" data-element_type=\"widget\" data-e-type=\"widget\" data-widget_type=\"heading.default\">\n\t\t\t\t<div class=\"elementor-widget-container\">\n\t\t\t\t\t<h2 class=\"elementor-heading-title elementor-size-default\">In attesa di Chicken Road 2 - Gioca l'originale<\/h2>\t\t\t\t<\/div>\n\t\t\t\t<\/div>\n\t\t\t\t<div class=\"elementor-element elementor-element-cr2_t_whilewaiting elementor-widget elementor-widget-text-editor\" data-id=\"cr2_t_whilewaiting\" data-element_type=\"widget\" data-e-type=\"widget\" data-widget_type=\"text-editor.default\">\n\t\t\t\t<div class=\"elementor-widget-container\">\n\t\t\t\t\t\t\t\t\t<p>L'originale Chicken Road rimane uno dei migliori giochi d'azzardo disponibili nel 2026. Con un RTP di 98%, una meccanica provabilmente equa e quattro livelli di difficolt\u00e0, offre una maggiore profondit\u00e0 strategica rispetto alla maggior parte dei sequel. Se Chicken Road 2 migliorer\u00e0 su queste basi, sar\u00e0 eccezionale.<\/p><p>Nel frattempo, ogni ora spesa a padroneggiare l'originale \u00e8 un allenamento prezioso. I giocatori che comprendono a fondo le meccaniche della v1 avranno un vantaggio significativo nella v2, quando questa arriver\u00e0.<\/p>\t\t\t\t\t\t\t\t<\/div>\n\t\t\t\t<\/div>\n\t\t\t\t<div class=\"elementor-element elementor-element-cr2_h2_similar elementor-widget elementor-widget-heading\" data-id=\"cr2_h2_similar\" data-element_type=\"widget\" data-e-type=\"widget\" data-widget_type=\"heading.default\">\n\t\t\t\t<div class=\"elementor-widget-container\">\n\t\t\t\t\t<h2 class=\"elementor-heading-title elementor-size-default\">Giochi simili a Chicken Road 2 (disponibile ora)<\/h2>\t\t\t\t<\/div>\n\t\t\t\t<\/div>\n\t\t\t\t<div class=\"elementor-element elementor-element-cr2_t_similar elementor-widget elementor-widget-text-editor\" data-id=\"cr2_t_similar\" data-element_type=\"widget\" data-e-type=\"widget\" data-widget_type=\"text-editor.default\">\n\t\t\t\t<div class=\"elementor-widget-container\">\n\t\t\t\t\t\t\t\t\t<p>Se siete alla ricerca di un'esperienza nuova in attesa di un sequel ufficiale, questi titoli di InOut Games offrono meccaniche simili:<\/p>\n<ul>\n<li><strong>Pollo alla banana<\/strong> - una meccanica a passi simile, con un personaggio diverso e un tema tropicale<\/li>\n<li><strong>Pollo Dash<\/strong> - variante pi\u00f9 veloce con livelli di difficolt\u00e0 modificati<\/li>\n<li><strong>Strada del pesce<\/strong> - gioco di incidenti stradali a tema subacqueo dello stesso studio<\/li>\n<li><strong>Pollo pilota<\/strong> - variante aerea con meccaniche di moltiplicazione basate sul volo<\/li>\n<\/ul>\n<p>Tutti sono disponibili negli stessi casin\u00f2 di Chicken Road (1win, Pin-Up). Vale la pena esplorarli mentre si sviluppa il sequel originale.<\/p>\t\t\t\t\t\t\t\t<\/div>\n\t\t\t\t<\/div>\n\t\t\t\t<div class=\"elementor-element elementor-element-cr2_h2_faq elementor-widget elementor-widget-heading\" data-id=\"cr2_h2_faq\" data-element_type=\"widget\" data-e-type=\"widget\" data-widget_type=\"heading.default\">\n\t\t\t\t<div class=\"elementor-widget-container\">\n\t\t\t\t\t<h2 class=\"elementor-heading-title elementor-size-default\">FAQ: Chicken Road 2<\/h2>\t\t\t\t<\/div>\n\t\t\t\t<\/div>\n\t\t\t\t<div class=\"elementor-element elementor-element-cr2_t_faq elementor-widget elementor-widget-text-editor\" data-id=\"cr2_t_faq\" data-element_type=\"widget\" data-e-type=\"widget\" data-widget_type=\"text-editor.default\">\n\t\t\t\t<div class=\"elementor-widget-container\">\n\t\t\t\t\t\t\t\t\t<p><strong>Chicken Road 2 \u00e8 ufficialmente confermato?<\/strong><br>No. Ad aprile 2026, InOut Games non ha ancora annunciato ufficialmente Chicken Road 2. Questa pagina copre le aspettative della comunit\u00e0 e l'analisi del settore.<\/p>\n<p><strong>Quando uscir\u00e0 Chicken Road 2?<\/strong><br>Non esiste una data di uscita ufficiale. In base ai modelli di attivit\u00e0 degli sviluppatori, un sequel o un aggiornamento importante \u00e8 plausibile nel 2026-2027.<\/p>\n<p><strong>Chicken Road 2 avr\u00e0 un RTP migliore?<\/strong><br>Sconosciuto. L'originale 98% RTP \u00e8 gi\u00e0 eccellente. Qualsiasi sequel dovrebbe mantenere o migliorare questa cifra per rimanere competitivo.<\/p>\n<p><strong>Posso giocare a Chicken Road 2 gratuitamente?<\/strong><br>Al momento dell'uscita, \u00e8 prevista una modalit\u00e0 demo - InOut Games fornisce demo gratuite per tutti i suoi titoli. Fino ad allora, \u00e8 possibile giocare alla demo originale gratuita su chicken-road.online.<\/p>\n<p><strong>Quali casin\u00f2 trasmetteranno Chicken Road 2?<\/strong><br>Tutti i casin\u00f2 che attualmente offrono Chicken Road v1 (1win, Pin-Up) probabilmente offriranno il sequel. InOut Games distribuisce attraverso le stesse reti.<\/p>\n<p><strong>Vale ancora la pena giocare all'originale Chicken Road nel 2026?<\/strong><br>Assolutamente. 98% RTP, provabilmente equo, quattro livelli di difficolt\u00e0 - l'originale rimane uno dei migliori crash game disponibili, indipendentemente dalle notizie sul sequel.<\/p>\t\t\t\t\t\t\t\t<\/div>\n\t\t\t\t<\/div>\n\t\t\t\t<div class=\"elementor-element elementor-element-cr2_links elementor-widget elementor-widget-text-editor\" data-id=\"cr2_links\" data-element_type=\"widget\" data-e-type=\"widget\" data-widget_type=\"text-editor.default\">\n\t\t\t\t<div class=\"elementor-widget-container\">\n\t\t\t\t\t\t\t\t\t<p>Correlato: <a href=\"https:\/\/chicken-road.online\/it\/\">Gioca la demo di Chicken Road gratuitamente<\/a> | <a href=\"https:\/\/chicken-road.online\/it\/strategia-della-strada-dei-polli\/\">Guida alla strategia<\/a> | <a href=\"https:\/\/chicken-road.online\/it\/chicken-road-vs-other-crash-games\/\">Chicken Road vs altri giochi di crash<\/a><\/p>\t\t\t\t\t\t\t\t<\/div>\n\t\t\t\t<\/div>\n\t\t\t\t<div class=\"elementor-element elementor-element-cr2_cta elementor-widget elementor-widget-text-editor\" data-id=\"cr2_cta\" data-element_type=\"widget\" data-e-type=\"widget\" data-widget_type=\"text-editor.default\">\n\t\t\t\t<div class=\"elementor-widget-container\">\n\t\t\t\t\t\t\t\t\t<p><strong><a href=\"https:\/\/chicken-road.online\/it\/\">Gioca a Chicken Road original - demo gratuita, senza registrazione<\/a><\/strong><\/p>\t\t\t\t\t\t\t\t<\/div>\n\t\t\t\t<\/div>\n\t\t\t\t\t<\/div>\n\t\t\t\t<\/div>\n\t\t\t\t<\/div>","protected":false},"excerpt":{"rendered":"<p>Tutto quello che si sa su Chicken Road 2 - data di uscita, caratteristiche previste e confronto con l'originale.<\/p>","protected":false},"author":3,"featured_media":0,"parent":0,"menu_order":0,"comment_status":"closed","ping_status":"closed","template":"","meta":{"footnotes":""},"class_list":["post-751","page","type-page","status-publish","hentry"],"_links":{"self":[{"href":"https:\/\/chicken-road.online\/it\/wp-json\/wp\/v2\/pages\/751","targetHints":{"allow":["GET"]}}],"collection":[{"href":"https:\/\/chicken-road.online\/it\/wp-json\/wp\/v2\/pages"}],"about":[{"href":"https:\/\/chicken-road.online\/it\/wp-json\/wp\/v2\/types\/page"}],"author":[{"embeddable":true,"href":"https:\/\/chicken-road.online\/it\/wp-json\/wp\/v2\/users\/3"}],"replies":[{"embeddable":true,"href":"https:\/\/chicken-road.online\/it\/wp-json\/wp\/v2\/comments?post=751"}],"version-history":[{"count":1,"href":"https:\/\/chicken-road.online\/it\/wp-json\/wp\/v2\/pages\/751\/revisions"}],"predecessor-version":[{"id":752,"href":"https:\/\/chicken-road.online\/it\/wp-json\/wp\/v2\/pages\/751\/revisions\/752"}],"wp:attachment":[{"href":"https:\/\/chicken-road.online\/it\/wp-json\/wp\/v2\/media?parent=751"}],"curies":[{"name":"wp","href":"https:\/\/api.w.org\/{rel}","templated":true}]}}