{"id":729,"date":"2026-04-05T21:52:29","date_gmt":"2026-04-05T21:52:29","guid":{"rendered":"https:\/\/chicken-road.online\/en\/how-to-win-chicken-road\/"},"modified":"2026-04-05T21:52:29","modified_gmt":"2026-04-05T21:52:29","slug":"come-vincere-la-strada-del-pollo","status":"publish","type":"page","link":"https:\/\/chicken-road.online\/it\/come-vincere-la-strada-del-pollo\/","title":{"rendered":"Come vincere a Chicken Road: Le tattiche collaudate dei giocatori che hanno battuto la casa"},"content":{"rendered":"<div data-elementor-type=\"wp-page\" data-elementor-id=\"729\" class=\"elementor elementor-729 elementor-bc-flex-widget\" data-elementor-post-type=\"page\">\n\t\t\t\t<div class=\"elementor-element elementor-element-banner_h1hw e-flex e-con-boxed e-con e-parent\" data-id=\"banner_h1hw\" data-element_type=\"container\" data-e-type=\"container\" data-settings=\"{&quot;background_background&quot;:&quot;classic&quot;}\">\n\t\t\t\t\t<div class=\"e-con-inner\">\n\t\t\t\t<div class=\"elementor-element elementor-element-h1hw elementor-widget elementor-widget-heading\" data-id=\"h1hw\" data-element_type=\"widget\" data-e-type=\"widget\" data-widget_type=\"heading.default\">\n\t\t\t\t<div class=\"elementor-widget-container\">\n\t\t\t\t\t<h1 class=\"elementor-heading-title elementor-size-default\">Come vincere a Chicken Road<\/h1>\t\t\t\t<\/div>\n\t\t\t\t<\/div>\n\t\t\t\t<div class=\"elementor-element elementor-element-subhw elementor-widget elementor-widget-heading\" data-id=\"subhw\" data-element_type=\"widget\" data-e-type=\"widget\" data-widget_type=\"heading.default\">\n\t\t\t\t<div class=\"elementor-widget-container\">\n\t\t\t\t\t<h2 class=\"elementor-heading-title elementor-size-default\">Le tattiche collaudate dei giocatori che hanno battuto la casa<\/h2>\t\t\t\t<\/div>\n\t\t\t\t<\/div>\n\t\t\t\t\t<\/div>\n\t\t\t\t<\/div>\n\t\t<div class=\"elementor-element elementor-element-content_thw_intro e-flex e-con-boxed e-con e-parent\" data-id=\"content_thw_intro\" data-element_type=\"container\" data-e-type=\"container\">\n\t\t\t\t\t<div class=\"e-con-inner\">\n\t\t\t\t<div class=\"elementor-element elementor-element-thw_intro elementor-widget elementor-widget-text-editor\" data-id=\"thw_intro\" data-element_type=\"widget\" data-e-type=\"widget\" data-widget_type=\"text-editor.default\">\n\t\t\t\t<div class=\"elementor-widget-container\">\n\t\t\t\t\t\t\t\t\t<p>Vincere costantemente a Chicken Road non \u00e8 questione di fortuna, ma di prendere decisioni migliori rispetto alla media dei giocatori in ogni singolo round.<\/p>\t\t\t\t\t\t\t\t<\/div>\n\t\t\t\t<\/div>\n\t\t\t\t<div class=\"elementor-element elementor-element-h2hw1 elementor-widget elementor-widget-heading\" data-id=\"h2hw1\" data-element_type=\"widget\" data-e-type=\"widget\" data-widget_type=\"heading.default\">\n\t\t\t\t<div class=\"elementor-widget-container\">\n\t\t\t\t\t<h2 class=\"elementor-heading-title elementor-size-default\">La verit\u00e0 fondamentale<\/h2>\t\t\t\t<\/div>\n\t\t\t\t<\/div>\n\t\t\t\t<div class=\"elementor-element elementor-element-thw1 elementor-widget elementor-widget-text-editor\" data-id=\"thw1\" data-element_type=\"widget\" data-e-type=\"widget\" data-widget_type=\"text-editor.default\">\n\t\t\t\t<div class=\"elementor-widget-container\">\n\t\t\t\t\t\t\t\t\t<p>98% RTP significa che per ogni 100 scommesse, 98 ritornano ai giocatori in media. Il margine della casa \u00e8 di soli 2% - straordinariamente basso. Le sessioni brevi possono assolutamente finire in profitto. La disciplina su molte sessioni batte la fortuna di una sola volta.<\/p>\t\t\t\t\t\t\t\t<\/div>\n\t\t\t\t<\/div>\n\t\t\t\t<div class=\"elementor-element elementor-element-h2hw2 elementor-widget elementor-widget-heading\" data-id=\"h2hw2\" data-element_type=\"widget\" data-e-type=\"widget\" data-widget_type=\"heading.default\">\n\t\t\t\t<div class=\"elementor-widget-container\">\n\t\t\t\t\t<h2 class=\"elementor-heading-title elementor-size-default\">Tattica 1: Impegno pre-gara<\/h2>\t\t\t\t<\/div>\n\t\t\t\t<\/div>\n\t\t\t\t<div class=\"elementor-element elementor-element-thw2 elementor-widget elementor-widget-text-editor\" data-id=\"thw2\" data-element_type=\"widget\" data-e-type=\"widget\" data-widget_type=\"text-editor.default\">\n\t\t\t\t<div class=\"elementor-widget-container\">\n\t\t\t\t\t\t\t\t\t<p>Prima di ogni round, decidete la vostra fase di cash-out. Ditelo ad alta voce: Esco al passo 7. Poi fatelo. Il pi\u00f9 grande schema di perdita: l'intenzione di incassare alla fase 6, ma andare oltre perch\u00e9 ci si sente sicuri. L'impegno prima del round elimina completamente questo problema.<\/p>\t\t\t\t\t\t\t\t<\/div>\n\t\t\t\t<\/div>\n\t\t\t\t<div class=\"elementor-element elementor-element-h2hw3 elementor-widget elementor-widget-heading\" data-id=\"h2hw3\" data-element_type=\"widget\" data-e-type=\"widget\" data-widget_type=\"heading.default\">\n\t\t\t\t<div class=\"elementor-widget-container\">\n\t\t\t\t\t<h2 class=\"elementor-heading-title elementor-size-default\">Tattica 2: adeguare la difficolt\u00e0 all'obiettivo<\/h2>\t\t\t\t<\/div>\n\t\t\t\t<\/div>\n\t\t\t\t<div class=\"elementor-element elementor-element-thw3 elementor-widget elementor-widget-text-editor\" data-id=\"thw3\" data-element_type=\"widget\" data-e-type=\"widget\" data-widget_type=\"text-editor.default\">\n\t\t\t\t<div class=\"elementor-widget-container\">\n\t\t\t\t\t\t\t\t\t<p>Piccoli profitti costanti: Facile, passi 5-8, moltiplicatore x2-x5.<br>Rischio\/rendimento equilibrato: Medio, fasi 8-12, x10-x100.<br>Occasionali grandi vincite: Difficile, passi 10-15, x100-x5.000.<br>Varianza estrema: Hardcore, passi 8-12, x1.000+.<\/p>\t\t\t\t\t\t\t\t<\/div>\n\t\t\t\t<\/div>\n\t\t\t\t<div class=\"elementor-element elementor-element-h2hw4 elementor-widget elementor-widget-heading\" data-id=\"h2hw4\" data-element_type=\"widget\" data-e-type=\"widget\" data-widget_type=\"heading.default\">\n\t\t\t\t<div class=\"elementor-widget-container\">\n\t\t\t\t\t<h2 class=\"elementor-heading-title elementor-size-default\">Tattica 3: la divisione della sessione<\/h2>\t\t\t\t<\/div>\n\t\t\t\t<\/div>\n\t\t\t\t<div class=\"elementor-element elementor-element-thw4 elementor-widget elementor-widget-text-editor\" data-id=\"thw4\" data-element_type=\"widget\" data-e-type=\"widget\" data-widget_type=\"text-editor.default\">\n\t\t\t\t<div class=\"elementor-widget-container\">\n\t\t\t\t\t\t\t\t\t<p>Non giocate mai l'intero budget ad una sola difficolt\u00e0: 70% alla difficolt\u00e0 base (conservativa), 20% ad un livello superiore (occasionale maggiore oscillazione), 10% di riserva (usata solo se gi\u00e0 in attivo).<\/p>\t\t\t\t\t\t\t\t<\/div>\n\t\t\t\t<\/div>\n\t\t\t\t<div class=\"elementor-element elementor-element-h2hw5 elementor-widget elementor-widget-heading\" data-id=\"h2hw5\" data-element_type=\"widget\" data-e-type=\"widget\" data-widget_type=\"heading.default\">\n\t\t\t\t<div class=\"elementor-widget-container\">\n\t\t\t\t\t<h2 class=\"elementor-heading-title elementor-size-default\">Tattiche 4, 5 e 6<\/h2>\t\t\t\t<\/div>\n\t\t\t\t<\/div>\n\t\t\t\t<div class=\"elementor-element elementor-element-thw5 elementor-widget elementor-widget-text-editor\" data-id=\"thw5\" data-element_type=\"widget\" data-e-type=\"widget\" data-widget_type=\"text-editor.default\">\n\t\t\t\t<div class=\"elementor-widget-container\">\n\t\t\t\t\t\t\t\t\t<p><strong>Regola della striscia:<\/strong> Dopo 3 sconfitte consecutive alla stessa difficolt\u00e0, scendere di un livello per i 5 round successivi. Gestione della varianza, non superstizione.<\/p><p><strong>Tracciare le sessioni:<\/strong> Un semplice registro: data, difficolt\u00e0, risultato. La maggior parte dei giocatori scopre che le proprie sessioni negative sono accomunate da uno schema: di solito, una difficolt\u00e0 specifica che d\u00e0 costantemente risultati insufficienti.<\/p><p><strong>Prima la demo:<\/strong> Prima di testare una nuova strategia con denaro reale, eseguite 50 giri demo. Se la strategia sopravvive a 35 o pi\u00f9, vale la pena di testarla con piccole puntate reali.<\/p>\t\t\t\t\t\t\t\t<\/div>\n\t\t\t\t<\/div>\n\t\t\t\t<div class=\"elementor-element elementor-element-h2hw6 elementor-widget elementor-widget-heading\" data-id=\"h2hw6\" data-element_type=\"widget\" data-e-type=\"widget\" data-widget_type=\"heading.default\">\n\t\t\t\t<div class=\"elementor-widget-container\">\n\t\t\t\t\t<h2 class=\"elementor-heading-title elementor-size-default\">Vincitori e perdenti: L'unica differenza<\/h2>\t\t\t\t<\/div>\n\t\t\t\t<\/div>\n\t\t\t\t<div class=\"elementor-element elementor-element-thw6 elementor-widget elementor-widget-text-editor\" data-id=\"thw6\" data-element_type=\"widget\" data-e-type=\"widget\" data-widget_type=\"text-editor.default\">\n\t\t\t\t<div class=\"elementor-widget-container\">\n\t\t\t\t\t\t\t\t\t<p>Vincitori: stabilire le regole di uscita prima di ogni turno, attenersi alle difficolt\u00e0, monitorare i risultati.<br>Perdenti: decidere a met\u00e0 turno, inseguire le sconfitte, passare a Hardcore quando si perde.<br>Il gioco \u00e8 equo. La differenza sta tutta nel modo in cui lo si gioca.<\/p>\t\t\t\t\t\t\t\t<\/div>\n\t\t\t\t<\/div>\n\t\t\t\t<div class=\"elementor-element elementor-element-thw_cta elementor-widget elementor-widget-text-editor\" data-id=\"thw_cta\" data-element_type=\"widget\" data-e-type=\"widget\" data-widget_type=\"text-editor.default\">\n\t\t\t\t<div class=\"elementor-widget-container\">\n\t\t\t\t\t\t\t\t\t<p><a href=\"https:\/\/chicken-road.online\/it\/\"><strong>Applicate queste tattiche nella demo gratuita di Chicken Road: iniziate subito.<\/strong><\/a><\/p>\t\t\t\t\t\t\t\t<\/div>\n\t\t\t\t<\/div>\n\t\t\t\t\t<\/div>\n\t\t\t\t<\/div>\n\t\t\t\t<\/div>","protected":false},"excerpt":{"rendered":"<p>6 tattiche collaudate per vincere a Chicken Road da parte di giocatori esperti.<\/p>","protected":false},"author":3,"featured_media":0,"parent":0,"menu_order":0,"comment_status":"closed","ping_status":"closed","template":"","meta":{"footnotes":""},"class_list":["post-729","page","type-page","status-publish","hentry"],"_links":{"self":[{"href":"https:\/\/chicken-road.online\/it\/wp-json\/wp\/v2\/pages\/729","targetHints":{"allow":["GET"]}}],"collection":[{"href":"https:\/\/chicken-road.online\/it\/wp-json\/wp\/v2\/pages"}],"about":[{"href":"https:\/\/chicken-road.online\/it\/wp-json\/wp\/v2\/types\/page"}],"author":[{"embeddable":true,"href":"https:\/\/chicken-road.online\/it\/wp-json\/wp\/v2\/users\/3"}],"replies":[{"embeddable":true,"href":"https:\/\/chicken-road.online\/it\/wp-json\/wp\/v2\/comments?post=729"}],"version-history":[{"count":0,"href":"https:\/\/chicken-road.online\/it\/wp-json\/wp\/v2\/pages\/729\/revisions"}],"wp:attachment":[{"href":"https:\/\/chicken-road.online\/it\/wp-json\/wp\/v2\/media?parent=729"}],"curies":[{"name":"wp","href":"https:\/\/api.w.org\/{rel}","templated":true}]}}