{"id":728,"date":"2026-04-05T21:52:27","date_gmt":"2026-04-05T21:52:27","guid":{"rendered":"https:\/\/chicken-road.online\/en\/chicken-road-big-win\/"},"modified":"2026-04-05T21:52:27","modified_gmt":"2026-04-05T21:52:27","slug":"vittoria-del-pollo-su-strada","status":"publish","type":"page","link":"https:\/\/chicken-road.online\/it\/vittoria-del-pollo-su-strada\/","title":{"rendered":"Chicken Road Big Win: Storie vere, moltiplicatori massimi e come inseguirli"},"content":{"rendered":"<div data-elementor-type=\"wp-page\" data-elementor-id=\"728\" class=\"elementor elementor-728 elementor-bc-flex-widget\" data-elementor-post-type=\"page\">\n\t\t\t\t<div class=\"elementor-element elementor-element-banner_h1bw e-flex e-con-boxed e-con e-parent\" data-id=\"banner_h1bw\" data-element_type=\"container\" data-e-type=\"container\" data-settings=\"{&quot;background_background&quot;:&quot;classic&quot;}\">\n\t\t\t\t\t<div class=\"e-con-inner\">\n\t\t\t\t<div class=\"elementor-element elementor-element-h1bw elementor-widget elementor-widget-heading\" data-id=\"h1bw\" data-element_type=\"widget\" data-e-type=\"widget\" data-widget_type=\"heading.default\">\n\t\t\t\t<div class=\"elementor-widget-container\">\n\t\t\t\t\t<h1 class=\"elementor-heading-title elementor-size-default\">Grande vittoria di Chicken Road<\/h1>\t\t\t\t<\/div>\n\t\t\t\t<\/div>\n\t\t\t\t<div class=\"elementor-element elementor-element-subbw elementor-widget elementor-widget-heading\" data-id=\"subbw\" data-element_type=\"widget\" data-e-type=\"widget\" data-widget_type=\"heading.default\">\n\t\t\t\t<div class=\"elementor-widget-container\">\n\t\t\t\t\t<h2 class=\"elementor-heading-title elementor-size-default\">Storie vere, moltiplicatori massimi e come inseguirli<\/h2>\t\t\t\t<\/div>\n\t\t\t\t<\/div>\n\t\t\t\t\t<\/div>\n\t\t\t\t<\/div>\n\t\t<div class=\"elementor-element elementor-element-content_tbw_intro e-flex e-con-boxed e-con e-parent\" data-id=\"content_tbw_intro\" data-element_type=\"container\" data-e-type=\"container\">\n\t\t\t\t\t<div class=\"e-con-inner\">\n\t\t\t\t<div class=\"elementor-element elementor-element-tbw_intro elementor-widget elementor-widget-text-editor\" data-id=\"tbw_intro\" data-element_type=\"widget\" data-e-type=\"widget\" data-widget_type=\"text-editor.default\">\n\t\t\t\t<div class=\"elementor-widget-container\">\n\t\t\t\t\t\t\t\t\t<p>Il moltiplicatore massimo Hardcore in Chicken Road \u00e8 x3.203.384. Con una puntata di 1, oltre 3 milioni. Capire il potenziale di vincita aiuta a giocare in modo pi\u00f9 intelligente, non solo pi\u00f9 grande.<\/p>\t\t\t\t\t\t\t\t<\/div>\n\t\t\t\t<\/div>\n\t\t\t\t<div class=\"elementor-element elementor-element-h2bw1 elementor-widget elementor-widget-heading\" data-id=\"h2bw1\" data-element_type=\"widget\" data-e-type=\"widget\" data-widget_type=\"heading.default\">\n\t\t\t\t<div class=\"elementor-widget-container\">\n\t\t\t\t\t<h2 class=\"elementor-heading-title elementor-size-default\">Storie di grandi vittorie reali<\/h2>\t\t\t\t<\/div>\n\t\t\t\t<\/div>\n\t\t\t\t<div class=\"elementor-element elementor-element-tbw1 elementor-widget elementor-widget-text-editor\" data-id=\"tbw1\" data-element_type=\"widget\" data-e-type=\"widget\" data-widget_type=\"text-editor.default\">\n\t\t\t\t<div class=\"elementor-widget-container\">\n\t\t\t\t\t\t\t\t\t<p><strong>La sessione hardcore x4.800<\/strong><br>Un giocatore di un forum di 1win ha riferito di aver raggiunto x4.800 su Hardcore con una puntata di 2 - un ritorno di 9.600 in un solo round. I suoi successivi 40 round di Hardcore sono stati delle perdite. Verdetto: da quel momento sono tornato a Hardcore.<\/p><p><strong>Il paziente medio macina<\/strong><br>Un giocatore ha documentato un profitto di 200 in 3 ore su Medium - incassando tra i passi 8-12. Nessuna vincita singola e massiccia, ma pi\u00f9 di 40 round di successo con una media di 5 ciascuno. Noioso da guardare. Ma il mio bankroll non mente.<\/p>\t\t\t\t\t\t\t\t<\/div>\n\t\t\t\t<\/div>\n\t\t\t\t<div class=\"elementor-element elementor-element-h2bw2 elementor-widget elementor-widget-heading\" data-id=\"h2bw2\" data-element_type=\"widget\" data-e-type=\"widget\" data-widget_type=\"heading.default\">\n\t\t\t\t<div class=\"elementor-widget-container\">\n\t\t\t\t\t<h2 class=\"elementor-heading-title elementor-size-default\">Potenziale di vincita massima in base alla difficolt\u00e0<\/h2>\t\t\t\t<\/div>\n\t\t\t\t<\/div>\n\t\t\t\t<div class=\"elementor-element elementor-element-tbw2 elementor-widget elementor-widget-text-editor\" data-id=\"tbw2\" data-element_type=\"widget\" data-e-type=\"widget\" data-widget_type=\"text-editor.default\">\n\t\t\t\t<div class=\"elementor-widget-container\">\n\t\t\t\t\t\t\t\t\t<p><strong>Facile:<\/strong> max x24,5 - realistico, realizzabile.<br><strong>Media:<\/strong> max x2.254 - raro ma succede.<br><strong>Difficile:<\/strong> max x52.067 - molto raro.<br><strong>Hardcore:<\/strong> max x3.203.384 - massimo teorico.<\/p>\t\t\t\t\t\t\t\t<\/div>\n\t\t\t\t<\/div>\n\t\t\t\t<div class=\"elementor-element elementor-element-h2bw3 elementor-widget elementor-widget-heading\" data-id=\"h2bw3\" data-element_type=\"widget\" data-e-type=\"widget\" data-widget_type=\"heading.default\">\n\t\t\t\t<div class=\"elementor-widget-container\">\n\t\t\t\t\t<h2 class=\"elementor-heading-title elementor-size-default\">Come inseguire grandi vincite senza andare in rosso<\/h2>\t\t\t\t<\/div>\n\t\t\t\t<\/div>\n\t\t\t\t<div class=\"elementor-element elementor-element-tbw3 elementor-widget elementor-widget-text-editor\" data-id=\"tbw3\" data-element_type=\"widget\" data-e-type=\"widget\" data-widget_type=\"text-editor.default\">\n\t\t\t\t<div class=\"elementor-widget-container\">\n\t\t\t\t\t\t\t\t\t<p>Dividete il budget della sessione in livelli. Con un budget di 100: 60 su Easy (base conservativa), 30 su Medium (obiettivo x100-x500), 10 su Hard (il budget del biglietto della lotteria). In questo modo si rimane in gioco abbastanza a lungo per ottenere una grossa vincita.<\/p>\t\t\t\t\t\t\t\t<\/div>\n\t\t\t\t<\/div>\n\t\t\t\t<div class=\"elementor-element elementor-element-h2bw4 elementor-widget elementor-widget-heading\" data-id=\"h2bw4\" data-element_type=\"widget\" data-e-type=\"widget\" data-widget_type=\"heading.default\">\n\t\t\t\t<div class=\"elementor-widget-container\">\n\t\t\t\t\t<h2 class=\"elementor-heading-title elementor-size-default\">La giusta mentalit\u00e0<\/h2>\t\t\t\t<\/div>\n\t\t\t\t<\/div>\n\t\t\t\t<div class=\"elementor-element elementor-element-tbw4 elementor-widget elementor-widget-text-editor\" data-id=\"tbw4\" data-element_type=\"widget\" data-e-type=\"widget\" data-widget_type=\"text-editor.default\">\n\t\t\t\t<div class=\"elementor-widget-container\">\n\t\t\t\t\t\t\t\t\t<p>I giocatori che ottengono grandi vincite le trattano come bonus, non come obiettivi. Giocano per l'esperienza, gestiscono il bankroll con attenzione e lasciano che la varianza agisca nel tempo. Quando si verifica un moltiplicatore x2.000, si verifica solo per i giocatori che stavano ancora giocando.<\/p>\t\t\t\t\t\t\t\t<\/div>\n\t\t\t\t<\/div>\n\t\t\t\t<div class=\"elementor-element elementor-element-tbw_cta elementor-widget elementor-widget-text-editor\" data-id=\"tbw_cta\" data-element_type=\"widget\" data-e-type=\"widget\" data-widget_type=\"text-editor.default\">\n\t\t\t\t<div class=\"elementor-widget-container\">\n\t\t\t\t\t\t\t\t\t<p><a href=\"https:\/\/chicken-road.online\/it\/\"><strong>Iniziare con la demo gratuita - nessun rischio, tutte le meccaniche<\/strong><\/a><\/p>\t\t\t\t\t\t\t\t<\/div>\n\t\t\t\t<\/div>\n\t\t\t\t\t<\/div>\n\t\t\t\t<\/div>\n\t\t\t\t<\/div>","protected":false},"excerpt":{"rendered":"<p>Storie di grandi vincite di Real Chicken Road e tattiche per inseguire moltiplicatori elevati.<\/p>","protected":false},"author":3,"featured_media":0,"parent":0,"menu_order":0,"comment_status":"closed","ping_status":"closed","template":"","meta":{"footnotes":""},"class_list":["post-728","page","type-page","status-publish","hentry"],"_links":{"self":[{"href":"https:\/\/chicken-road.online\/it\/wp-json\/wp\/v2\/pages\/728","targetHints":{"allow":["GET"]}}],"collection":[{"href":"https:\/\/chicken-road.online\/it\/wp-json\/wp\/v2\/pages"}],"about":[{"href":"https:\/\/chicken-road.online\/it\/wp-json\/wp\/v2\/types\/page"}],"author":[{"embeddable":true,"href":"https:\/\/chicken-road.online\/it\/wp-json\/wp\/v2\/users\/3"}],"replies":[{"embeddable":true,"href":"https:\/\/chicken-road.online\/it\/wp-json\/wp\/v2\/comments?post=728"}],"version-history":[{"count":0,"href":"https:\/\/chicken-road.online\/it\/wp-json\/wp\/v2\/pages\/728\/revisions"}],"wp:attachment":[{"href":"https:\/\/chicken-road.online\/it\/wp-json\/wp\/v2\/media?parent=728"}],"curies":[{"name":"wp","href":"https:\/\/api.w.org\/{rel}","templated":true}]}}