{"id":727,"date":"2026-04-05T21:52:25","date_gmt":"2026-04-05T21:52:25","guid":{"rendered":"https:\/\/chicken-road.online\/en\/chicken-road-hack-predictor\/"},"modified":"2026-04-05T21:52:25","modified_gmt":"2026-04-05T21:52:25","slug":"predittore-di-hacking-stradale-per-polli","status":"publish","type":"page","link":"https:\/\/chicken-road.online\/it\/predittore-di-hacking-stradale-per-polli\/","title":{"rendered":"Il metodo e il predittore di Chicken Road: La verit\u00e0 (e ci\u00f2 che funziona davvero)"},"content":{"rendered":"<div data-elementor-type=\"wp-page\" data-elementor-id=\"727\" class=\"elementor elementor-727 elementor-bc-flex-widget\" data-elementor-post-type=\"page\">\n\t\t\t\t<div class=\"elementor-element elementor-element-banner_h1hk e-flex e-con-boxed e-con e-parent\" data-id=\"banner_h1hk\" data-element_type=\"container\" data-e-type=\"container\" data-settings=\"{&quot;background_background&quot;:&quot;classic&quot;}\">\n\t\t\t\t\t<div class=\"e-con-inner\">\n\t\t\t\t<div class=\"elementor-element elementor-element-h1hk elementor-widget elementor-widget-heading\" data-id=\"h1hk\" data-element_type=\"widget\" data-e-type=\"widget\" data-widget_type=\"heading.default\">\n\t\t\t\t<div class=\"elementor-widget-container\">\n\t\t\t\t\t<h1 class=\"elementor-heading-title elementor-size-default\">Hack e predittore della strada dei polli<\/h1>\t\t\t\t<\/div>\n\t\t\t\t<\/div>\n\t\t\t\t<div class=\"elementor-element elementor-element-subhk elementor-widget elementor-widget-heading\" data-id=\"subhk\" data-element_type=\"widget\" data-e-type=\"widget\" data-widget_type=\"heading.default\">\n\t\t\t\t<div class=\"elementor-widget-container\">\n\t\t\t\t\t<h2 class=\"elementor-heading-title elementor-size-default\">La verit\u00e0 e ci\u00f2 che funziona davvero<\/h2>\t\t\t\t<\/div>\n\t\t\t\t<\/div>\n\t\t\t\t\t<\/div>\n\t\t\t\t<\/div>\n\t\t<div class=\"elementor-element elementor-element-content_thk_intro e-flex e-con-boxed e-con e-parent\" data-id=\"content_thk_intro\" data-element_type=\"container\" data-e-type=\"container\">\n\t\t\t\t\t<div class=\"e-con-inner\">\n\t\t\t\t<div class=\"elementor-element elementor-element-thk_intro elementor-widget elementor-widget-text-editor\" data-id=\"thk_intro\" data-element_type=\"widget\" data-e-type=\"widget\" data-widget_type=\"text-editor.default\">\n\t\t\t\t<div class=\"elementor-widget-container\">\n\t\t\t\t\t\t\t\t\t<p>Non esiste un hack per Chicken Road. Nessun predittore, nessuna app di segnalazione, nessun bot che vi dica dove sar\u00e0 la prossima trappola. Chiunque ne venda uno si sta prendendo i vostri soldi o i vostri dati.<\/p><p>L'aspetto interessante \u00e8 che non \u00e8 necessario un hack per vincere in modo consistente. L'RTP di 98% e il sistema provabilmente equo offrono gi\u00e0 probabilit\u00e0 migliori di quasi tutti gli altri giochi da casin\u00f2.<\/p>\t\t\t\t\t\t\t\t<\/div>\n\t\t\t\t<\/div>\n\t\t\t\t<div class=\"elementor-element elementor-element-h2hk1 elementor-widget elementor-widget-heading\" data-id=\"h2hk1\" data-element_type=\"widget\" data-e-type=\"widget\" data-widget_type=\"heading.default\">\n\t\t\t\t<div class=\"elementor-widget-container\">\n\t\t\t\t\t<h2 class=\"elementor-heading-title elementor-size-default\">Perch\u00e9 i predittori non funzionano<\/h2>\t\t\t\t<\/div>\n\t\t\t\t<\/div>\n\t\t\t\t<div class=\"elementor-element elementor-element-thk1 elementor-widget elementor-widget-text-editor\" data-id=\"thk1\" data-element_type=\"widget\" data-e-type=\"widget\" data-widget_type=\"text-editor.default\">\n\t\t\t\t<div class=\"elementor-widget-container\">\n\t\t\t\t\t\t\t\t\t<p>Chicken Road utilizza una tecnologia crittografica provably fair. Il risultato di ogni round viene generato utilizzando un seme del server + un seme del giocatore + un nonce. Il risultato \u00e8 determinato prima dell'inizio del round. Nessuno pu\u00f2 cambiarlo dopo che le scommesse sono state piazzate. I predittori che pretendono di leggere i risultati futuri sono matematicamente impossibili.<\/p>\t\t\t\t\t\t\t\t<\/div>\n\t\t\t\t<\/div>\n\t\t\t\t<div class=\"elementor-element elementor-element-h2hk2 elementor-widget elementor-widget-heading\" data-id=\"h2hk2\" data-element_type=\"widget\" data-e-type=\"widget\" data-widget_type=\"heading.default\">\n\t\t\t\t<div class=\"elementor-widget-container\">\n\t\t\t\t\t<h2 class=\"elementor-heading-title elementor-size-default\">Come riconoscere una truffa<\/h2>\t\t\t\t<\/div>\n\t\t\t\t<\/div>\n\t\t\t\t<div class=\"elementor-element elementor-element-thk2 elementor-widget elementor-widget-text-editor\" data-id=\"thk2\" data-element_type=\"widget\" data-e-type=\"widget\" data-widget_type=\"text-editor.default\">\n\t\t\t\t<div class=\"elementor-widget-container\">\n\t\t\t\t\t\t\t\t\t<p>Chiede le credenziali di accesso al casin\u00f2. Richiede un pagamento per sbloccare i segnali. Dichiara tassi di vincita di 80-95% - statisticamente impossibili. Ospitato su Telegram senza alcuna propriet\u00e0 verificabile. Sostiene di poter hackerare il RNG - impossibile dall'esterno.<\/p>\t\t\t\t\t\t\t\t<\/div>\n\t\t\t\t<\/div>\n\t\t\t\t<div class=\"elementor-element elementor-element-h2hk3 elementor-widget elementor-widget-heading\" data-id=\"h2hk3\" data-element_type=\"widget\" data-e-type=\"widget\" data-widget_type=\"heading.default\">\n\t\t\t\t<div class=\"elementor-widget-container\">\n\t\t\t\t\t<h2 class=\"elementor-heading-title elementor-size-default\">Cosa usano i giocatori esperti<\/h2>\t\t\t\t<\/div>\n\t\t\t\t<\/div>\n\t\t\t\t<div class=\"elementor-element elementor-element-thk3 elementor-widget elementor-widget-text-editor\" data-id=\"thk3\" data-element_type=\"widget\" data-e-type=\"widget\" data-widget_type=\"text-editor.default\">\n\t\t\t\t<div class=\"elementor-widget-container\">\n\t\t\t\t\t\t\t\t\t<p><strong>Punto di uscita fisso<\/strong> - decidete la vostra fase di incasso prima del round. I vincitori pi\u00f9 costanti incassano alle fasi 4-7 di Easy, accumulando piccole vittorie in molti round.<\/p><p><strong>Regole sul bankroll della sessione<\/strong> - prima di aprire il gioco, impostare un limite di sessione rigido. 50 budget = stop a 25 perdite o 80 profitti. Senza eccezioni. Questo protegge pi\u00f9 denaro di quanto qualsiasi hack potrebbe mai fare.<\/p><p><strong>Verifica provatamente corretta<\/strong> - \u00e8 possibile verificare ogni singolo turno. Utilizzatelo per creare fiducia nel gioco.<\/p>\t\t\t\t\t\t\t\t<\/div>\n\t\t\t\t<\/div>\n\t\t\t\t<div class=\"elementor-element elementor-element-h2hk4 elementor-widget elementor-widget-heading\" data-id=\"h2hk4\" data-element_type=\"widget\" data-e-type=\"widget\" data-widget_type=\"heading.default\">\n\t\t\t\t<div class=\"elementor-widget-container\">\n\t\t\t\t\t<h2 class=\"elementor-heading-title elementor-size-default\">Il bilancio<\/h2>\t\t\t\t<\/div>\n\t\t\t\t<\/div>\n\t\t\t\t<div class=\"elementor-element elementor-element-thk4 elementor-widget elementor-widget-text-editor\" data-id=\"thk4\" data-element_type=\"widget\" data-e-type=\"widget\" data-widget_type=\"text-editor.default\">\n\t\t\t\t<div class=\"elementor-widget-container\">\n\t\t\t\t\t\t\t\t\t<p>Chicken Road non ha bisogno di essere hackerato. Il 98% RTP \u00e8 gi\u00e0 tra i migliori di qualsiasi gioco da casin\u00f2. Il vantaggio deriva dal gioco intelligente. I giocatori che comprendono le probabilit\u00e0 e gestiscono il proprio bankroll superano costantemente gli hack-chasers. Ogni volta.<\/p>\t\t\t\t\t\t\t\t<\/div>\n\t\t\t\t<\/div>\n\t\t\t\t<div class=\"elementor-element elementor-element-thk_cta elementor-widget elementor-widget-text-editor\" data-id=\"thk_cta\" data-element_type=\"widget\" data-e-type=\"widget\" data-widget_type=\"text-editor.default\">\n\t\t\t\t<div class=\"elementor-widget-container\">\n\t\t\t\t\t\t\t\t\t<p><a href=\"https:\/\/chicken-road.online\/it\/\"><strong>Pratica la strategia reale con la demo gratuita di Chicken Road<\/strong><\/a><\/p>\t\t\t\t\t\t\t\t<\/div>\n\t\t\t\t<\/div>\n\t\t\t\t\t<\/div>\n\t\t\t\t<\/div>\n\t\t\t\t<\/div>","protected":false},"excerpt":{"rendered":"<p>The truth about Chicken Road hacks and predictors &#8211; and real strategies that do work.<\/p>","protected":false},"author":3,"featured_media":0,"parent":0,"menu_order":0,"comment_status":"closed","ping_status":"closed","template":"","meta":{"footnotes":""},"class_list":["post-727","page","type-page","status-publish","hentry"],"_links":{"self":[{"href":"https:\/\/chicken-road.online\/it\/wp-json\/wp\/v2\/pages\/727","targetHints":{"allow":["GET"]}}],"collection":[{"href":"https:\/\/chicken-road.online\/it\/wp-json\/wp\/v2\/pages"}],"about":[{"href":"https:\/\/chicken-road.online\/it\/wp-json\/wp\/v2\/types\/page"}],"author":[{"embeddable":true,"href":"https:\/\/chicken-road.online\/it\/wp-json\/wp\/v2\/users\/3"}],"replies":[{"embeddable":true,"href":"https:\/\/chicken-road.online\/it\/wp-json\/wp\/v2\/comments?post=727"}],"version-history":[{"count":0,"href":"https:\/\/chicken-road.online\/it\/wp-json\/wp\/v2\/pages\/727\/revisions"}],"wp:attachment":[{"href":"https:\/\/chicken-road.online\/it\/wp-json\/wp\/v2\/media?parent=727"}],"curies":[{"name":"wp","href":"https:\/\/api.w.org\/{rel}","templated":true}]}}