{"id":724,"date":"2026-04-05T21:52:19","date_gmt":"2026-04-05T21:52:19","guid":{"rendered":"https:\/\/chicken-road.online\/en\/chicken-road-demo\/"},"modified":"2026-04-06T13:38:36","modified_gmt":"2026-04-06T13:38:36","slug":"demo-della-strada-dei-polli","status":"publish","type":"page","link":"https:\/\/chicken-road.online\/it\/demo-della-strada-dei-polli\/","title":{"rendered":"Chicken Road Demo: Gioca gratis senza registrazione e senza rischi"},"content":{"rendered":"<div data-elementor-type=\"wp-page\" data-elementor-id=\"724\" class=\"elementor elementor-724 elementor-bc-flex-widget\" data-elementor-post-type=\"page\">\n\t\t\t\t<div class=\"elementor-element elementor-element-banner_h1d1 e-flex e-con-boxed e-con e-parent\" data-id=\"banner_h1d1\" data-element_type=\"container\" data-e-type=\"container\" data-settings=\"{&quot;background_background&quot;:&quot;classic&quot;}\">\n\t\t\t\t\t<div class=\"e-con-inner\">\n\t\t\t\t<div class=\"elementor-element elementor-element-h1d1 elementor-widget elementor-widget-heading\" data-id=\"h1d1\" data-element_type=\"widget\" data-e-type=\"widget\" data-widget_type=\"heading.default\">\n\t\t\t\t<div class=\"elementor-widget-container\">\n\t\t\t\t\t<h1 class=\"elementor-heading-title elementor-size-default\">Dimostrazione della strada dei polli<\/h1>\t\t\t\t<\/div>\n\t\t\t\t<\/div>\n\t\t\t\t<div class=\"elementor-element elementor-element-subd1 elementor-widget elementor-widget-heading\" data-id=\"subd1\" data-element_type=\"widget\" data-e-type=\"widget\" data-widget_type=\"heading.default\">\n\t\t\t\t<div class=\"elementor-widget-container\">\n\t\t\t\t\t<h2 class=\"elementor-heading-title elementor-size-default\">Gioca gratis - Senza registrazione, senza deposito, a rischio zero<\/h2>\t\t\t\t<\/div>\n\t\t\t\t<\/div>\n\t\t\t\t\t<\/div>\n\t\t\t\t<\/div>\n\t\t<div class=\"elementor-element elementor-element-content_td_intro e-flex e-con-boxed e-con e-parent\" data-id=\"content_td_intro\" data-element_type=\"container\" data-e-type=\"container\">\n\t\t\t\t\t<div class=\"e-con-inner\">\n\t\t\t\t<div class=\"elementor-element elementor-element-td_intro elementor-widget elementor-widget-text-editor\" data-id=\"td_intro\" data-element_type=\"widget\" data-e-type=\"widget\" data-widget_type=\"text-editor.default\">\n\t\t\t\t<div class=\"elementor-widget-container\">\n\t\t\t\t\t\t\t\t\t<p>Il <strong>Demo di Chicken Road<\/strong> vi permette di giocare al gioco completo in modo completamente gratuito. Stessa meccanica, stessi moltiplicatori, stessa emozione - con crediti virtuali invece che con denaro reale.<\/p>\t\t\t\t\t\t\t\t<\/div>\n\t\t\t\t<\/div>\n\t\t\t\t<div class=\"elementor-element elementor-element-h2d1 elementor-widget elementor-widget-heading\" data-id=\"h2d1\" data-element_type=\"widget\" data-e-type=\"widget\" data-widget_type=\"heading.default\">\n\t\t\t\t<div class=\"elementor-widget-container\">\n\t\t\t\t\t<h2 class=\"elementor-heading-title elementor-size-default\">Che cos'\u00e8 la dimostrazione di Chicken Road?<\/h2>\t\t\t\t<\/div>\n\t\t\t\t<\/div>\n\t\t\t\t<div class=\"elementor-element elementor-element-td1 elementor-widget elementor-widget-text-editor\" data-id=\"td1\" data-element_type=\"widget\" data-e-type=\"widget\" data-widget_type=\"text-editor.default\">\n\t\t\t\t<div class=\"elementor-widget-container\">\n\t\t\t\t\t\t\t\t\t<p>La demo \u00e8 una versione free-play con meccaniche identiche: stessi 4 livelli di difficolt\u00e0, stesso RNG provatamente equo, stesso sistema di moltiplicatori fino a x3.203.384 su Hardcore. L'unica differenza \u00e8 che non \u00e8 possibile prelevare le vincite della demo. Quello che si guadagna \u00e8 esperienza senza rischi.<\/p>\t\t\t\t\t\t\t\t<\/div>\n\t\t\t\t<\/div>\n\t\t\t\t<div class=\"elementor-element elementor-element-h2d2 elementor-widget elementor-widget-heading\" data-id=\"h2d2\" data-element_type=\"widget\" data-e-type=\"widget\" data-widget_type=\"heading.default\">\n\t\t\t\t<div class=\"elementor-widget-container\">\n\t\t\t\t\t<h2 class=\"elementor-heading-title elementor-size-default\">Come giocare - Passo dopo passo<\/h2>\t\t\t\t<\/div>\n\t\t\t\t<\/div>\n\t\t\t\t<div class=\"elementor-element elementor-element-td2 elementor-widget elementor-widget-text-editor\" data-id=\"td2\" data-element_type=\"widget\" data-e-type=\"widget\" data-widget_type=\"text-editor.default\">\n\t\t\t\t<div class=\"elementor-widget-container\">\n\t\t\t\t\t\t\t\t\t<ol><li>Visitate chicken-road.online e cliccate su Play Demo.<\/li><li>Non \u00e8 richiesta alcuna registrazione - si carica all'istante<\/li><li>Scegliere la difficolt\u00e0 - iniziare con Facile se si \u00e8 alle prime armi<\/li><li>Impostare la puntata virtuale da 0,10 a 200<\/li><li>Clicca su Play - guida il tuo pollo attraverso la strada<\/li><li>Incassare al passo giusto o raggiungere l'uovo d'oro<\/li><\/ol>\t\t\t\t\t\t\t\t<\/div>\n\t\t\t\t<\/div>\n\t\t\t\t<div class=\"elementor-element elementor-element-h2d3 elementor-widget elementor-widget-heading\" data-id=\"h2d3\" data-element_type=\"widget\" data-e-type=\"widget\" data-widget_type=\"heading.default\">\n\t\t\t\t<div class=\"elementor-widget-container\">\n\t\t\t\t\t<h2 class=\"elementor-heading-title elementor-size-default\">Perch\u00e9 la modalit\u00e0 demo \u00e8 pi\u00f9 preziosa di quanto si pensi<\/h2>\t\t\t\t<\/div>\n\t\t\t\t<\/div>\n\t\t\t\t<div class=\"elementor-element elementor-element-td3 elementor-widget elementor-widget-text-editor\" data-id=\"td3\" data-element_type=\"widget\" data-e-type=\"widget\" data-widget_type=\"text-editor.default\">\n\t\t\t\t<div class=\"elementor-widget-container\">\n\t\t\t\t\t\t\t\t\t<p><strong>Imparare il tempo e il ritmo<\/strong> - Dopo 20-30 round dimostrativi, il processo decisionale si affina notevolmente.<\/p><p><strong>Testare le strategie di cash-out in modo sicuro<\/strong> - Traccia i risultati di 50 colpi su bersagli di passo diverso. Trovate il vostro punto di forza personale senza rischi finanziari.<\/p><p><strong>Comprendere ogni difficolt\u00e0<\/strong> - Facile \u00e8 completamente diverso da Difficile. Provatele tutte prima di impegnare denaro reale.<\/p>\t\t\t\t\t\t\t\t<\/div>\n\t\t\t\t<\/div>\n\t\t\t\t<div class=\"elementor-element elementor-element-h2d4 elementor-widget elementor-widget-heading\" data-id=\"h2d4\" data-element_type=\"widget\" data-e-type=\"widget\" data-widget_type=\"heading.default\">\n\t\t\t\t<div class=\"elementor-widget-container\">\n\t\t\t\t\t<h2 class=\"elementor-heading-title elementor-size-default\">Quando passare al denaro reale<\/h2>\t\t\t\t<\/div>\n\t\t\t\t<\/div>\n\t\t\t\t<div class=\"elementor-element elementor-element-td4 elementor-widget elementor-widget-text-editor\" data-id=\"td4\" data-element_type=\"widget\" data-e-type=\"widget\" data-widget_type=\"text-editor.default\">\n\t\t\t\t<div class=\"elementor-widget-container\">\n\t\t\t\t\t\t\t\t\t<p>Siete pronti quando avete giocato pi\u00f9 di 50 round dimostrativi senza fallire, avete una chiara strategia di incasso che seguite costantemente, vi sentite tranquilli nel prendere le decisioni (non affrettate o emotive) e avete un budget che non vi dispiace perdere completamente.<\/p><p>Se siete ancora alla ricerca di un passo in pi\u00f9 in modalit\u00e0 demo, rimaneteci ancora un po'. Questa abitudine costa cara nel gioco reale.<\/p>\t\t\t\t\t\t\t\t<\/div>\n\t\t\t\t<\/div>\n\t\t\t\t<div class=\"elementor-element elementor-element-td_cta elementor-widget elementor-widget-text-editor\" data-id=\"td_cta\" data-element_type=\"widget\" data-e-type=\"widget\" data-widget_type=\"text-editor.default\">\n\t\t\t\t<div class=\"elementor-widget-container\">\n\t\t\t\t\t\t\t\t\t<p><a href=\"https:\/\/chicken-road.online\/it\/\"><strong>Gioca la demo di Chicken Road gratuitamente - Non \u00e8 richiesta alcuna iscrizione<\/strong><\/a><\/p>\t\t\t\t\t\t\t\t<\/div>\n\t\t\t\t<\/div>\n\t\t\t\t\t<\/div>\n\t\t\t\t<\/div>\n\t\t\t\t<\/div>","protected":false},"excerpt":{"rendered":"<p>Gioca gratis la demo di Chicken Road. Non \u00e8 necessaria alcuna registrazione.<\/p>","protected":false},"author":3,"featured_media":0,"parent":0,"menu_order":0,"comment_status":"closed","ping_status":"closed","template":"","meta":{"footnotes":""},"class_list":["post-724","page","type-page","status-publish","hentry"],"_links":{"self":[{"href":"https:\/\/chicken-road.online\/it\/wp-json\/wp\/v2\/pages\/724","targetHints":{"allow":["GET"]}}],"collection":[{"href":"https:\/\/chicken-road.online\/it\/wp-json\/wp\/v2\/pages"}],"about":[{"href":"https:\/\/chicken-road.online\/it\/wp-json\/wp\/v2\/types\/page"}],"author":[{"embeddable":true,"href":"https:\/\/chicken-road.online\/it\/wp-json\/wp\/v2\/users\/3"}],"replies":[{"embeddable":true,"href":"https:\/\/chicken-road.online\/it\/wp-json\/wp\/v2\/comments?post=724"}],"version-history":[{"count":1,"href":"https:\/\/chicken-road.online\/it\/wp-json\/wp\/v2\/pages\/724\/revisions"}],"predecessor-version":[{"id":740,"href":"https:\/\/chicken-road.online\/it\/wp-json\/wp\/v2\/pages\/724\/revisions\/740"}],"wp:attachment":[{"href":"https:\/\/chicken-road.online\/it\/wp-json\/wp\/v2\/media?parent=724"}],"curies":[{"name":"wp","href":"https:\/\/api.w.org\/{rel}","templated":true}]}}