{"id":729,"date":"2026-04-05T21:52:29","date_gmt":"2026-04-05T21:52:29","guid":{"rendered":"https:\/\/chicken-road.online\/en\/how-to-win-chicken-road\/"},"modified":"2026-04-05T21:52:29","modified_gmt":"2026-04-05T21:52:29","slug":"como-ganar-chicken-road","status":"publish","type":"page","link":"https:\/\/chicken-road.online\/es\/como-ganar-chicken-road\/","title":{"rendered":"C\u00f3mo ganar en la Ruta del Pollo: T\u00e1cticas probadas de jugadores que vencen a la casa"},"content":{"rendered":"<div data-elementor-type=\"wp-page\" data-elementor-id=\"729\" class=\"elementor elementor-729 elementor-bc-flex-widget\" data-elementor-post-type=\"page\">\n\t\t\t\t<div class=\"elementor-element elementor-element-banner_h1hw e-flex e-con-boxed e-con e-parent\" data-id=\"banner_h1hw\" data-element_type=\"container\" data-e-type=\"container\" data-settings=\"{&quot;background_background&quot;:&quot;classic&quot;}\">\n\t\t\t\t\t<div class=\"e-con-inner\">\n\t\t\t\t<div class=\"elementor-element elementor-element-h1hw elementor-widget elementor-widget-heading\" data-id=\"h1hw\" data-element_type=\"widget\" data-e-type=\"widget\" data-widget_type=\"heading.default\">\n\t\t\t\t<div class=\"elementor-widget-container\">\n\t\t\t\t\t<h1 class=\"elementor-heading-title elementor-size-default\">C\u00f3mo ganar en la ruta del pollo<\/h1>\t\t\t\t<\/div>\n\t\t\t\t<\/div>\n\t\t\t\t<div class=\"elementor-element elementor-element-subhw elementor-widget elementor-widget-heading\" data-id=\"subhw\" data-element_type=\"widget\" data-e-type=\"widget\" data-widget_type=\"heading.default\">\n\t\t\t\t<div class=\"elementor-widget-container\">\n\t\t\t\t\t<h2 class=\"elementor-heading-title elementor-size-default\">T\u00e1cticas probadas de jugadores que ganan a la casa<\/h2>\t\t\t\t<\/div>\n\t\t\t\t<\/div>\n\t\t\t\t\t<\/div>\n\t\t\t\t<\/div>\n\t\t<div class=\"elementor-element elementor-element-content_thw_intro e-flex e-con-boxed e-con e-parent\" data-id=\"content_thw_intro\" data-element_type=\"container\" data-e-type=\"container\">\n\t\t\t\t\t<div class=\"e-con-inner\">\n\t\t\t\t<div class=\"elementor-element elementor-element-thw_intro elementor-widget elementor-widget-text-editor\" data-id=\"thw_intro\" data-element_type=\"widget\" data-e-type=\"widget\" data-widget_type=\"text-editor.default\">\n\t\t\t\t<div class=\"elementor-widget-container\">\n\t\t\t\t\t\t\t\t\t<p>Ganar en Chicken Road de forma consistente no es cuesti\u00f3n de suerte, sino de tomar mejores decisiones que el jugador medio en cada ronda.<\/p>\t\t\t\t\t\t\t\t<\/div>\n\t\t\t\t<\/div>\n\t\t\t\t<div class=\"elementor-element elementor-element-h2hw1 elementor-widget elementor-widget-heading\" data-id=\"h2hw1\" data-element_type=\"widget\" data-e-type=\"widget\" data-widget_type=\"heading.default\">\n\t\t\t\t<div class=\"elementor-widget-container\">\n\t\t\t\t\t<h2 class=\"elementor-heading-title elementor-size-default\">La verdad fundamental<\/h2>\t\t\t\t<\/div>\n\t\t\t\t<\/div>\n\t\t\t\t<div class=\"elementor-element elementor-element-thw1 elementor-widget elementor-widget-text-editor\" data-id=\"thw1\" data-element_type=\"widget\" data-e-type=\"widget\" data-widget_type=\"text-editor.default\">\n\t\t\t\t<div class=\"elementor-widget-container\">\n\t\t\t\t\t\t\t\t\t<p>98% RTP significa que por cada 100 apostados, 98 vuelven a los jugadores de media. La ventaja de la casa es de s\u00f3lo 2% - extraordinariamente baja. Las sesiones cortas pueden acabar con beneficios. La disciplina en muchas sesiones es mejor que la suerte en una sola.<\/p>\t\t\t\t\t\t\t\t<\/div>\n\t\t\t\t<\/div>\n\t\t\t\t<div class=\"elementor-element elementor-element-h2hw2 elementor-widget elementor-widget-heading\" data-id=\"h2hw2\" data-element_type=\"widget\" data-e-type=\"widget\" data-widget_type=\"heading.default\">\n\t\t\t\t<div class=\"elementor-widget-container\">\n\t\t\t\t\t<h2 class=\"elementor-heading-title elementor-size-default\">T\u00e1ctica 1: Compromiso previo<\/h2>\t\t\t\t<\/div>\n\t\t\t\t<\/div>\n\t\t\t\t<div class=\"elementor-element elementor-element-thw2 elementor-widget elementor-widget-text-editor\" data-id=\"thw2\" data-element_type=\"widget\" data-e-type=\"widget\" data-widget_type=\"text-editor.default\">\n\t\t\t\t<div class=\"elementor-widget-container\">\n\t\t\t\t\t\t\t\t\t<p>Antes de cada ronda, decide tu paso de salida. Dilo en voz alta: Me retiro en el paso 7. Y h\u00e1galo. El mayor patr\u00f3n de p\u00e9rdida: la intenci\u00f3n de cobrar en el paso 6, pero ir m\u00e1s all\u00e1 porque se siente seguro. El compromiso previo a la ronda lo elimina por completo.<\/p>\t\t\t\t\t\t\t\t<\/div>\n\t\t\t\t<\/div>\n\t\t\t\t<div class=\"elementor-element elementor-element-h2hw3 elementor-widget elementor-widget-heading\" data-id=\"h2hw3\" data-element_type=\"widget\" data-e-type=\"widget\" data-widget_type=\"heading.default\">\n\t\t\t\t<div class=\"elementor-widget-container\">\n\t\t\t\t\t<h2 class=\"elementor-heading-title elementor-size-default\">T\u00e1ctica 2: Adapte la dificultad a su objetivo<\/h2>\t\t\t\t<\/div>\n\t\t\t\t<\/div>\n\t\t\t\t<div class=\"elementor-element elementor-element-thw3 elementor-widget elementor-widget-text-editor\" data-id=\"thw3\" data-element_type=\"widget\" data-e-type=\"widget\" data-widget_type=\"text-editor.default\">\n\t\t\t\t<div class=\"elementor-widget-container\">\n\t\t\t\t\t\t\t\t\t<p>Peque\u00f1os beneficios constantes: F\u00e1cil, pasos 5-8, multiplicador x2-x5.<br>Riesgo\/recompensa equilibrados: Medio, pasos 8-12, x10-x100.<br>Grandes ganancias ocasionales: Dif\u00edcil, pasos 10-15, x100-x5.000.<br>Variaci\u00f3n extrema: Hardcore, pasos 8-12, x1,000+.<\/p>\t\t\t\t\t\t\t\t<\/div>\n\t\t\t\t<\/div>\n\t\t\t\t<div class=\"elementor-element elementor-element-h2hw4 elementor-widget elementor-widget-heading\" data-id=\"h2hw4\" data-element_type=\"widget\" data-e-type=\"widget\" data-widget_type=\"heading.default\">\n\t\t\t\t<div class=\"elementor-widget-container\">\n\t\t\t\t\t<h2 class=\"elementor-heading-title elementor-size-default\">T\u00e1ctica 3: La sesi\u00f3n dividida<\/h2>\t\t\t\t<\/div>\n\t\t\t\t<\/div>\n\t\t\t\t<div class=\"elementor-element elementor-element-thw4 elementor-widget elementor-widget-text-editor\" data-id=\"thw4\" data-element_type=\"widget\" data-e-type=\"widget\" data-widget_type=\"text-editor.default\">\n\t\t\t\t<div class=\"elementor-widget-container\">\n\t\t\t\t\t\t\t\t\t<p>Nunca juegues todo tu presupuesto en una sola dificultad: 70% en tu dificultad base (conservador), 20% un nivel superior (mayor swing ocasional), 10% de reserva (s\u00f3lo se usa si ya tienes beneficios).<\/p>\t\t\t\t\t\t\t\t<\/div>\n\t\t\t\t<\/div>\n\t\t\t\t<div class=\"elementor-element elementor-element-h2hw5 elementor-widget elementor-widget-heading\" data-id=\"h2hw5\" data-element_type=\"widget\" data-e-type=\"widget\" data-widget_type=\"heading.default\">\n\t\t\t\t<div class=\"elementor-widget-container\">\n\t\t\t\t\t<h2 class=\"elementor-heading-title elementor-size-default\">T\u00e1cticas 4, 5 y 6<\/h2>\t\t\t\t<\/div>\n\t\t\t\t<\/div>\n\t\t\t\t<div class=\"elementor-element elementor-element-thw5 elementor-widget elementor-widget-text-editor\" data-id=\"thw5\" data-element_type=\"widget\" data-e-type=\"widget\" data-widget_type=\"text-editor.default\">\n\t\t\t\t<div class=\"elementor-widget-container\">\n\t\t\t\t\t\t\t\t\t<p><strong>Regla de la racha:<\/strong> Despu\u00e9s de 3 derrotas consecutivas en la misma dificultad, baja un nivel durante las 5 rondas siguientes. Gesti\u00f3n de la varianza, no superstici\u00f3n.<\/p><p><strong>Siga sus sesiones:<\/strong> Registro sencillo: fecha, dificultad, resultado. La mayor\u00eda de los jugadores descubren que sus malas sesiones comparten un patr\u00f3n: por lo general, una dificultad espec\u00edfica que siempre les da malos resultados.<\/p><p><strong>Demostraci\u00f3n primero:<\/strong> Antes de probar cualquier estrategia nueva con dinero real, realice 50 rondas de demostraci\u00f3n. Si tu estrategia sobrevive a 35 o m\u00e1s, merece la pena probarla con peque\u00f1as apuestas reales.<\/p>\t\t\t\t\t\t\t\t<\/div>\n\t\t\t\t<\/div>\n\t\t\t\t<div class=\"elementor-element elementor-element-h2hw6 elementor-widget elementor-widget-heading\" data-id=\"h2hw6\" data-element_type=\"widget\" data-e-type=\"widget\" data-widget_type=\"heading.default\">\n\t\t\t\t<div class=\"elementor-widget-container\">\n\t\t\t\t\t<h2 class=\"elementor-heading-title elementor-size-default\">Ganadores y perdedores: La \u00fanica diferencia<\/h2>\t\t\t\t<\/div>\n\t\t\t\t<\/div>\n\t\t\t\t<div class=\"elementor-element elementor-element-thw6 elementor-widget elementor-widget-text-editor\" data-id=\"thw6\" data-element_type=\"widget\" data-e-type=\"widget\" data-widget_type=\"text-editor.default\">\n\t\t\t\t<div class=\"elementor-widget-container\">\n\t\t\t\t\t\t\t\t\t<p>Ganadores: establecer reglas de salida antes de cada ronda, ce\u00f1irse a la dificultad, hacer un seguimiento de los resultados.<br>Perdedores: deciden a mitad de ronda, persiguen las derrotas, saltan a Hardcore cuando pierden.<br>El juego es justo. La diferencia est\u00e1 en c\u00f3mo se juega.<\/p>\t\t\t\t\t\t\t\t<\/div>\n\t\t\t\t<\/div>\n\t\t\t\t<div class=\"elementor-element elementor-element-thw_cta elementor-widget elementor-widget-text-editor\" data-id=\"thw_cta\" data-element_type=\"widget\" data-e-type=\"widget\" data-widget_type=\"text-editor.default\">\n\t\t\t\t<div class=\"elementor-widget-container\">\n\t\t\t\t\t\t\t\t\t<p><a href=\"https:\/\/chicken-road.online\/es\/\"><strong>Aplique estas t\u00e1cticas en la demostraci\u00f3n gratuita de Chicken Road: empiece ahora.<\/strong><\/a><\/p>\t\t\t\t\t\t\t\t<\/div>\n\t\t\t\t<\/div>\n\t\t\t\t\t<\/div>\n\t\t\t\t<\/div>\n\t\t\t\t<\/div>","protected":false},"excerpt":{"rendered":"<p>6 t\u00e1cticas probadas de jugadores experimentados para ganar en Chicken Road.<\/p>","protected":false},"author":3,"featured_media":0,"parent":0,"menu_order":0,"comment_status":"closed","ping_status":"closed","template":"","meta":{"footnotes":""},"class_list":["post-729","page","type-page","status-publish","hentry"],"_links":{"self":[{"href":"https:\/\/chicken-road.online\/es\/wp-json\/wp\/v2\/pages\/729","targetHints":{"allow":["GET"]}}],"collection":[{"href":"https:\/\/chicken-road.online\/es\/wp-json\/wp\/v2\/pages"}],"about":[{"href":"https:\/\/chicken-road.online\/es\/wp-json\/wp\/v2\/types\/page"}],"author":[{"embeddable":true,"href":"https:\/\/chicken-road.online\/es\/wp-json\/wp\/v2\/users\/3"}],"replies":[{"embeddable":true,"href":"https:\/\/chicken-road.online\/es\/wp-json\/wp\/v2\/comments?post=729"}],"version-history":[{"count":0,"href":"https:\/\/chicken-road.online\/es\/wp-json\/wp\/v2\/pages\/729\/revisions"}],"wp:attachment":[{"href":"https:\/\/chicken-road.online\/es\/wp-json\/wp\/v2\/media?parent=729"}],"curies":[{"name":"wp","href":"https:\/\/api.w.org\/{rel}","templated":true}]}}