{"id":728,"date":"2026-04-05T21:52:27","date_gmt":"2026-04-05T21:52:27","guid":{"rendered":"https:\/\/chicken-road.online\/en\/chicken-road-big-win\/"},"modified":"2026-04-05T21:52:27","modified_gmt":"2026-04-05T21:52:27","slug":"gran-victoria-de-chicken-road","status":"publish","type":"page","link":"https:\/\/chicken-road.online\/es\/gran-victoria-de-chicken-road\/","title":{"rendered":"Chicken Road Big Win: Historias reales, multiplicadores m\u00e1ximos y c\u00f3mo perseguirlos"},"content":{"rendered":"<div data-elementor-type=\"wp-page\" data-elementor-id=\"728\" class=\"elementor elementor-728 elementor-bc-flex-widget\" data-elementor-post-type=\"page\">\n\t\t\t\t<div class=\"elementor-element elementor-element-banner_h1bw e-flex e-con-boxed e-con e-parent\" data-id=\"banner_h1bw\" data-element_type=\"container\" data-e-type=\"container\" data-settings=\"{&quot;background_background&quot;:&quot;classic&quot;}\">\n\t\t\t\t\t<div class=\"e-con-inner\">\n\t\t\t\t<div class=\"elementor-element elementor-element-h1bw elementor-widget elementor-widget-heading\" data-id=\"h1bw\" data-element_type=\"widget\" data-e-type=\"widget\" data-widget_type=\"heading.default\">\n\t\t\t\t<div class=\"elementor-widget-container\">\n\t\t\t\t\t<h1 class=\"elementor-heading-title elementor-size-default\">Gran victoria de Chicken Road<\/h1>\t\t\t\t<\/div>\n\t\t\t\t<\/div>\n\t\t\t\t<div class=\"elementor-element elementor-element-subbw elementor-widget elementor-widget-heading\" data-id=\"subbw\" data-element_type=\"widget\" data-e-type=\"widget\" data-widget_type=\"heading.default\">\n\t\t\t\t<div class=\"elementor-widget-container\">\n\t\t\t\t\t<h2 class=\"elementor-heading-title elementor-size-default\">Historias reales, multiplicadores m\u00e1ximos y c\u00f3mo perseguirlos<\/h2>\t\t\t\t<\/div>\n\t\t\t\t<\/div>\n\t\t\t\t\t<\/div>\n\t\t\t\t<\/div>\n\t\t<div class=\"elementor-element elementor-element-content_tbw_intro e-flex e-con-boxed e-con e-parent\" data-id=\"content_tbw_intro\" data-element_type=\"container\" data-e-type=\"container\">\n\t\t\t\t\t<div class=\"e-con-inner\">\n\t\t\t\t<div class=\"elementor-element elementor-element-tbw_intro elementor-widget elementor-widget-text-editor\" data-id=\"tbw_intro\" data-element_type=\"widget\" data-e-type=\"widget\" data-widget_type=\"text-editor.default\">\n\t\t\t\t<div class=\"elementor-widget-container\">\n\t\t\t\t\t\t\t\t\t<p>El multiplicador m\u00e1ximo Hardcore en Chicken Road es x3.203.384. Con una apuesta de 1, m\u00e1s de 3 millones. Comprender el potencial de las grandes ganancias te ayuda a jugar de forma m\u00e1s inteligente, no solo a lo grande.<\/p>\t\t\t\t\t\t\t\t<\/div>\n\t\t\t\t<\/div>\n\t\t\t\t<div class=\"elementor-element elementor-element-h2bw1 elementor-widget elementor-widget-heading\" data-id=\"h2bw1\" data-element_type=\"widget\" data-e-type=\"widget\" data-widget_type=\"heading.default\">\n\t\t\t\t<div class=\"elementor-widget-container\">\n\t\t\t\t\t<h2 class=\"elementor-heading-title elementor-size-default\">Grandes victorias reales<\/h2>\t\t\t\t<\/div>\n\t\t\t\t<\/div>\n\t\t\t\t<div class=\"elementor-element elementor-element-tbw1 elementor-widget elementor-widget-text-editor\" data-id=\"tbw1\" data-element_type=\"widget\" data-e-type=\"widget\" data-widget_type=\"text-editor.default\">\n\t\t\t\t<div class=\"elementor-widget-container\">\n\t\t\t\t\t\t\t\t\t<p><strong>La sesi\u00f3n hardcore x4.800<\/strong><br>Un jugador de un foro de 1win inform\u00f3 de que hab\u00eda conseguido x4.800 en Hardcore con una apuesta de 2 - un rendimiento de 9.600 en una ronda. Sus siguientes 40 rondas en Hardcore fueron p\u00e9rdidas. Veredicto: volv\u00ed a Hard despu\u00e9s de eso.<\/p><p><strong>El Paciente Medio Grind<\/strong><br>Un jugador document\u00f3 200 de beneficio en 3 horas en Medium - cobrando entre los pasos 8-12. Ninguna victoria masiva, pero m\u00e1s de 40 rondas con una media de 5 cada una. Aburrido de ver. Pero mi bankroll no miente.<\/p>\t\t\t\t\t\t\t\t<\/div>\n\t\t\t\t<\/div>\n\t\t\t\t<div class=\"elementor-element elementor-element-h2bw2 elementor-widget elementor-widget-heading\" data-id=\"h2bw2\" data-element_type=\"widget\" data-e-type=\"widget\" data-widget_type=\"heading.default\">\n\t\t\t\t<div class=\"elementor-widget-container\">\n\t\t\t\t\t<h2 class=\"elementor-heading-title elementor-size-default\">M\u00e1ximo potencial de victoria por dificultad<\/h2>\t\t\t\t<\/div>\n\t\t\t\t<\/div>\n\t\t\t\t<div class=\"elementor-element elementor-element-tbw2 elementor-widget elementor-widget-text-editor\" data-id=\"tbw2\" data-element_type=\"widget\" data-e-type=\"widget\" data-widget_type=\"text-editor.default\">\n\t\t\t\t<div class=\"elementor-widget-container\">\n\t\t\t\t\t\t\t\t\t<p><strong>F\u00e1cil:<\/strong> max x24,5 - realista, alcanzable.<br><strong>Medio:<\/strong> max x2,254 - raro pero ocurre.<br><strong>Duro:<\/strong> max x52,067 - muy raro.<br><strong>Hardcore:<\/strong> max x3.203.384 - m\u00e1ximo te\u00f3rico.<\/p>\t\t\t\t\t\t\t\t<\/div>\n\t\t\t\t<\/div>\n\t\t\t\t<div class=\"elementor-element elementor-element-h2bw3 elementor-widget elementor-widget-heading\" data-id=\"h2bw3\" data-element_type=\"widget\" data-e-type=\"widget\" data-widget_type=\"heading.default\">\n\t\t\t\t<div class=\"elementor-widget-container\">\n\t\t\t\t\t<h2 class=\"elementor-heading-title elementor-size-default\">C\u00f3mo ganar a lo grande sin arruinarse<\/h2>\t\t\t\t<\/div>\n\t\t\t\t<\/div>\n\t\t\t\t<div class=\"elementor-element elementor-element-tbw3 elementor-widget elementor-widget-text-editor\" data-id=\"tbw3\" data-element_type=\"widget\" data-e-type=\"widget\" data-widget_type=\"text-editor.default\">\n\t\t\t\t<div class=\"elementor-widget-container\">\n\t\t\t\t\t\t\t\t\t<p>Divida el presupuesto de su sesi\u00f3n en niveles. Con un presupuesto de 100 60 en F\u00e1cil (base conservadora), 30 en Medio (objetivo x100-x500), 10 en Dif\u00edcil (el presupuesto de tu billete de loter\u00eda). Esto te mantiene en el juego el tiempo suficiente para que se produzca una gran ganancia.<\/p>\t\t\t\t\t\t\t\t<\/div>\n\t\t\t\t<\/div>\n\t\t\t\t<div class=\"elementor-element elementor-element-h2bw4 elementor-widget elementor-widget-heading\" data-id=\"h2bw4\" data-element_type=\"widget\" data-e-type=\"widget\" data-widget_type=\"heading.default\">\n\t\t\t\t<div class=\"elementor-widget-container\">\n\t\t\t\t\t<h2 class=\"elementor-heading-title elementor-size-default\">La mentalidad adecuada<\/h2>\t\t\t\t<\/div>\n\t\t\t\t<\/div>\n\t\t\t\t<div class=\"elementor-element elementor-element-tbw4 elementor-widget elementor-widget-text-editor\" data-id=\"tbw4\" data-element_type=\"widget\" data-e-type=\"widget\" data-widget_type=\"text-editor.default\">\n\t\t\t\t<div class=\"elementor-widget-container\">\n\t\t\t\t\t\t\t\t\t<p>Los jugadores que consiguen grandes ganancias las tratan como primas, no como objetivos. Juegan por la experiencia, gestionan sus fondos con cuidado y dejan que la varianza act\u00fae con el tiempo. Cuando aparece un multiplicador x2.000, s\u00f3lo aparece para los jugadores que a\u00fan estaban jugando.<\/p>\t\t\t\t\t\t\t\t<\/div>\n\t\t\t\t<\/div>\n\t\t\t\t<div class=\"elementor-element elementor-element-tbw_cta elementor-widget elementor-widget-text-editor\" data-id=\"tbw_cta\" data-element_type=\"widget\" data-e-type=\"widget\" data-widget_type=\"text-editor.default\">\n\t\t\t\t<div class=\"elementor-widget-container\">\n\t\t\t\t\t\t\t\t\t<p><a href=\"https:\/\/chicken-road.online\/es\/\"><strong>Empieza con la demo gratuita - sin riesgo, toda la mec\u00e1nica<\/strong><\/a><\/p>\t\t\t\t\t\t\t\t<\/div>\n\t\t\t\t<\/div>\n\t\t\t\t\t<\/div>\n\t\t\t\t<\/div>\n\t\t\t\t<\/div>","protected":false},"excerpt":{"rendered":"<p>Historias de grandes ganancias y t\u00e1cticas para conseguir multiplicadores altos.<\/p>","protected":false},"author":3,"featured_media":0,"parent":0,"menu_order":0,"comment_status":"closed","ping_status":"closed","template":"","meta":{"footnotes":""},"class_list":["post-728","page","type-page","status-publish","hentry"],"_links":{"self":[{"href":"https:\/\/chicken-road.online\/es\/wp-json\/wp\/v2\/pages\/728","targetHints":{"allow":["GET"]}}],"collection":[{"href":"https:\/\/chicken-road.online\/es\/wp-json\/wp\/v2\/pages"}],"about":[{"href":"https:\/\/chicken-road.online\/es\/wp-json\/wp\/v2\/types\/page"}],"author":[{"embeddable":true,"href":"https:\/\/chicken-road.online\/es\/wp-json\/wp\/v2\/users\/3"}],"replies":[{"embeddable":true,"href":"https:\/\/chicken-road.online\/es\/wp-json\/wp\/v2\/comments?post=728"}],"version-history":[{"count":0,"href":"https:\/\/chicken-road.online\/es\/wp-json\/wp\/v2\/pages\/728\/revisions"}],"wp:attachment":[{"href":"https:\/\/chicken-road.online\/es\/wp-json\/wp\/v2\/media?parent=728"}],"curies":[{"name":"wp","href":"https:\/\/api.w.org\/{rel}","templated":true}]}}