{"id":727,"date":"2026-04-05T21:52:25","date_gmt":"2026-04-05T21:52:25","guid":{"rendered":"https:\/\/chicken-road.online\/en\/chicken-road-hack-predictor\/"},"modified":"2026-04-05T21:52:25","modified_gmt":"2026-04-05T21:52:25","slug":"predictor-del-hack-de-la-carretera-del-pollo","status":"publish","type":"page","link":"https:\/\/chicken-road.online\/es\/predictor-del-hack-de-la-carretera-del-pollo\/","title":{"rendered":"Chicken Road Hack y Predictor: La verdad (y lo que realmente funciona)"},"content":{"rendered":"<div data-elementor-type=\"wp-page\" data-elementor-id=\"727\" class=\"elementor elementor-727 elementor-bc-flex-widget\" data-elementor-post-type=\"page\">\n\t\t\t\t<div class=\"elementor-element elementor-element-banner_h1hk e-flex e-con-boxed e-con e-parent\" data-id=\"banner_h1hk\" data-element_type=\"container\" data-e-type=\"container\" data-settings=\"{&quot;background_background&quot;:&quot;classic&quot;}\">\n\t\t\t\t\t<div class=\"e-con-inner\">\n\t\t\t\t<div class=\"elementor-element elementor-element-h1hk elementor-widget elementor-widget-heading\" data-id=\"h1hk\" data-element_type=\"widget\" data-e-type=\"widget\" data-widget_type=\"heading.default\">\n\t\t\t\t<div class=\"elementor-widget-container\">\n\t\t\t\t\t<h1 class=\"elementor-heading-title elementor-size-default\">Chicken Road Hack y Predictor<\/h1>\t\t\t\t<\/div>\n\t\t\t\t<\/div>\n\t\t\t\t<div class=\"elementor-element elementor-element-subhk elementor-widget elementor-widget-heading\" data-id=\"subhk\" data-element_type=\"widget\" data-e-type=\"widget\" data-widget_type=\"heading.default\">\n\t\t\t\t<div class=\"elementor-widget-container\">\n\t\t\t\t\t<h2 class=\"elementor-heading-title elementor-size-default\">La verdad y lo que realmente funciona<\/h2>\t\t\t\t<\/div>\n\t\t\t\t<\/div>\n\t\t\t\t\t<\/div>\n\t\t\t\t<\/div>\n\t\t<div class=\"elementor-element elementor-element-content_thk_intro e-flex e-con-boxed e-con e-parent\" data-id=\"content_thk_intro\" data-element_type=\"container\" data-e-type=\"container\">\n\t\t\t\t\t<div class=\"e-con-inner\">\n\t\t\t\t<div class=\"elementor-element elementor-element-thk_intro elementor-widget elementor-widget-text-editor\" data-id=\"thk_intro\" data-element_type=\"widget\" data-e-type=\"widget\" data-widget_type=\"text-editor.default\">\n\t\t\t\t<div class=\"elementor-widget-container\">\n\t\t\t\t\t\t\t\t\t<p>No hay ning\u00fan hack de Chicken Road. Ning\u00fan predictor, ninguna aplicaci\u00f3n de se\u00f1al, ning\u00fan bot que te diga d\u00f3nde estar\u00e1 la pr\u00f3xima trampa. Cualquiera que venda uno est\u00e1 cogiendo tu dinero o tus datos.<\/p><p>Lo que es realmente interesante: no necesitas un hack para ganar consistentemente. El RTP de 98% y el sistema probadamente justo ya te ofrecen mejores probabilidades que casi cualquier otro juego de casino.<\/p>\t\t\t\t\t\t\t\t<\/div>\n\t\t\t\t<\/div>\n\t\t\t\t<div class=\"elementor-element elementor-element-h2hk1 elementor-widget elementor-widget-heading\" data-id=\"h2hk1\" data-element_type=\"widget\" data-e-type=\"widget\" data-widget_type=\"heading.default\">\n\t\t\t\t<div class=\"elementor-widget-container\">\n\t\t\t\t\t<h2 class=\"elementor-heading-title elementor-size-default\">Por qu\u00e9 no funcionan los predictores<\/h2>\t\t\t\t<\/div>\n\t\t\t\t<\/div>\n\t\t\t\t<div class=\"elementor-element elementor-element-thk1 elementor-widget elementor-widget-text-editor\" data-id=\"thk1\" data-element_type=\"widget\" data-e-type=\"widget\" data-widget_type=\"text-editor.default\">\n\t\t\t\t<div class=\"elementor-widget-container\">\n\t\t\t\t\t\t\t\t\t<p>Chicken Road utiliza tecnolog\u00eda criptogr\u00e1fica demostrablemente justa. El resultado de cada ronda se genera utilizando una semilla de servidor + semilla de jugador + nonce. El resultado se determina antes de que empiece la ronda. Nadie puede cambiarlo una vez realizadas las apuestas. Los pronosticadores que pretenden leer los resultados futuros son matem\u00e1ticamente imposibles.<\/p>\t\t\t\t\t\t\t\t<\/div>\n\t\t\t\t<\/div>\n\t\t\t\t<div class=\"elementor-element elementor-element-h2hk2 elementor-widget elementor-widget-heading\" data-id=\"h2hk2\" data-element_type=\"widget\" data-e-type=\"widget\" data-widget_type=\"heading.default\">\n\t\t\t\t<div class=\"elementor-widget-container\">\n\t\t\t\t\t<h2 class=\"elementor-heading-title elementor-size-default\">C\u00f3mo detectar una estafa<\/h2>\t\t\t\t<\/div>\n\t\t\t\t<\/div>\n\t\t\t\t<div class=\"elementor-element elementor-element-thk2 elementor-widget elementor-widget-text-editor\" data-id=\"thk2\" data-element_type=\"widget\" data-e-type=\"widget\" data-widget_type=\"text-editor.default\">\n\t\t\t\t<div class=\"elementor-widget-container\">\n\t\t\t\t\t\t\t\t\t<p>Solicita las credenciales de acceso al casino. Requiere el pago para desbloquear las se\u00f1ales. Afirma ganar tasas de 80-95% - estad\u00edsticamente imposible. Alojado en Telegram sin propietario verificable. Afirma hackear el RNG - imposible desde el exterior.<\/p>\t\t\t\t\t\t\t\t<\/div>\n\t\t\t\t<\/div>\n\t\t\t\t<div class=\"elementor-element elementor-element-h2hk3 elementor-widget elementor-widget-heading\" data-id=\"h2hk3\" data-element_type=\"widget\" data-e-type=\"widget\" data-widget_type=\"heading.default\">\n\t\t\t\t<div class=\"elementor-widget-container\">\n\t\t\t\t\t<h2 class=\"elementor-heading-title elementor-size-default\">Lo que usan los jugadores experimentados<\/h2>\t\t\t\t<\/div>\n\t\t\t\t<\/div>\n\t\t\t\t<div class=\"elementor-element elementor-element-thk3 elementor-widget elementor-widget-text-editor\" data-id=\"thk3\" data-element_type=\"widget\" data-e-type=\"widget\" data-widget_type=\"text-editor.default\">\n\t\t\t\t<div class=\"elementor-widget-container\">\n\t\t\t\t\t\t\t\t\t<p><strong>Punto de salida fijo<\/strong> - decida su paso de cobro antes de la ronda. Los ganadores m\u00e1s constantes cobran en los pasos 4-7 en F\u00e1cil, acumulando peque\u00f1as victorias a lo largo de muchas rondas.<\/p><p><strong>Reglas de la sesi\u00f3n<\/strong> - establecer un l\u00edmite de sesi\u00f3n duro antes de abrir el juego. 50 de presupuesto = stop a 25 de p\u00e9rdidas u 80 de beneficios. Sin excepciones. Esto protege m\u00e1s dinero del que podr\u00eda proteger cualquier hack.<\/p><p><strong>Verificaci\u00f3n razonablemente justa<\/strong> - puedes verificar cada ronda. Util\u00edzalo para generar confianza en el juego.<\/p>\t\t\t\t\t\t\t\t<\/div>\n\t\t\t\t<\/div>\n\t\t\t\t<div class=\"elementor-element elementor-element-h2hk4 elementor-widget elementor-widget-heading\" data-id=\"h2hk4\" data-element_type=\"widget\" data-e-type=\"widget\" data-widget_type=\"heading.default\">\n\t\t\t\t<div class=\"elementor-widget-container\">\n\t\t\t\t\t<h2 class=\"elementor-heading-title elementor-size-default\">Lo esencial<\/h2>\t\t\t\t<\/div>\n\t\t\t\t<\/div>\n\t\t\t\t<div class=\"elementor-element elementor-element-thk4 elementor-widget elementor-widget-text-editor\" data-id=\"thk4\" data-element_type=\"widget\" data-e-type=\"widget\" data-widget_type=\"text-editor.default\">\n\t\t\t\t<div class=\"elementor-widget-container\">\n\t\t\t\t\t\t\t\t\t<p>Chicken Road no necesita ser pirateado. 98% RTP ya est\u00e1 entre los mejores de cualquier juego de casino. La ventaja viene del juego inteligente. Los jugadores que entienden las probabilidades y gestionan sus fondos superan sistem\u00e1ticamente a los hackers. Siempre.<\/p>\t\t\t\t\t\t\t\t<\/div>\n\t\t\t\t<\/div>\n\t\t\t\t<div class=\"elementor-element elementor-element-thk_cta elementor-widget elementor-widget-text-editor\" data-id=\"thk_cta\" data-element_type=\"widget\" data-e-type=\"widget\" data-widget_type=\"text-editor.default\">\n\t\t\t\t<div class=\"elementor-widget-container\">\n\t\t\t\t\t\t\t\t\t<p><a href=\"https:\/\/chicken-road.online\/es\/\"><strong>Practica la estrategia real con la demo gratuita de Chicken Road<\/strong><\/a><\/p>\t\t\t\t\t\t\t\t<\/div>\n\t\t\t\t<\/div>\n\t\t\t\t\t<\/div>\n\t\t\t\t<\/div>\n\t\t\t\t<\/div>","protected":false},"excerpt":{"rendered":"<p>The truth about Chicken Road hacks and predictors &#8211; and real strategies that do work.<\/p>","protected":false},"author":3,"featured_media":0,"parent":0,"menu_order":0,"comment_status":"closed","ping_status":"closed","template":"","meta":{"footnotes":""},"class_list":["post-727","page","type-page","status-publish","hentry"],"_links":{"self":[{"href":"https:\/\/chicken-road.online\/es\/wp-json\/wp\/v2\/pages\/727","targetHints":{"allow":["GET"]}}],"collection":[{"href":"https:\/\/chicken-road.online\/es\/wp-json\/wp\/v2\/pages"}],"about":[{"href":"https:\/\/chicken-road.online\/es\/wp-json\/wp\/v2\/types\/page"}],"author":[{"embeddable":true,"href":"https:\/\/chicken-road.online\/es\/wp-json\/wp\/v2\/users\/3"}],"replies":[{"embeddable":true,"href":"https:\/\/chicken-road.online\/es\/wp-json\/wp\/v2\/comments?post=727"}],"version-history":[{"count":0,"href":"https:\/\/chicken-road.online\/es\/wp-json\/wp\/v2\/pages\/727\/revisions"}],"wp:attachment":[{"href":"https:\/\/chicken-road.online\/es\/wp-json\/wp\/v2\/media?parent=727"}],"curies":[{"name":"wp","href":"https:\/\/api.w.org\/{rel}","templated":true}]}}