{"id":726,"date":"2026-04-05T21:52:23","date_gmt":"2026-04-05T21:52:23","guid":{"rendered":"https:\/\/chicken-road.online\/en\/chicken-road-1win\/"},"modified":"2026-04-05T21:52:23","modified_gmt":"2026-04-05T21:52:23","slug":"chicken-road-1win","status":"publish","type":"page","link":"https:\/\/chicken-road.online\/es\/chicken-road-1win\/","title":{"rendered":"Chicken Road 1win: C\u00f3mo jugar, registrarse y reclamar su bono"},"content":{"rendered":"<div data-elementor-type=\"wp-page\" data-elementor-id=\"726\" class=\"elementor elementor-726 elementor-bc-flex-widget\" data-elementor-post-type=\"page\">\n\t\t\t\t<div class=\"elementor-element elementor-element-banner_h1w1 e-flex e-con-boxed e-con e-parent\" data-id=\"banner_h1w1\" data-element_type=\"container\" data-e-type=\"container\" data-settings=\"{&quot;background_background&quot;:&quot;classic&quot;}\">\n\t\t\t\t\t<div class=\"e-con-inner\">\n\t\t\t\t<div class=\"elementor-element elementor-element-h1w1 elementor-widget elementor-widget-heading\" data-id=\"h1w1\" data-element_type=\"widget\" data-e-type=\"widget\" data-widget_type=\"heading.default\">\n\t\t\t\t<div class=\"elementor-widget-container\">\n\t\t\t\t\t<h1 class=\"elementor-heading-title elementor-size-default\">Chicken Road en 1win<\/h1>\t\t\t\t<\/div>\n\t\t\t\t<\/div>\n\t\t\t\t<div class=\"elementor-element elementor-element-subw1 elementor-widget elementor-widget-heading\" data-id=\"subw1\" data-element_type=\"widget\" data-e-type=\"widget\" data-widget_type=\"heading.default\">\n\t\t\t\t<div class=\"elementor-widget-container\">\n\t\t\t\t\t<h2 class=\"elementor-heading-title elementor-size-default\">C\u00f3mo jugar, registrarse y reclamar su bonificaci\u00f3n<\/h2>\t\t\t\t<\/div>\n\t\t\t\t<\/div>\n\t\t\t\t\t<\/div>\n\t\t\t\t<\/div>\n\t\t<div class=\"elementor-element elementor-element-content_tw_intro e-flex e-con-boxed e-con e-parent\" data-id=\"content_tw_intro\" data-element_type=\"container\" data-e-type=\"container\">\n\t\t\t\t\t<div class=\"e-con-inner\">\n\t\t\t\t<div class=\"elementor-element elementor-element-tw_intro elementor-widget elementor-widget-text-editor\" data-id=\"tw_intro\" data-element_type=\"widget\" data-e-type=\"widget\" data-widget_type=\"text-editor.default\">\n\t\t\t\t<div class=\"elementor-widget-container\">\n\t\t\t\t\t\t\t\t\t<p><strong>1ganar<\/strong> es una de las principales plataformas en las que Chicken Road est\u00e1 disponible para jugar con dinero real. Con licencia, r\u00e1pido para unirse, bono de bienvenida s\u00f3lido.<\/p>\t\t\t\t\t\t\t\t<\/div>\n\t\t\t\t<\/div>\n\t\t\t\t<div class=\"elementor-element elementor-element-h2w1 elementor-widget elementor-widget-heading\" data-id=\"h2w1\" data-element_type=\"widget\" data-e-type=\"widget\" data-widget_type=\"heading.default\">\n\t\t\t\t<div class=\"elementor-widget-container\">\n\t\t\t\t\t<h2 class=\"elementor-heading-title elementor-size-default\">\u00bfPor qu\u00e9 jugar a Chicken Road en 1win?<\/h2>\t\t\t\t<\/div>\n\t\t\t\t<\/div>\n\t\t\t\t<div class=\"elementor-element elementor-element-tw1 elementor-widget elementor-widget-text-editor\" data-id=\"tw1\" data-element_type=\"widget\" data-e-type=\"widget\" data-widget_type=\"text-editor.default\">\n\t\t\t\t<div class=\"elementor-widget-container\">\n\t\t\t\t\t\t\t\t\t<p>Con licencia y regulado (Cura\u00e7ao). Chicken Road en la secci\u00f3n de choque\/arcade. Bonificaci\u00f3n de bienvenida para nuevos jugadores. Dep\u00f3sitos r\u00e1pidos: tarjeta, cripto, monederos electr\u00f3nicos. Aplicaci\u00f3n m\u00f3vil para iOS y Android. Soporte 24\/7.<\/p>\t\t\t\t\t\t\t\t<\/div>\n\t\t\t\t<\/div>\n\t\t\t\t<div class=\"elementor-element elementor-element-h2w2 elementor-widget elementor-widget-heading\" data-id=\"h2w2\" data-element_type=\"widget\" data-e-type=\"widget\" data-widget_type=\"heading.default\">\n\t\t\t\t<div class=\"elementor-widget-container\">\n\t\t\t\t\t<h2 class=\"elementor-heading-title elementor-size-default\">C\u00f3mo registrarse y empezar a jugar<\/h2>\t\t\t\t<\/div>\n\t\t\t\t<\/div>\n\t\t\t\t<div class=\"elementor-element elementor-element-tw2 elementor-widget elementor-widget-text-editor\" data-id=\"tw2\" data-element_type=\"widget\" data-e-type=\"widget\" data-widget_type=\"text-editor.default\">\n\t\t\t\t<div class=\"elementor-widget-container\">\n\t\t\t\t\t\t\t\t\t<ol><li>Visite el sitio web oficial de 1win<\/li><li>Haga clic en Registrarse - tarda 2 minutos<\/li><li>Verifique su cuenta (correo electr\u00f3nico o SMS)<\/li><li>Hacer un ingreso - m\u00ednimo 20<\/li><li>Buscar Chicken Road en la secci\u00f3n Juegos de Choque o Arcade<\/li><li>Fije su apuesta y dificultad - empiece por F\u00e1cil si es nuevo<\/li><li>Juega y cobra estrat\u00e9gicamente<\/li><\/ol>\t\t\t\t\t\t\t\t<\/div>\n\t\t\t\t<\/div>\n\t\t\t\t<div class=\"elementor-element elementor-element-h2w3 elementor-widget elementor-widget-heading\" data-id=\"h2w3\" data-element_type=\"widget\" data-e-type=\"widget\" data-widget_type=\"heading.default\">\n\t\t\t\t<div class=\"elementor-widget-container\">\n\t\t\t\t\t<h2 class=\"elementor-heading-title elementor-size-default\">Formas de pago en 1win<\/h2>\t\t\t\t<\/div>\n\t\t\t\t<\/div>\n\t\t\t\t<div class=\"elementor-element elementor-element-tw3 elementor-widget elementor-widget-text-editor\" data-id=\"tw3\" data-element_type=\"widget\" data-e-type=\"widget\" data-widget_type=\"text-editor.default\">\n\t\t\t\t<div class=\"elementor-widget-container\">\n\t\t\t\t\t\t\t\t\t<p>Tarjeta de cr\u00e9dito\/d\u00e9bito: ingreso instant\u00e1neo, retirada en 1-3 d\u00edas. Apple Pay \/ Google Pay - dep\u00f3sito instant\u00e1neo. Bitcoin \/ Ethereum - instant\u00e1neo o 1 hora. Skrill \/ Neteller - instant\u00e1neo o 24h. Dep\u00f3sito m\u00ednimo: 20.<\/p>\t\t\t\t\t\t\t\t<\/div>\n\t\t\t\t<\/div>\n\t\t\t\t<div class=\"elementor-element elementor-element-h2w4 elementor-widget elementor-widget-heading\" data-id=\"h2w4\" data-element_type=\"widget\" data-e-type=\"widget\" data-widget_type=\"heading.default\">\n\t\t\t\t<div class=\"elementor-widget-container\">\n\t\t\t\t\t<h2 class=\"elementor-heading-title elementor-size-default\">Consejos para los jugadores de 1win<\/h2>\t\t\t\t<\/div>\n\t\t\t\t<\/div>\n\t\t\t\t<div class=\"elementor-element elementor-element-tw4 elementor-widget elementor-widget-text-editor\" data-id=\"tw4\" data-element_type=\"widget\" data-e-type=\"widget\" data-widget_type=\"text-editor.default\">\n\t\t\t\t<div class=\"elementor-widget-container\">\n\t\t\t\t\t\t\t\t\t<p>Practique con la demo gratuita antes de depositar. Utilice los fondos de bonificaci\u00f3n en dificultad Media para jugar m\u00e1s rondas. Establezca l\u00edmites de sesi\u00f3n antes de empezar. Retire beneficios con regularidad.<\/p>\t\t\t\t\t\t\t\t<\/div>\n\t\t\t\t<\/div>\n\t\t\t\t<div class=\"elementor-element elementor-element-tw_cta elementor-widget elementor-widget-text-editor\" data-id=\"tw_cta\" data-element_type=\"widget\" data-e-type=\"widget\" data-widget_type=\"text-editor.default\">\n\t\t\t\t<div class=\"elementor-widget-container\">\n\t\t\t\t\t\t\t\t\t<p><a href=\"https:\/\/chicken-road.online\/es\/\"><strong>Practica con la demo gratuita de Chicken Road antes de depositar<\/strong><\/a><\/p>\t\t\t\t\t\t\t\t<\/div>\n\t\t\t\t<\/div>\n\t\t\t\t\t<\/div>\n\t\t\t\t<\/div>\n\t\t\t\t<\/div>","protected":false},"excerpt":{"rendered":"<p>Gu\u00eda completa para jugar a Chicken Road en 1win casino.<\/p>","protected":false},"author":3,"featured_media":0,"parent":0,"menu_order":0,"comment_status":"closed","ping_status":"closed","template":"","meta":{"footnotes":""},"class_list":["post-726","page","type-page","status-publish","hentry"],"_links":{"self":[{"href":"https:\/\/chicken-road.online\/es\/wp-json\/wp\/v2\/pages\/726","targetHints":{"allow":["GET"]}}],"collection":[{"href":"https:\/\/chicken-road.online\/es\/wp-json\/wp\/v2\/pages"}],"about":[{"href":"https:\/\/chicken-road.online\/es\/wp-json\/wp\/v2\/types\/page"}],"author":[{"embeddable":true,"href":"https:\/\/chicken-road.online\/es\/wp-json\/wp\/v2\/users\/3"}],"replies":[{"embeddable":true,"href":"https:\/\/chicken-road.online\/es\/wp-json\/wp\/v2\/comments?post=726"}],"version-history":[{"count":0,"href":"https:\/\/chicken-road.online\/es\/wp-json\/wp\/v2\/pages\/726\/revisions"}],"wp:attachment":[{"href":"https:\/\/chicken-road.online\/es\/wp-json\/wp\/v2\/media?parent=726"}],"curies":[{"name":"wp","href":"https:\/\/api.w.org\/{rel}","templated":true}]}}