{"id":725,"date":"2026-04-05T21:52:21","date_gmt":"2026-04-05T21:52:21","guid":{"rendered":"https:\/\/chicken-road.online\/en\/chicken-road-reviews\/"},"modified":"2026-04-06T13:38:55","modified_gmt":"2026-04-06T13:38:55","slug":"revisiones-de-chicken-road","status":"publish","type":"page","link":"https:\/\/chicken-road.online\/es\/revisiones-de-chicken-road\/","title":{"rendered":"Cr\u00edticas de Chicken Road: Lo que dicen los jugadores despu\u00e9s de m\u00e1s de 1.000 rondas"},"content":{"rendered":"<div data-elementor-type=\"wp-page\" data-elementor-id=\"725\" class=\"elementor elementor-725 elementor-bc-flex-widget\" data-elementor-post-type=\"page\">\n\t\t\t\t<div class=\"elementor-element elementor-element-banner_h1r1 e-flex e-con-boxed e-con e-parent\" data-id=\"banner_h1r1\" data-element_type=\"container\" data-e-type=\"container\" data-settings=\"{&quot;background_background&quot;:&quot;classic&quot;}\">\n\t\t\t\t\t<div class=\"e-con-inner\">\n\t\t\t\t<div class=\"elementor-element elementor-element-h1r1 elementor-widget elementor-widget-heading\" data-id=\"h1r1\" data-element_type=\"widget\" data-e-type=\"widget\" data-widget_type=\"heading.default\">\n\t\t\t\t<div class=\"elementor-widget-container\">\n\t\t\t\t\t<h1 class=\"elementor-heading-title elementor-size-default\">Rese\u00f1as de Chicken Road<\/h1>\t\t\t\t<\/div>\n\t\t\t\t<\/div>\n\t\t\t\t<div class=\"elementor-element elementor-element-subr1 elementor-widget elementor-widget-heading\" data-id=\"subr1\" data-element_type=\"widget\" data-e-type=\"widget\" data-widget_type=\"heading.default\">\n\t\t\t\t<div class=\"elementor-widget-container\">\n\t\t\t\t\t<h2 class=\"elementor-heading-title elementor-size-default\">Lo que dicen los jugadores despu\u00e9s de m\u00e1s de 1.000 rondas<\/h2>\t\t\t\t<\/div>\n\t\t\t\t<\/div>\n\t\t\t\t\t<\/div>\n\t\t\t\t<\/div>\n\t\t<div class=\"elementor-element elementor-element-content_tr_intro e-flex e-con-boxed e-con e-parent\" data-id=\"content_tr_intro\" data-element_type=\"container\" data-e-type=\"container\">\n\t\t\t\t\t<div class=\"e-con-inner\">\n\t\t\t\t<div class=\"elementor-element elementor-element-tr_intro elementor-widget elementor-widget-text-editor\" data-id=\"tr_intro\" data-element_type=\"widget\" data-e-type=\"widget\" data-widget_type=\"text-editor.default\">\n\t\t\t\t<div class=\"elementor-widget-container\">\n\t\t\t\t\t\t\t\t\t<p>Antes de poner dinero real en juego, se merece una opini\u00f3n sincera, no una copia de marketing. Esto es lo que piensan los jugadores con experiencia real.<\/p>\t\t\t\t\t\t\t\t<\/div>\n\t\t\t\t<\/div>\n\t\t\t\t<div class=\"elementor-element elementor-element-h2r1 elementor-widget elementor-widget-heading\" data-id=\"h2r1\" data-element_type=\"widget\" data-e-type=\"widget\" data-widget_type=\"heading.default\">\n\t\t\t\t<div class=\"elementor-widget-container\">\n\t\t\t\t\t<h2 class=\"elementor-heading-title elementor-size-default\">Clasificaci\u00f3n general de los jugadores<\/h2>\t\t\t\t<\/div>\n\t\t\t\t<\/div>\n\t\t\t\t<div class=\"elementor-element elementor-element-tr1 elementor-widget elementor-widget-text-editor\" data-id=\"tr1\" data-element_type=\"widget\" data-e-type=\"widget\" data-widget_type=\"text-editor.default\">\n\t\t\t\t<div class=\"elementor-widget-container\">\n\t\t\t\t\t\t\t\t\t<p><strong>Jugabilidad y mec\u00e1nica:<\/strong> 4.8\/5<br><strong>Equidad y RTP:<\/strong> 4.9\/5<br><strong>Experiencia m\u00f3vil:<\/strong> 4.5\/5<br><strong>Factor emoci\u00f3n:<\/strong> 5\/5<br><strong>Profundidad de la estrategia:<\/strong> 4.6\/5<\/p>\t\t\t\t\t\t\t\t<\/div>\n\t\t\t\t<\/div>\n\t\t\t\t<div class=\"elementor-element elementor-element-h2r2 elementor-widget elementor-widget-heading\" data-id=\"h2r2\" data-element_type=\"widget\" data-e-type=\"widget\" data-widget_type=\"heading.default\">\n\t\t\t\t<div class=\"elementor-widget-container\">\n\t\t\t\t\t<h2 class=\"elementor-heading-title elementor-size-default\">Lo que les gusta a los jugadores<\/h2>\t\t\t\t<\/div>\n\t\t\t\t<\/div>\n\t\t\t\t<div class=\"elementor-element elementor-element-tr2 elementor-widget elementor-widget-text-editor\" data-id=\"tr2\" data-element_type=\"widget\" data-e-type=\"widget\" data-widget_type=\"text-editor.default\">\n\t\t\t\t<div class=\"elementor-widget-container\">\n\t\t\t\t\t\t\t\t\t<p><strong>Por fin un juego de choque en el que siento que tengo el control<\/strong><br>Patrick, jugador ocasional: Primero prob\u00e9 Aviator y siempre me parec\u00eda estar mirando una moneda al aire. Chicken Road es diferente: decides activamente despu\u00e9s de cada paso. Dobl\u00e9 mi presupuesto de 50 sesiones tres veces en una semana en modo F\u00e1cil.<\/p><p><strong>El 98% RTP es real - He rastreado 800 rondas<\/strong><br>Dmitri, jugador experimentado: Llev\u00e9 una hoja de c\u00e1lculo para 800 rondas en dificultad Media. Mi rendimiento real fue de 96,8% - lo suficientemente cerca como para creerlo. Este juego se gana su reputaci\u00f3n de equidad.<\/p><p><strong>El m\u00f3vil es suave como la mantequilla<\/strong><br>Bianca, jugadora exclusiva de m\u00f3vil: Juego exclusivamente en el iPhone durante los desplazamientos. Sin lag, sin ca\u00eddas. He tenido sesiones en las que he obtenido 30 beneficios antes de que se parara el tren.<\/p>\t\t\t\t\t\t\t\t<\/div>\n\t\t\t\t<\/div>\n\t\t\t\t<div class=\"elementor-element elementor-element-h2r3 elementor-widget elementor-widget-heading\" data-id=\"h2r3\" data-element_type=\"widget\" data-e-type=\"widget\" data-widget_type=\"heading.default\">\n\t\t\t\t<div class=\"elementor-widget-container\">\n\t\t\t\t\t<h2 class=\"elementor-heading-title elementor-size-default\">Cr\u00edticas honestas<\/h2>\t\t\t\t<\/div>\n\t\t\t\t<\/div>\n\t\t\t\t<div class=\"elementor-element elementor-element-tr3 elementor-widget elementor-widget-text-editor\" data-id=\"tr3\" data-element_type=\"widget\" data-e-type=\"widget\" data-widget_type=\"text-editor.default\">\n\t\t\t\t<div class=\"elementor-widget-container\">\n\t\t\t\t\t\t\t\t\t<p><strong>Sin funci\u00f3n de reproducci\u00f3n autom\u00e1tica<\/strong> - por dise\u00f1o, pero los jugadores pasivos pueden pasarlo por alto.<\/p><p><strong>Hardcore es una trampa para principiantes<\/strong> - los jugadores afirman sistem\u00e1ticamente que sus peores sesiones empezaron cuando se saltaron el nivel F\u00e1cil\/Medio.<\/p><p><strong>Selecci\u00f3n limitada de casinos<\/strong> - principalmente 1win y BDMBet actualmente.<\/p>\t\t\t\t\t\t\t\t<\/div>\n\t\t\t\t<\/div>\n\t\t\t\t<div class=\"elementor-element elementor-element-h2r4 elementor-widget elementor-widget-heading\" data-id=\"h2r4\" data-element_type=\"widget\" data-e-type=\"widget\" data-widget_type=\"heading.default\">\n\t\t\t\t<div class=\"elementor-widget-container\">\n\t\t\t\t\t<h2 class=\"elementor-heading-title elementor-size-default\">Veredicto del experto<\/h2>\t\t\t\t<\/div>\n\t\t\t\t<\/div>\n\t\t\t\t<div class=\"elementor-element elementor-element-tr4 elementor-widget elementor-widget-text-editor\" data-id=\"tr4\" data-element_type=\"widget\" data-e-type=\"widget\" data-widget_type=\"text-editor.default\">\n\t\t\t\t<div class=\"elementor-widget-container\">\n\t\t\t\t\t\t\t\t\t<p>Jugadores estrat\u00e9gicos: Excelente. Jugadores ocasionales en F\u00e1cil: Genial. Grandes apostadores: En Dif\u00edcil, no en Hardcore. Aficionados al juego autom\u00e1tico: este juego requiere una participaci\u00f3n activa.<\/p><p>98% RTP + aut\u00e9ntica profundidad estrat\u00e9gica = una de las mejores opciones de juego de casino disponibles.<\/p>\t\t\t\t\t\t\t\t<\/div>\n\t\t\t\t<\/div>\n\t\t\t\t<div class=\"elementor-element elementor-element-tr_cta elementor-widget elementor-widget-text-editor\" data-id=\"tr_cta\" data-element_type=\"widget\" data-e-type=\"widget\" data-widget_type=\"text-editor.default\">\n\t\t\t\t<div class=\"elementor-widget-container\">\n\t\t\t\t\t\t\t\t\t<p><a href=\"https:\/\/chicken-road.online\/es\/\"><strong>Prueba Chicken Road gratis - sin dep\u00f3sito ni registro<\/strong><\/a><\/p>\t\t\t\t\t\t\t\t<\/div>\n\t\t\t\t<\/div>\n\t\t\t\t\t<\/div>\n\t\t\t\t<\/div>\n\t\t\t\t<\/div>","protected":false},"excerpt":{"rendered":"<p>Cr\u00edticas de jugadores reales de Chicken Road y veredicto de expertos.<\/p>","protected":false},"author":3,"featured_media":0,"parent":0,"menu_order":0,"comment_status":"closed","ping_status":"closed","template":"","meta":{"footnotes":""},"class_list":["post-725","page","type-page","status-publish","hentry"],"_links":{"self":[{"href":"https:\/\/chicken-road.online\/es\/wp-json\/wp\/v2\/pages\/725","targetHints":{"allow":["GET"]}}],"collection":[{"href":"https:\/\/chicken-road.online\/es\/wp-json\/wp\/v2\/pages"}],"about":[{"href":"https:\/\/chicken-road.online\/es\/wp-json\/wp\/v2\/types\/page"}],"author":[{"embeddable":true,"href":"https:\/\/chicken-road.online\/es\/wp-json\/wp\/v2\/users\/3"}],"replies":[{"embeddable":true,"href":"https:\/\/chicken-road.online\/es\/wp-json\/wp\/v2\/comments?post=725"}],"version-history":[{"count":1,"href":"https:\/\/chicken-road.online\/es\/wp-json\/wp\/v2\/pages\/725\/revisions"}],"predecessor-version":[{"id":741,"href":"https:\/\/chicken-road.online\/es\/wp-json\/wp\/v2\/pages\/725\/revisions\/741"}],"wp:attachment":[{"href":"https:\/\/chicken-road.online\/es\/wp-json\/wp\/v2\/media?parent=725"}],"curies":[{"name":"wp","href":"https:\/\/api.w.org\/{rel}","templated":true}]}}