{"id":724,"date":"2026-04-05T21:52:19","date_gmt":"2026-04-05T21:52:19","guid":{"rendered":"https:\/\/chicken-road.online\/en\/chicken-road-demo\/"},"modified":"2026-04-06T13:38:36","modified_gmt":"2026-04-06T13:38:36","slug":"demostracion-de-chicken-road","status":"publish","type":"page","link":"https:\/\/chicken-road.online\/es\/demostracion-de-chicken-road\/","title":{"rendered":"Demostraci\u00f3n de Chicken Road: Juega gratis sin registrarte y sin riesgo"},"content":{"rendered":"<div data-elementor-type=\"wp-page\" data-elementor-id=\"724\" class=\"elementor elementor-724 elementor-bc-flex-widget\" data-elementor-post-type=\"page\">\n\t\t\t\t<div class=\"elementor-element elementor-element-banner_h1d1 e-flex e-con-boxed e-con e-parent\" data-id=\"banner_h1d1\" data-element_type=\"container\" data-e-type=\"container\" data-settings=\"{&quot;background_background&quot;:&quot;classic&quot;}\">\n\t\t\t\t\t<div class=\"e-con-inner\">\n\t\t\t\t<div class=\"elementor-element elementor-element-h1d1 elementor-widget elementor-widget-heading\" data-id=\"h1d1\" data-element_type=\"widget\" data-e-type=\"widget\" data-widget_type=\"heading.default\">\n\t\t\t\t<div class=\"elementor-widget-container\">\n\t\t\t\t\t<h1 class=\"elementor-heading-title elementor-size-default\">Demostraci\u00f3n de la ruta del pollo<\/h1>\t\t\t\t<\/div>\n\t\t\t\t<\/div>\n\t\t\t\t<div class=\"elementor-element elementor-element-subd1 elementor-widget elementor-widget-heading\" data-id=\"subd1\" data-element_type=\"widget\" data-e-type=\"widget\" data-widget_type=\"heading.default\">\n\t\t\t\t<div class=\"elementor-widget-container\">\n\t\t\t\t\t<h2 class=\"elementor-heading-title elementor-size-default\">Jugar gratis - Sin registro, sin dep\u00f3sito, riesgo cero<\/h2>\t\t\t\t<\/div>\n\t\t\t\t<\/div>\n\t\t\t\t\t<\/div>\n\t\t\t\t<\/div>\n\t\t<div class=\"elementor-element elementor-element-content_td_intro e-flex e-con-boxed e-con e-parent\" data-id=\"content_td_intro\" data-element_type=\"container\" data-e-type=\"container\">\n\t\t\t\t\t<div class=\"e-con-inner\">\n\t\t\t\t<div class=\"elementor-element elementor-element-td_intro elementor-widget elementor-widget-text-editor\" data-id=\"td_intro\" data-element_type=\"widget\" data-e-type=\"widget\" data-widget_type=\"text-editor.default\">\n\t\t\t\t<div class=\"elementor-widget-container\">\n\t\t\t\t\t\t\t\t\t<p>En <strong>Demostraci\u00f3n de Chicken Road<\/strong> te permite jugar al juego completo completamente gratis. La misma mec\u00e1nica, los mismos multiplicadores, la misma emoci\u00f3n... con cr\u00e9ditos virtuales en lugar de dinero real.<\/p>\t\t\t\t\t\t\t\t<\/div>\n\t\t\t\t<\/div>\n\t\t\t\t<div class=\"elementor-element elementor-element-h2d1 elementor-widget elementor-widget-heading\" data-id=\"h2d1\" data-element_type=\"widget\" data-e-type=\"widget\" data-widget_type=\"heading.default\">\n\t\t\t\t<div class=\"elementor-widget-container\">\n\t\t\t\t\t<h2 class=\"elementor-heading-title elementor-size-default\">\u00bfQu\u00e9 es la demostraci\u00f3n de la ruta del pollo?<\/h2>\t\t\t\t<\/div>\n\t\t\t\t<\/div>\n\t\t\t\t<div class=\"elementor-element elementor-element-td1 elementor-widget elementor-widget-text-editor\" data-id=\"td1\" data-element_type=\"widget\" data-e-type=\"widget\" data-widget_type=\"text-editor.default\">\n\t\t\t\t<div class=\"elementor-widget-container\">\n\t\t\t\t\t\t\t\t\t<p>La demo es una versi\u00f3n de juego libre con id\u00e9ntica mec\u00e1nica: los mismos 4 niveles de dificultad, el mismo RNG probadamente justo, el mismo sistema multiplicador hasta x3.203.384 en Hardcore. La \u00fanica diferencia es que no puedes retirar las ganancias de la demo. Lo que ganas es experiencia sin riesgo.<\/p>\t\t\t\t\t\t\t\t<\/div>\n\t\t\t\t<\/div>\n\t\t\t\t<div class=\"elementor-element elementor-element-h2d2 elementor-widget elementor-widget-heading\" data-id=\"h2d2\" data-element_type=\"widget\" data-e-type=\"widget\" data-widget_type=\"heading.default\">\n\t\t\t\t<div class=\"elementor-widget-container\">\n\t\t\t\t\t<h2 class=\"elementor-heading-title elementor-size-default\">C\u00f3mo jugar - Paso a paso<\/h2>\t\t\t\t<\/div>\n\t\t\t\t<\/div>\n\t\t\t\t<div class=\"elementor-element elementor-element-td2 elementor-widget elementor-widget-text-editor\" data-id=\"td2\" data-element_type=\"widget\" data-e-type=\"widget\" data-widget_type=\"text-editor.default\">\n\t\t\t\t<div class=\"elementor-widget-container\">\n\t\t\t\t\t\t\t\t\t<ol><li>Visita chicken-road.online y haz clic en Play Demo<\/li><li>No es necesario registrarse: se carga al instante<\/li><li>Elija la dificultad - empiece por F\u00e1cil si es nuevo<\/li><li>Fije la apuesta virtual de 0,10 a 200<\/li><li>Click Play - gu\u00eda a tu gallina a trav\u00e9s de la carretera<\/li><li>Cobrar en el momento justo - o alcanzar el huevo de oro<\/li><\/ol>\t\t\t\t\t\t\t\t<\/div>\n\t\t\t\t<\/div>\n\t\t\t\t<div class=\"elementor-element elementor-element-h2d3 elementor-widget elementor-widget-heading\" data-id=\"h2d3\" data-element_type=\"widget\" data-e-type=\"widget\" data-widget_type=\"heading.default\">\n\t\t\t\t<div class=\"elementor-widget-container\">\n\t\t\t\t\t<h2 class=\"elementor-heading-title elementor-size-default\">Por qu\u00e9 el modo demo es m\u00e1s valioso de lo que cree<\/h2>\t\t\t\t<\/div>\n\t\t\t\t<\/div>\n\t\t\t\t<div class=\"elementor-element elementor-element-td3 elementor-widget elementor-widget-text-editor\" data-id=\"td3\" data-element_type=\"widget\" data-e-type=\"widget\" data-widget_type=\"text-editor.default\">\n\t\t\t\t<div class=\"elementor-widget-container\">\n\t\t\t\t\t\t\t\t\t<p><strong>Aprender la sincronizaci\u00f3n y el ritmo<\/strong> - despu\u00e9s de 20-30 rondas de demostraci\u00f3n, su toma de decisiones se agudiza significativamente.<\/p><p><strong>Pruebe las estrategias de salida de efectivo con seguridad<\/strong> - Realiza un seguimiento de los resultados a lo largo de 50 rondas en objetivos de diferentes pasos. Encuentra tu punto \u00f3ptimo personal sin riesgo financiero.<\/p><p><strong>Comprender cada dificultad<\/strong> - F\u00e1cil es completamente diferente a Dif\u00edcil. Pru\u00e9balos todos antes de gastar dinero real.<\/p>\t\t\t\t\t\t\t\t<\/div>\n\t\t\t\t<\/div>\n\t\t\t\t<div class=\"elementor-element elementor-element-h2d4 elementor-widget elementor-widget-heading\" data-id=\"h2d4\" data-element_type=\"widget\" data-e-type=\"widget\" data-widget_type=\"heading.default\">\n\t\t\t\t<div class=\"elementor-widget-container\">\n\t\t\t\t\t<h2 class=\"elementor-heading-title elementor-size-default\">Cu\u00e1ndo cambiar a dinero real<\/h2>\t\t\t\t<\/div>\n\t\t\t\t<\/div>\n\t\t\t\t<div class=\"elementor-element elementor-element-td4 elementor-widget elementor-widget-text-editor\" data-id=\"td4\" data-element_type=\"widget\" data-e-type=\"widget\" data-widget_type=\"text-editor.default\">\n\t\t\t\t<div class=\"elementor-widget-container\">\n\t\t\t\t\t\t\t\t\t<p>Estar\u00e1 preparado cuando haya jugado m\u00e1s de 50 rondas de demostraci\u00f3n sin quebrarse, tenga una estrategia clara de cobro que siga sistem\u00e1ticamente, se sienta tranquilo al tomar decisiones (sin prisas ni emociones) y tenga un presupuesto con el que se sienta c\u00f3modo perdiendo por completo.<\/p><p>Si sigues persiguiendo un paso m\u00e1s en el modo demo, qu\u00e9date ah\u00ed un poco m\u00e1s. Ese h\u00e1bito sale caro en el juego real.<\/p>\t\t\t\t\t\t\t\t<\/div>\n\t\t\t\t<\/div>\n\t\t\t\t<div class=\"elementor-element elementor-element-td_cta elementor-widget elementor-widget-text-editor\" data-id=\"td_cta\" data-element_type=\"widget\" data-e-type=\"widget\" data-widget_type=\"text-editor.default\">\n\t\t\t\t<div class=\"elementor-widget-container\">\n\t\t\t\t\t\t\t\t\t<p><a href=\"https:\/\/chicken-road.online\/es\/\"><strong>Juega gratis a la demo de Chicken Road - No es necesario registrarse<\/strong><\/a><\/p>\t\t\t\t\t\t\t\t<\/div>\n\t\t\t\t<\/div>\n\t\t\t\t\t<\/div>\n\t\t\t\t<\/div>\n\t\t\t\t<\/div>","protected":false},"excerpt":{"rendered":"<p>Juega gratis a la demo de Chicken Road. No es necesario registrarse.<\/p>","protected":false},"author":3,"featured_media":0,"parent":0,"menu_order":0,"comment_status":"closed","ping_status":"closed","template":"","meta":{"footnotes":""},"class_list":["post-724","page","type-page","status-publish","hentry"],"_links":{"self":[{"href":"https:\/\/chicken-road.online\/es\/wp-json\/wp\/v2\/pages\/724","targetHints":{"allow":["GET"]}}],"collection":[{"href":"https:\/\/chicken-road.online\/es\/wp-json\/wp\/v2\/pages"}],"about":[{"href":"https:\/\/chicken-road.online\/es\/wp-json\/wp\/v2\/types\/page"}],"author":[{"embeddable":true,"href":"https:\/\/chicken-road.online\/es\/wp-json\/wp\/v2\/users\/3"}],"replies":[{"embeddable":true,"href":"https:\/\/chicken-road.online\/es\/wp-json\/wp\/v2\/comments?post=724"}],"version-history":[{"count":1,"href":"https:\/\/chicken-road.online\/es\/wp-json\/wp\/v2\/pages\/724\/revisions"}],"predecessor-version":[{"id":740,"href":"https:\/\/chicken-road.online\/es\/wp-json\/wp\/v2\/pages\/724\/revisions\/740"}],"wp:attachment":[{"href":"https:\/\/chicken-road.online\/es\/wp-json\/wp\/v2\/media?parent=724"}],"curies":[{"name":"wp","href":"https:\/\/api.w.org\/{rel}","templated":true}]}}