{"id":579,"date":"2025-09-13T13:07:47","date_gmt":"2025-09-13T13:07:47","guid":{"rendered":"https:\/\/chicken-road.online\/?page_id=579"},"modified":"2026-04-05T18:54:40","modified_gmt":"2026-04-05T18:54:40","slug":"descargar-el-juego-slot-chicken-road","status":"publish","type":"page","link":"https:\/\/chicken-road.online\/es\/descargar-el-juego-slot-chicken-road\/","title":{"rendered":"Descargar juego Chicken Road - iOS, Android y PC (Gratis)"},"content":{"rendered":"<div data-elementor-type=\"wp-page\" data-elementor-id=\"579\" class=\"elementor elementor-579\" data-elementor-post-type=\"page\">\n\t\t\t\t<div class=\"elementor-element elementor-element-9a73535 e-flex e-con-boxed e-con e-parent\" data-id=\"9a73535\" data-element_type=\"container\" data-e-type=\"container\" data-settings=\"{&quot;background_background&quot;:&quot;classic&quot;}\">\n\t\t\t\t\t<div class=\"e-con-inner\">\n\t\t\t\t<div class=\"elementor-element elementor-element-4f2ef8e elementor-widget elementor-widget-heading\" data-id=\"4f2ef8e\" data-element_type=\"widget\" data-e-type=\"widget\" data-widget_type=\"heading.default\">\n\t\t\t\t<div class=\"elementor-widget-container\">\n\t\t\t\t\t<h1 class=\"elementor-heading-title elementor-size-default\">Descarga el juego Chicken Road<\/h1>\t\t\t\t<\/div>\n\t\t\t\t<\/div>\n\t\t\t\t<div class=\"elementor-element elementor-element-e23fd3b elementor-widget elementor-widget-heading\" data-id=\"e23fd3b\" data-element_type=\"widget\" data-e-type=\"widget\" data-widget_type=\"heading.default\">\n\t\t\t\t<div class=\"elementor-widget-container\">\n\t\t\t\t\t<h2 class=\"elementor-heading-title elementor-size-default\">iOS, Android y PC - Gratis, sin registro<\/h2>\t\t\t\t<\/div>\n\t\t\t\t<\/div>\n\t\t\t\t\t<\/div>\n\t\t\t\t<\/div>\n\t\t<div class=\"elementor-element elementor-element-content_main e-flex e-con-boxed e-con e-parent\" data-id=\"content_main\" data-element_type=\"container\" data-e-type=\"container\">\n\t\t\t\t\t<div class=\"e-con-inner\">\n\t\t\t\t<div class=\"elementor-element elementor-element-intro_text elementor-widget elementor-widget-text-editor\" data-id=\"intro_text\" data-element_type=\"widget\" data-e-type=\"widget\" data-widget_type=\"text-editor.default\">\n\t\t\t\t<div class=\"elementor-widget-container\">\n\t\t\t\t\t\t\t\t\t<p><strong>Camino del Pollo<\/strong> es un juego de choque basado en navegador - no requiere descarga tradicional. Se inicia al instante a trav\u00e9s de cualquier navegador en cualquier dispositivo.<\/p>\t\t\t\t\t\t\t\t<\/div>\n\t\t\t\t<\/div>\n\t\t\t\t<div class=\"elementor-element elementor-element-h2_browser elementor-widget elementor-widget-heading\" data-id=\"h2_browser\" data-element_type=\"widget\" data-e-type=\"widget\" data-widget_type=\"heading.default\">\n\t\t\t\t<div class=\"elementor-widget-container\">\n\t\t\t\t\t<h2 class=\"elementor-heading-title elementor-size-default\">Juega al instante: no necesitas descargar nada<\/h2>\t\t\t\t<\/div>\n\t\t\t\t<\/div>\n\t\t\t\t<div class=\"elementor-element elementor-element-text_browser elementor-widget elementor-widget-text-editor\" data-id=\"text_browser\" data-element_type=\"widget\" data-e-type=\"widget\" data-widget_type=\"text-editor.default\">\n\t\t\t\t<div class=\"elementor-widget-container\">\n\t\t\t\t\t\t\t\t\t<p>La forma m\u00e1s r\u00e1pida de jugar es directamente en tu navegador - <strong>sin descarga ni registro<\/strong>. Funciona en todos los dispositivos: iPhone, Android, Windows, Mac. Desarrollado por HTML5.<\/p><p>\ud83d\udc14 <a href=\"https:\/\/chicken-road.online\/es\/\"><strong>Juega a la demo gratuita de Chicken Road al instante \u2192.<\/strong><\/a><\/p>\t\t\t\t\t\t\t\t<\/div>\n\t\t\t\t<\/div>\n\t\t\t\t<div class=\"elementor-element elementor-element-h2_android elementor-widget elementor-widget-heading\" data-id=\"h2_android\" data-element_type=\"widget\" data-e-type=\"widget\" data-widget_type=\"heading.default\">\n\t\t\t\t<div class=\"elementor-widget-container\">\n\t\t\t\t\t<h2 class=\"elementor-heading-title elementor-size-default\">Chicken Road en Android - A\u00f1adir a la pantalla de inicio<\/h2>\t\t\t\t<\/div>\n\t\t\t\t<\/div>\n\t\t\t\t<div class=\"elementor-element elementor-element-text_android elementor-widget elementor-widget-text-editor\" data-id=\"text_android\" data-element_type=\"widget\" data-e-type=\"widget\" data-widget_type=\"text-editor.default\">\n\t\t\t\t<div class=\"elementor-widget-container\">\n\t\t\t\t\t\t\t\t\t<ol><li>Abrir <strong>chicken-road.online<\/strong> en Chrome<\/li><li>Pulse el men\u00fa de tres puntos (\u22ee) en la parte superior derecha<\/li><li>Seleccione <strong>\u201cA\u00f1adir a pantalla de inicio\u201d<\/strong><\/li><li>Confirmar: el icono de la ruta del pollo aparece en la pantalla de inicio.<\/li><li>Toque para iniciar al instante, a pantalla completa<\/li><\/ol><p>No necesita archivo APK ni Google Play: funciona como una aplicaci\u00f3n nativa.<\/p>\t\t\t\t\t\t\t\t<\/div>\n\t\t\t\t<\/div>\n\t\t\t\t<div class=\"elementor-element elementor-element-h2_ios elementor-widget elementor-widget-heading\" data-id=\"h2_ios\" data-element_type=\"widget\" data-e-type=\"widget\" data-widget_type=\"heading.default\">\n\t\t\t\t<div class=\"elementor-widget-container\">\n\t\t\t\t\t<h2 class=\"elementor-heading-title elementor-size-default\">Chicken Road en iPhone (iOS) - A\u00f1adir a la pantalla de inicio<\/h2>\t\t\t\t<\/div>\n\t\t\t\t<\/div>\n\t\t\t\t<div class=\"elementor-element elementor-element-text_ios elementor-widget elementor-widget-text-editor\" data-id=\"text_ios\" data-element_type=\"widget\" data-e-type=\"widget\" data-widget_type=\"text-editor.default\">\n\t\t\t\t<div class=\"elementor-widget-container\">\n\t\t\t\t\t\t\t\t\t<ol><li>Abrir <strong>chicken-road.online<\/strong> en Safari<\/li><li>Toca el icono Compartir (\ud83d\udce4) en la parte inferior<\/li><li>Seleccione <strong>\u201cA\u00f1adir a la pantalla de inicio\u201d<\/strong><\/li><li>N\u00f3mbralo \u201cChicken Road\u201d y pulsa <strong>A\u00f1adir<\/strong><\/li><li>El icono aparece ahora en tu pantalla de inicio de iOS<\/li><\/ol>\t\t\t\t\t\t\t\t<\/div>\n\t\t\t\t<\/div>\n\t\t\t\t<div class=\"elementor-element elementor-element-h2_pc elementor-widget elementor-widget-heading\" data-id=\"h2_pc\" data-element_type=\"widget\" data-e-type=\"widget\" data-widget_type=\"heading.default\">\n\t\t\t\t<div class=\"elementor-widget-container\">\n\t\t\t\t\t<h2 class=\"elementor-heading-title elementor-size-default\">Chicken Road en PC (Windows y Mac)<\/h2>\t\t\t\t<\/div>\n\t\t\t\t<\/div>\n\t\t\t\t<div class=\"elementor-element elementor-element-text_pc elementor-widget elementor-widget-text-editor\" data-id=\"text_pc\" data-element_type=\"widget\" data-e-type=\"widget\" data-widget_type=\"text-editor.default\">\n\t\t\t\t<div class=\"elementor-widget-container\">\n\t\t\t\t\t\t\t\t\t<ul><li>Utilice <strong>Chrome o Edge<\/strong> para un mejor rendimiento<\/li><li>Marque la p\u00e1gina para acceder a ella al instante<\/li><li>Chrome: Men\u00fa \u2192 <strong>Guardar y compartir \u2192 Crear acceso directo<\/strong> a\u00f1adir al escritorio<\/li><\/ul>\t\t\t\t\t\t\t\t<\/div>\n\t\t\t\t<\/div>\n\t\t\t\t<div class=\"elementor-element elementor-element-h2_casinos elementor-widget elementor-widget-heading\" data-id=\"h2_casinos\" data-element_type=\"widget\" data-e-type=\"widget\" data-widget_type=\"heading.default\">\n\t\t\t\t<div class=\"elementor-widget-container\">\n\t\t\t\t\t<h2 class=\"elementor-heading-title elementor-size-default\">D\u00f3nde jugar a Chicken Road con dinero real<\/h2>\t\t\t\t<\/div>\n\t\t\t\t<\/div>\n\t\t\t\t<div class=\"elementor-element elementor-element-text_casinos elementor-widget elementor-widget-text-editor\" data-id=\"text_casinos\" data-element_type=\"widget\" data-e-type=\"widget\" data-widget_type=\"text-editor.default\">\n\t\t\t\t<div class=\"elementor-widget-container\">\n\t\t\t\t\t\t\t\t\t<p>Chicken Road est\u00e1 disponible en casinos autorizados como <strong>1ganar<\/strong> y <strong>BDMBet<\/strong>. Dep\u00f3sito m\u00ednimo: 20 \u20ac. M\u00e9todos de pago: tarjeta de cr\u00e9dito, Apple Pay, Google Pay, Skrill, Neteller, Bitcoin, Ethereum y m\u00e1s.<\/p>\t\t\t\t\t\t\t\t<\/div>\n\t\t\t\t<\/div>\n\t\t\t\t<div class=\"elementor-element elementor-element-h2_faq elementor-widget elementor-widget-heading\" data-id=\"h2_faq\" data-element_type=\"widget\" data-e-type=\"widget\" data-widget_type=\"heading.default\">\n\t\t\t\t<div class=\"elementor-widget-container\">\n\t\t\t\t\t<h2 class=\"elementor-heading-title elementor-size-default\">Preguntas frecuentes<\/h2>\t\t\t\t<\/div>\n\t\t\t\t<\/div>\n\t\t\t\t<div class=\"elementor-element elementor-element-text_faq elementor-widget elementor-widget-text-editor\" data-id=\"text_faq\" data-element_type=\"widget\" data-e-type=\"widget\" data-widget_type=\"text-editor.default\">\n\t\t\t\t<div class=\"elementor-widget-container\">\n\t\t\t\t\t\t\t\t\t<p><strong>\u00bfExiste un APK oficial de Chicken Road?<\/strong><br>No. Chicken Road est\u00e1 basado en la web - no hay APK oficial. Evita los archivos APK de terceros, pueden contener malware.<\/p><p><strong>\u00bfFunciona Chicken Road sin conexi\u00f3n?<\/strong><br>No, requiere conexi\u00f3n a Internet.<\/p><p><strong>\u00bfLa versi\u00f3n m\u00f3vil es la misma que la de escritorio?<\/strong><br>S\u00ed. El mismo juego, la misma mec\u00e1nica, el mismo 98% RTP. Totalmente optimizado para ser t\u00e1ctil.<\/p><p><strong>\u00bfPuedo jugar gratis en el m\u00f3vil?<\/strong><br>S\u00ed. La demo funciona en todos los navegadores m\u00f3viles, sin necesidad de cuenta ni dep\u00f3sito.<\/p>\t\t\t\t\t\t\t\t<\/div>\n\t\t\t\t<\/div>\n\t\t\t\t<div class=\"elementor-element elementor-element-cta_bottom elementor-widget elementor-widget-text-editor\" data-id=\"cta_bottom\" data-element_type=\"widget\" data-e-type=\"widget\" data-widget_type=\"text-editor.default\">\n\t\t\t\t<div class=\"elementor-widget-container\">\n\t\t\t\t\t\t\t\t\t<p style=\"text-align:center\">\ud83d\udc14 <a href=\"https:\/\/chicken-road.online\/es\/\"><strong>Prueba Chicken Road gratis - Juega a la demo ahora \u2192.<\/strong><\/a><\/p>\t\t\t\t\t\t\t\t<\/div>\n\t\t\t\t<\/div>\n\t\t\t\t\t<\/div>\n\t\t\t\t<\/div>\n\t\t\t\t<\/div>","protected":false},"excerpt":{"rendered":"<p>Chicken Road is a browser-based crash game \u2014 no download required. Play instantly in your browser on any device. Play Instantly \u2014 No Download Needed Works on all devices via HTML5. Play Chicken Road Free Demo \u2192 Android \u2014 Add to Home Screen Open chicken-road.online in Chrome Tap \u22ee menu \u2192 &#8220;Add to Home screen&#8221; [&hellip;]<\/p>\n","protected":false},"author":1,"featured_media":0,"parent":0,"menu_order":0,"comment_status":"closed","ping_status":"closed","template":"elementor_header_footer","meta":{"footnotes":""},"class_list":["post-579","page","type-page","status-publish","hentry"],"_links":{"self":[{"href":"https:\/\/chicken-road.online\/es\/wp-json\/wp\/v2\/pages\/579","targetHints":{"allow":["GET"]}}],"collection":[{"href":"https:\/\/chicken-road.online\/es\/wp-json\/wp\/v2\/pages"}],"about":[{"href":"https:\/\/chicken-road.online\/es\/wp-json\/wp\/v2\/types\/page"}],"author":[{"embeddable":true,"href":"https:\/\/chicken-road.online\/es\/wp-json\/wp\/v2\/users\/1"}],"replies":[{"embeddable":true,"href":"https:\/\/chicken-road.online\/es\/wp-json\/wp\/v2\/comments?post=579"}],"version-history":[{"count":42,"href":"https:\/\/chicken-road.online\/es\/wp-json\/wp\/v2\/pages\/579\/revisions"}],"predecessor-version":[{"id":710,"href":"https:\/\/chicken-road.online\/es\/wp-json\/wp\/v2\/pages\/579\/revisions\/710"}],"wp:attachment":[{"href":"https:\/\/chicken-road.online\/es\/wp-json\/wp\/v2\/media?parent=579"}],"curies":[{"name":"wp","href":"https:\/\/api.w.org\/{rel}","templated":true}]}}